{"id":41159,"date":"2024-07-24T09:24:24","date_gmt":"2024-07-24T09:24:24","guid":{"rendered":"https:\/\/www.customywear.com\/?post_type=product&#038;p=41159"},"modified":"2026-05-05T20:23:27","modified_gmt":"2026-05-05T20:23:27","slug":"t-shirt-araignee-femelle","status":"publish","type":"product","link":"https:\/\/www.customywear.com\/fr\/female-spider-tee\/","title":{"rendered":"Femelle De Super-H\u00e9ros De Tee \u2013 Shirts Personnalis\u00e9s Araign\u00e9e De Super-H\u00e9ros \u00c0 La Mode Tee"},"content":{"rendered":"<p>T-shirts super-h\u00e9ros f\u00e9minins \u2013 T-shirt tendance super-h\u00e9ros araign\u00e9e personnalis\u00e9 : Affichez votre style de super-h\u00e9ro\u00efne avec nos t-shirts super-h\u00e9ros f\u00e9minins \u2013 T-shirt tendance super-h\u00e9ros araign\u00e9e personnalis\u00e9 ! Ce t-shirt personnalis\u00e9 arbore un motif de super-h\u00e9ros inspir\u00e9 de votre photo, imprim\u00e9 sur du coton 100 % doux gr\u00e2ce \u00e0 la technologie DTG de haute qualit\u00e9. Avec sa coupe standard et son style unisexe, il est parfait au quotidien. Nos artistes talentueux ont cr\u00e9\u00e9 un motif de super-h\u00e9ros vibrant et personnalis\u00e9, \u00e0 la fois \u00e9l\u00e9gant et unique.<\/p>","protected":false},"excerpt":{"rendered":"<p>Empower avec des tee-shirts de super-h\u00e9ros f\u00e9minins. Les t-shirts de mode personnalis\u00e9s de super-h\u00e9ros d'araign\u00e9e transforment n'importe quelle photo en un t-shirt audacieux et \u00e9l\u00e9gant.<\/p>","protected":false},"featured_media":135223,"comment_status":"open","ping_status":"closed","template":"","meta":{"_acf_changed":false},"product_brand":[],"product_cat":[6191,6151,6412,515,6428,75],"product_tag":[6214,6433,6328,229,6215],"class_list":{"0":"post-41159","1":"product","2":"type-product","3":"status-publish","4":"has-post-thumbnail","6":"product_cat-t-shirts-women","7":"product_cat-custom-gifts-spiderman","8":"product_cat-photo-to-tees","9":"product_cat-superhero","10":"product_cat-translate-products","11":"product_cat-women","12":"product_tag-affordable-custom-t-shirts","13":"product_tag-ai-artwork","14":"product_tag-custom-image-t-shirt-for-women","15":"product_tag-custom-tee-shirts","16":"product_tag-screen-printing-near-me","18":"first","19":"instock","20":"taxable","21":"shipping-taxable","22":"purchasable","23":"product-type-simple"},"acf":[],"wcpa_form_fields":null,"_links":{"self":[{"href":"https:\/\/www.customywear.com\/fr\/wp-json\/wp\/v2\/product\/41159","targetHints":{"allow":["GET"]}}],"collection":[{"href":"https:\/\/www.customywear.com\/fr\/wp-json\/wp\/v2\/product"}],"about":[{"href":"https:\/\/www.customywear.com\/fr\/wp-json\/wp\/v2\/types\/product"}],"replies":[{"embeddable":true,"href":"https:\/\/www.customywear.com\/fr\/wp-json\/wp\/v2\/comments?post=41159"}],"wp:featuredmedia":[{"embeddable":true,"href":"https:\/\/www.customywear.com\/fr\/wp-json\/wp\/v2\/media\/135223"}],"wp:attachment":[{"href":"https:\/\/www.customywear.com\/fr\/wp-json\/wp\/v2\/media?parent=41159"}],"wp:term":[{"taxonomy":"product_brand","embeddable":true,"href":"https:\/\/www.customywear.com\/fr\/wp-json\/wp\/v2\/product_brand?post=41159"},{"taxonomy":"product_cat","embeddable":true,"href":"https:\/\/www.customywear.com\/fr\/wp-json\/wp\/v2\/product_cat?post=41159"},{"taxonomy":"product_tag","embeddable":true,"href":"https:\/\/www.customywear.com\/fr\/wp-json\/wp\/v2\/product_tag?post=41159"}],"curies":[{"name":"wp","href":"https:\/\/api.w.org\/{rel}","templated":true}]}}