{"id":41201,"date":"2024-07-24T09:25:22","date_gmt":"2024-07-24T09:25:22","guid":{"rendered":"https:\/\/www.customywear.com\/?post_type=product&#038;p=41201"},"modified":"2026-05-07T15:29:44","modified_gmt":"2026-05-07T15:29:44","slug":"vetements-de-super-heros-araignee-pour-jeunes","status":"publish","type":"product","link":"https:\/\/www.customywear.com\/fr\/youth-spider-superhero-clothing\/","title":{"rendered":"Les Jeunes Super-H\u00e9ros T-Shirt Personnalis\u00e9 Araign\u00e9e De Super-H\u00e9ros De V\u00eatements"},"content":{"rendered":"<p>T-shirt Super-h\u00e9ros Jeune \u2013 V\u00eatements Super-h\u00e9ros Araign\u00e9e Personnalis\u00e9s : Donnez du peps \u00e0 votre jeunesse avec notre t-shirt Super-h\u00e9ros Jeune \u2013 V\u00eatements Super-h\u00e9ros Araign\u00e9e Personnalis\u00e9s ! Ce t-shirt personnalis\u00e9 arbore un motif de super-h\u00e9ros inspir\u00e9 d&#039;une photo, imprim\u00e9 sur un coton 100 % doux gr\u00e2ce \u00e0 la technologie DTG de haute qualit\u00e9. Sa coupe standard et son style unisexe offrent un confort optimal, chaque t-shirt \u00e9tant confectionn\u00e9 avec soin pour afficher un motif de super-h\u00e9ros dynamique et personnalis\u00e9 qui c\u00e9l\u00e8bre leur jeunesse.<\/p>","protected":false},"excerpt":{"rendered":"<p>Transformez le style des jeunes avec un t-shirt de super-h\u00e9ros pour les jeunes. Les v\u00eatements personnalis\u00e9s de super-h\u00e9ros d'araign\u00e9e transforment n'importe quelle photo en un t-shirt audacieux et unique en son genre.<\/p>","protected":false},"featured_media":135190,"comment_status":"open","ping_status":"closed","template":"","meta":{"_acf_changed":false},"product_brand":[],"product_cat":[6189,157,496,6151,6412,515,6428,58],"product_tag":[6433,6439,6221,6330],"class_list":{"0":"post-41201","1":"product","2":"type-product","3":"status-publish","4":"has-post-thumbnail","6":"product_cat-boys-t-shirts","7":"product_cat-best-sellers","8":"product_cat-birthday","9":"product_cat-custom-gifts-spiderman","10":"product_cat-photo-to-tees","11":"product_cat-superhero","12":"product_cat-translate-products","13":"product_cat-youth-kids","14":"product_tag-ai-artwork","15":"product_tag-ai-kids-artwork","16":"product_tag-custom-t-shirts-near-me","17":"product_tag-photo-print-t-shirt-for-boys","19":"first","20":"instock","21":"taxable","22":"shipping-taxable","23":"purchasable","24":"product-type-simple"},"acf":[],"wcpa_form_fields":null,"_links":{"self":[{"href":"https:\/\/www.customywear.com\/fr\/wp-json\/wp\/v2\/product\/41201","targetHints":{"allow":["GET"]}}],"collection":[{"href":"https:\/\/www.customywear.com\/fr\/wp-json\/wp\/v2\/product"}],"about":[{"href":"https:\/\/www.customywear.com\/fr\/wp-json\/wp\/v2\/types\/product"}],"replies":[{"embeddable":true,"href":"https:\/\/www.customywear.com\/fr\/wp-json\/wp\/v2\/comments?post=41201"}],"wp:featuredmedia":[{"embeddable":true,"href":"https:\/\/www.customywear.com\/fr\/wp-json\/wp\/v2\/media\/135190"}],"wp:attachment":[{"href":"https:\/\/www.customywear.com\/fr\/wp-json\/wp\/v2\/media?parent=41201"}],"wp:term":[{"taxonomy":"product_brand","embeddable":true,"href":"https:\/\/www.customywear.com\/fr\/wp-json\/wp\/v2\/product_brand?post=41201"},{"taxonomy":"product_cat","embeddable":true,"href":"https:\/\/www.customywear.com\/fr\/wp-json\/wp\/v2\/product_cat?post=41201"},{"taxonomy":"product_tag","embeddable":true,"href":"https:\/\/www.customywear.com\/fr\/wp-json\/wp\/v2\/product_tag?post=41201"}],"curies":[{"name":"wp","href":"https:\/\/api.w.org\/{rel}","templated":true}]}}