{"id":41240,"date":"2024-07-24T09:26:14","date_gmt":"2024-07-24T09:26:14","guid":{"rendered":"https:\/\/www.customywear.com\/?post_type=product&#038;p=41240"},"modified":"2026-05-07T15:29:43","modified_gmt":"2026-05-07T15:29:43","slug":"t-shirt-de-super-heros-araignee-pour-tout-petit","status":"publish","type":"product","link":"https:\/\/www.customywear.com\/fr\/toddler-spider-superhero-shirt\/","title":{"rendered":"T-shirt personnalis\u00e9 pour petite fille \u2013 T-shirt super-h\u00e9ros araign\u00e9e personnalis\u00e9"},"content":{"rendered":"<p>T-shirt personnalis\u00e9 pour petite fille \u2013 T-shirt super-h\u00e9ros araign\u00e9e personnalis\u00e9 : Offrez \u00e0 votre petite fille un moment magique avec notre t-shirt super-h\u00e9ros araign\u00e9e personnalis\u00e9 ! Ce t-shirt personnalis\u00e9 arbore un motif de super-h\u00e9ros \u00e9clatant inspir\u00e9 de sa photo, imprim\u00e9 sur un coton 100 % doux gr\u00e2ce \u00e0 la technologie DTG de haute qualit\u00e9. Sa coupe standard et son style unisexe garantissent le confort des tout-petits, chaque t-shirt \u00e9tant con\u00e7u avec un motif de super-h\u00e9ros unique qui donne vie \u00e0 son personnage pr\u00e9f\u00e9r\u00e9.<\/p>","protected":false},"excerpt":{"rendered":"<p>Personnalisez les petits h\u00e9ros avec un t-shirt personnalis\u00e9 pour toute petite fille. Les chemises de super-h\u00e9ros d'araign\u00e9e personnalis\u00e9es transforment n'importe quelle photo en un t-shirt unique en son genre.<\/p>","protected":false},"featured_media":135156,"comment_status":"open","ping_status":"closed","template":"","meta":{"_acf_changed":false},"product_brand":[],"product_cat":[6207,6151,6412,6428],"product_tag":[6433,6439,6221],"class_list":{"0":"post-41240","1":"product","2":"type-product","3":"status-publish","4":"has-post-thumbnail","6":"product_cat-toddler-girl-t-shirts","7":"product_cat-custom-gifts-spiderman","8":"product_cat-photo-to-tees","9":"product_cat-translate-products","10":"product_tag-ai-artwork","11":"product_tag-ai-kids-artwork","12":"product_tag-custom-t-shirts-near-me","14":"first","15":"instock","16":"taxable","17":"shipping-taxable","18":"purchasable","19":"product-type-simple"},"acf":[],"wcpa_form_fields":null,"_links":{"self":[{"href":"https:\/\/www.customywear.com\/fr\/wp-json\/wp\/v2\/product\/41240","targetHints":{"allow":["GET"]}}],"collection":[{"href":"https:\/\/www.customywear.com\/fr\/wp-json\/wp\/v2\/product"}],"about":[{"href":"https:\/\/www.customywear.com\/fr\/wp-json\/wp\/v2\/types\/product"}],"replies":[{"embeddable":true,"href":"https:\/\/www.customywear.com\/fr\/wp-json\/wp\/v2\/comments?post=41240"}],"wp:featuredmedia":[{"embeddable":true,"href":"https:\/\/www.customywear.com\/fr\/wp-json\/wp\/v2\/media\/135156"}],"wp:attachment":[{"href":"https:\/\/www.customywear.com\/fr\/wp-json\/wp\/v2\/media?parent=41240"}],"wp:term":[{"taxonomy":"product_brand","embeddable":true,"href":"https:\/\/www.customywear.com\/fr\/wp-json\/wp\/v2\/product_brand?post=41240"},{"taxonomy":"product_cat","embeddable":true,"href":"https:\/\/www.customywear.com\/fr\/wp-json\/wp\/v2\/product_cat?post=41240"},{"taxonomy":"product_tag","embeddable":true,"href":"https:\/\/www.customywear.com\/fr\/wp-json\/wp\/v2\/product_tag?post=41240"}],"curies":[{"name":"wp","href":"https:\/\/api.w.org\/{rel}","templated":true}]}}