{"id":41241,"date":"2024-07-24T09:26:15","date_gmt":"2024-07-24T09:26:15","guid":{"rendered":"https:\/\/www.customywear.com\/?post_type=product&#038;p=41241"},"modified":"2026-05-07T15:29:43","modified_gmt":"2026-05-07T15:29:43","slug":"t-shirt-de-super-heros-araignee-pour-fille","status":"publish","type":"product","link":"https:\/\/www.customywear.com\/fr\/girls-spider-superhero-shirt\/","title":{"rendered":"T-shirt personnalis\u00e9 pour fille \u2013 T-shirt de super-h\u00e9ros Spider Art personnalis\u00e9"},"content":{"rendered":"<p>T-shirt personnalis\u00e9 pour fille \u2013 T-shirt super-h\u00e9ros Spider Art personnalis\u00e9 : Donnez du pouvoir \u00e0 votre petite super-h\u00e9ro\u00efne avec notre t-shirt personnalis\u00e9 pour fille \u2013 T-shirt super-h\u00e9ros Spider Art personnalis\u00e9 ! Ce t-shirt personnalis\u00e9 arbore un motif de super-h\u00e9ro\u00efne inspir\u00e9 de sa photo, imprim\u00e9 sur un coton 100 % doux gr\u00e2ce \u00e0 la technologie DTG de haute qualit\u00e9. Sa coupe standard et son style unisexe offrent un confort optimal pour les aventures du quotidien. Chaque t-shirt est confectionn\u00e9 de mani\u00e8re unique avec un motif de super-h\u00e9ro\u00efne personnalis\u00e9 et \u00e9clatant qui la d\u00e9marquera.<\/p>","protected":false},"excerpt":{"rendered":"<p>Donnez aux jeunes filles un t-shirt personnalis\u00e9 pour les filles. Les chemises personnalis\u00e9es de super-h\u00e9ros d'art d'araign\u00e9e transforment n'importe quelle photo en un t-shirt amusant et unique.<\/p>","protected":false},"featured_media":135135,"comment_status":"open","ping_status":"closed","template":"","meta":{"_acf_changed":false},"product_brand":[],"product_cat":[6193,496,6151,152,6412,515,6428],"product_tag":[6433,6439,6331,6221],"class_list":{"0":"post-41241","1":"product","2":"type-product","3":"status-publish","4":"has-post-thumbnail","6":"product_cat-girls-t-shirts","7":"product_cat-birthday","8":"product_cat-custom-gifts-spiderman","9":"product_cat-girls","10":"product_cat-photo-to-tees","11":"product_cat-superhero","12":"product_cat-translate-products","13":"product_tag-ai-artwork","14":"product_tag-ai-kids-artwork","15":"product_tag-custom-picture-t-shirt-for-girls","16":"product_tag-custom-t-shirts-near-me","18":"first","19":"instock","20":"taxable","21":"shipping-taxable","22":"purchasable","23":"product-type-simple"},"acf":[],"wcpa_form_fields":null,"_links":{"self":[{"href":"https:\/\/www.customywear.com\/fr\/wp-json\/wp\/v2\/product\/41241","targetHints":{"allow":["GET"]}}],"collection":[{"href":"https:\/\/www.customywear.com\/fr\/wp-json\/wp\/v2\/product"}],"about":[{"href":"https:\/\/www.customywear.com\/fr\/wp-json\/wp\/v2\/types\/product"}],"replies":[{"embeddable":true,"href":"https:\/\/www.customywear.com\/fr\/wp-json\/wp\/v2\/comments?post=41241"}],"wp:featuredmedia":[{"embeddable":true,"href":"https:\/\/www.customywear.com\/fr\/wp-json\/wp\/v2\/media\/135135"}],"wp:attachment":[{"href":"https:\/\/www.customywear.com\/fr\/wp-json\/wp\/v2\/media?parent=41241"}],"wp:term":[{"taxonomy":"product_brand","embeddable":true,"href":"https:\/\/www.customywear.com\/fr\/wp-json\/wp\/v2\/product_brand?post=41241"},{"taxonomy":"product_cat","embeddable":true,"href":"https:\/\/www.customywear.com\/fr\/wp-json\/wp\/v2\/product_cat?post=41241"},{"taxonomy":"product_tag","embeddable":true,"href":"https:\/\/www.customywear.com\/fr\/wp-json\/wp\/v2\/product_tag?post=41241"}],"curies":[{"name":"wp","href":"https:\/\/api.w.org\/{rel}","templated":true}]}}