{"id":42490,"date":"2024-09-11T15:27:47","date_gmt":"2024-09-11T15:27:47","guid":{"rendered":"https:\/\/www.customywear.com\/?post_type=product&#038;p=42490"},"modified":"2026-05-05T20:24:06","modified_gmt":"2026-05-05T20:24:06","slug":"t-shirt-guitare-homme","status":"publish","type":"product","link":"https:\/\/www.customywear.com\/fr\/guitar-t-shirt-men\/","title":{"rendered":"T-shirt guitare \u2013 T-shirt guitare personnalis\u00e9 pour homme"},"content":{"rendered":"<p>T-shirt Guitare \u2013 Sublimez votre style avec notre t-shirt Guitare personnalis\u00e9 pour homme, transformant vos photos pr\u00e9f\u00e9r\u00e9es en une \u0153uvre d&#039;art unique. Confectionn\u00e9 en 100 % coton doux, ce t-shirt Guitare personnalis\u00e9 offre un confort exceptionnel et une qualit\u00e9 premium pour une durabilit\u00e9 optimale. Sa coupe standard le rend id\u00e9al au quotidien, tandis que son design unisexe convient \u00e0 tous. Profitez de designs \u00e9clatants et durables gr\u00e2ce \u00e0 l&#039;impression DTG haute qualit\u00e9 et mettez en valeur votre \u0153uvre d&#039;art num\u00e9rique personnalis\u00e9e \u00e0 chaque utilisation.<\/p>","protected":false},"excerpt":{"rendered":"<p>Rock out avec un t-shirt de guitare. Les t-shirts de guitare personnalis\u00e9s pour les hommes transforment n'importe quelle photo en un t-shirt audacieux et unique en son genre.<\/p>","protected":false},"featured_media":95462,"comment_status":"open","ping_status":"closed","template":"","meta":{"_acf_changed":false},"product_brand":[],"product_cat":[6195,6123,186,6340,1582,6412,6428],"product_tag":[6433,6327,6216,6219,6220],"class_list":{"0":"post-42490","1":"product","2":"type-product","3":"status-publish","4":"has-post-thumbnail","6":"product_cat-t-shirts-men","7":"product_cat-custom-gifts-ai-guitar","8":"product_cat-men","9":"product_cat-mens-music-t-shirts","10":"product_cat-music","11":"product_cat-photo-to-tees","12":"product_cat-translate-products","13":"product_tag-ai-artwork","14":"product_tag-custom-photo-t-shirt-for-men","15":"product_tag-mens-custom-t-shirts","16":"product_tag-order-custom-shirts","17":"product_tag-t-shirt-printing-near-me","19":"first","20":"instock","21":"taxable","22":"shipping-taxable","23":"purchasable","24":"product-type-simple"},"acf":[],"wcpa_form_fields":null,"_links":{"self":[{"href":"https:\/\/www.customywear.com\/fr\/wp-json\/wp\/v2\/product\/42490","targetHints":{"allow":["GET"]}}],"collection":[{"href":"https:\/\/www.customywear.com\/fr\/wp-json\/wp\/v2\/product"}],"about":[{"href":"https:\/\/www.customywear.com\/fr\/wp-json\/wp\/v2\/types\/product"}],"replies":[{"embeddable":true,"href":"https:\/\/www.customywear.com\/fr\/wp-json\/wp\/v2\/comments?post=42490"}],"wp:featuredmedia":[{"embeddable":true,"href":"https:\/\/www.customywear.com\/fr\/wp-json\/wp\/v2\/media\/95462"}],"wp:attachment":[{"href":"https:\/\/www.customywear.com\/fr\/wp-json\/wp\/v2\/media?parent=42490"}],"wp:term":[{"taxonomy":"product_brand","embeddable":true,"href":"https:\/\/www.customywear.com\/fr\/wp-json\/wp\/v2\/product_brand?post=42490"},{"taxonomy":"product_cat","embeddable":true,"href":"https:\/\/www.customywear.com\/fr\/wp-json\/wp\/v2\/product_cat?post=42490"},{"taxonomy":"product_tag","embeddable":true,"href":"https:\/\/www.customywear.com\/fr\/wp-json\/wp\/v2\/product_tag?post=42490"}],"curies":[{"name":"wp","href":"https:\/\/api.w.org\/{rel}","templated":true}]}}