{"id":42545,"date":"2024-09-11T15:29:45","date_gmt":"2024-09-11T15:29:45","guid":{"rendered":"https:\/\/www.customywear.com\/?post_type=product&#038;p=42545"},"modified":"2026-05-07T15:29:43","modified_gmt":"2026-05-07T15:29:43","slug":"t-shirt-guitare-niece","status":"publish","type":"product","link":"https:\/\/www.customywear.com\/fr\/guitar-t-shirt-niece\/","title":{"rendered":"T-shirts personnalis\u00e9s pour guitaristes \u2013 T-shirt guitare pour ni\u00e8ce \u2013 T-shirt inspiration musicale pour jeunes enfants"},"content":{"rendered":"<p>T-shirts personnalis\u00e9s pour guitaristes \u2013 Faites plaisir \u00e0 votre ni\u00e8ce avec notre t-shirt guitare pour ni\u00e8ce, au design unique r\u00e9alis\u00e9 \u00e0 partir de vos photos. Ce t-shirt pour guitaristes est fabriqu\u00e9 en 100 % coton doux pour un confort optimal et une qualit\u00e9 premium pour une tenue longue dur\u00e9e. Avec sa coupe standard et son design unisexe, il est id\u00e9al au quotidien. Profitez d&#039;impressions vibrantes et durables gr\u00e2ce \u00e0 l&#039;impression DTG haute qualit\u00e9 et \u00e0 la personnalisation de vos cr\u00e9ations num\u00e9riques.<\/p>","protected":false},"excerpt":{"rendered":"<p>Inspirez les jeunes musiciens avec des t-shirts personnalis\u00e9s pour les guitaristes. Les t-shirts de guitare pour ni\u00e8ces transforment n'importe quelle photo en un t-shirt unique en son genre sur le th\u00e8me de la musique.<\/p>","protected":false},"featured_media":95526,"comment_status":"open","ping_status":"closed","template":"","meta":{"_acf_changed":false},"product_brand":[],"product_cat":[6193,6123,6412,6428],"product_tag":[6433,6439,6331,6221],"class_list":{"0":"post-42545","1":"product","2":"type-product","3":"status-publish","4":"has-post-thumbnail","6":"product_cat-girls-t-shirts","7":"product_cat-custom-gifts-ai-guitar","8":"product_cat-photo-to-tees","9":"product_cat-translate-products","10":"product_tag-ai-artwork","11":"product_tag-ai-kids-artwork","12":"product_tag-custom-picture-t-shirt-for-girls","13":"product_tag-custom-t-shirts-near-me","15":"first","16":"instock","17":"taxable","18":"shipping-taxable","19":"purchasable","20":"product-type-simple"},"acf":[],"wcpa_form_fields":null,"_links":{"self":[{"href":"https:\/\/www.customywear.com\/fr\/wp-json\/wp\/v2\/product\/42545","targetHints":{"allow":["GET"]}}],"collection":[{"href":"https:\/\/www.customywear.com\/fr\/wp-json\/wp\/v2\/product"}],"about":[{"href":"https:\/\/www.customywear.com\/fr\/wp-json\/wp\/v2\/types\/product"}],"replies":[{"embeddable":true,"href":"https:\/\/www.customywear.com\/fr\/wp-json\/wp\/v2\/comments?post=42545"}],"wp:featuredmedia":[{"embeddable":true,"href":"https:\/\/www.customywear.com\/fr\/wp-json\/wp\/v2\/media\/95526"}],"wp:attachment":[{"href":"https:\/\/www.customywear.com\/fr\/wp-json\/wp\/v2\/media?parent=42545"}],"wp:term":[{"taxonomy":"product_brand","embeddable":true,"href":"https:\/\/www.customywear.com\/fr\/wp-json\/wp\/v2\/product_brand?post=42545"},{"taxonomy":"product_cat","embeddable":true,"href":"https:\/\/www.customywear.com\/fr\/wp-json\/wp\/v2\/product_cat?post=42545"},{"taxonomy":"product_tag","embeddable":true,"href":"https:\/\/www.customywear.com\/fr\/wp-json\/wp\/v2\/product_tag?post=42545"}],"curies":[{"name":"wp","href":"https:\/\/api.w.org\/{rel}","templated":true}]}}