{"id":7243,"date":"2024-09-27T07:25:56","date_gmt":"2024-09-27T07:25:56","guid":{"rendered":"https:\/\/www.customywear.com\/?page_id=7243"},"modified":"2024-10-15T15:35:53","modified_gmt":"2024-10-15T15:35:53","slug":"gyik","status":"publish","type":"page","link":"https:\/\/www.customywear.com\/hu\/faqs\/","title":{"rendered":"Gyik"},"content":{"rendered":"<h2 class=\"wp-block-heading alignfull has-text-align-center has-white-color has-text-color has-background has-link-color wp-elements-acc56bf3ea8d88e38c69b4c747345d3b\" style=\"background:linear-gradient(180deg,rgb(35,154,221) 0%,rgb(30,59,102) 100%)\">Gyik<\/h2>\n\n\n<div id=\"rank-math-faq\" class=\"rank-math-block\">\n<div class=\"rank-math-list\">\n<div id=\"faq-question-1729006435376\" class=\"rank-math-list-item\">\n<h3 class=\"rank-math-question\"><a>Hogyan rendelhetek egyedi term\u00e9keket?<\/a><\/h3>\n<div class=\"rank-math-answer\">\n\n<p>B\u00f6ng\u00e9sszen kollekci\u00f3ink k\u00f6z\u00f6tt, \u00e9s v\u00e1lassza ki a k\u00edv\u00e1nt term\u00e9ket. A term\u00e9koldalon v\u00e1lassza ki a term\u00e9k m\u00e9ret\u00e9t, sz\u00edn\u00e9t, t\u00f6ltse fel a fot\u00f3j\u00e1t, \u00e9s adjon meg b\u00e1rmilyen le\u00edr\u00e1st (pl. egyedi sz\u00f6vegek, bet\u0171t\u00edpus neve stb.). Ha szeretn\u00e9, \u00e9s v\u00e1s\u00e1rol, e-mailben \u00e9rtes\u00edtj\u00fck a rendel\u00e9s friss\u00edt\u00e9seir\u0151l.<\/p>\n\n<\/div>\n<\/div>\n<div id=\"faq-question-1729006444323\" class=\"rank-math-list-item\">\n<h3 class=\"rank-math-question\"><a>Mennyi a sz\u00e1ll\u00edt\u00e1si k\u00f6lts\u00e9g \u00e9s a sz\u00e1ll\u00edt\u00e1si id\u0151?<\/a><\/h3>\n<div class=\"rank-math-answer\">\n\n<p>B\u00f6ng\u00e9sszen kollekci\u00f3ink k\u00f6z\u00f6tt, \u00e9s v\u00e1lassza ki a k\u00edv\u00e1nt term\u00e9ket. A term\u00e9koldalon v\u00e1lassza ki a term\u00e9k m\u00e9ret\u00e9t, sz\u00edn\u00e9t, t\u00f6ltse fel a fot\u00f3j\u00e1t, \u00e9s adjon meg b\u00e1rmilyen le\u00edr\u00e1st (pl. egyedi sz\u00f6vegek, bet\u0171t\u00edpus neve stb.). Ha szeretn\u00e9, \u00e9s v\u00e1s\u00e1rol, e-mailben \u00e9rtes\u00edtj\u00fck a rendel\u00e9s friss\u00edt\u00e9seir\u0151l.<\/p>\n\n<\/div>\n<\/div>\n<div id=\"faq-question-1729006488594\" class=\"rank-math-list-item\">\n<h3 class=\"rank-math-question\"><a>Nem tudok k\u00e9peket felt\u00f6lteni, hogyan tudok rendelni?<\/a><\/h3>\n<div class=\"rank-math-answer\">\n\n<p>K\u00e9rj\u00fck, v\u00e1rjon egy percet a fot\u00f3k felt\u00f6lt\u00e9s\u00e9vel, miut\u00e1n a \u201eKos\u00e1rba\u201d gombra kattintott. Ha b\u00e1rmilyen probl\u00e9ma mer\u00fcl fel, kihagyhatja a felt\u00f6lt\u00e9st, folytathatja a p\u00e9nzt\u00e1rral, \u00e9s elk\u00fcldheti nek\u00fcnk a fot\u00f3kat k\u00f6zvetlen\u00fcl az e-mail c\u00edm\u00fcnkre a rendel\u00e9si sz\u00e1m\u00e1val: <a href=\"mailto:support@customywear.com\"><strong>support@customywear.com<\/strong><\/a><\/p>\n<p>Akkor is felvessz\u00fck \u00d6nnel a kapcsolatot, ha hi\u00e1nyzik a fot\u00f3.<\/p>\n\n<\/div>\n<\/div>\n<div id=\"faq-question-1729006503315\" class=\"rank-math-list-item\">\n<h3 class=\"rank-math-question\"><a>Elfogadnak alacsony min\u0151s\u00e9g\u0171 fot\u00f3kat?<\/a><\/h3>\n<div class=\"rank-math-answer\">\n\n<p>Att\u00f3l f\u00fcgg. Am\u00edg a fot\u00f3 tiszt\u00e1n l\u00e1tszik a telefonon vagy a monitoron, addig a fot\u00f3nak rendben kell lennie.<\/p>\n\n<\/div>\n<\/div>\n<div id=\"faq-question-1729006532466\" class=\"rank-math-list-item\">\n<h3 class=\"rank-math-question\"><a>Nem tal\u00e1lok gyerek\/feln\u0151tt\/kisgyermek m\u00e9ret\u0171 term\u00e9ket. Mit tehetek?<\/a><\/h3>\n<div class=\"rank-math-answer\">\n\n<p>Mindenf\u00e9le nem \u00e9s koroszt\u00e1ly sz\u00e1m\u00e1ra el\u00e9rhet\u0151 diz\u00e1jnunk van. El\u0151fordulhat, hogy nem tudjuk k\u00f6nnyen bemutatni az \u00f6sszes term\u00e9kst\u00edlust. Ez\u00e9rt egyszer\u0171en kapcsolatba l\u00e9phet vel\u00fcnk \u00e9l\u0151 chaten kereszt\u00fcl, vagy e-mailben is \u00e9rdekl\u0151dhet, hogy mit keres.<\/p>\n\n<\/div>\n<\/div>\n<\/div>\n<\/div>\n\n\n<p><br><br><\/p>\n\n\n\n<p><\/p>","protected":false},"excerpt":{"rendered":"<p>Gyik<\/p>","protected":false},"author":2,"featured_media":0,"parent":0,"menu_order":0,"comment_status":"closed","ping_status":"closed","template":"template-fullwidth-no-heading.php","meta":{"_acf_changed":false,"footnotes":""},"class_list":["post-7243","page","type-page","status-publish","hentry"],"acf":[],"_links":{"self":[{"href":"https:\/\/www.customywear.com\/hu\/wp-json\/wp\/v2\/pages\/7243","targetHints":{"allow":["GET"]}}],"collection":[{"href":"https:\/\/www.customywear.com\/hu\/wp-json\/wp\/v2\/pages"}],"about":[{"href":"https:\/\/www.customywear.com\/hu\/wp-json\/wp\/v2\/types\/page"}],"author":[{"embeddable":true,"href":"https:\/\/www.customywear.com\/hu\/wp-json\/wp\/v2\/users\/2"}],"replies":[{"embeddable":true,"href":"https:\/\/www.customywear.com\/hu\/wp-json\/wp\/v2\/comments?post=7243"}],"version-history":[{"count":0,"href":"https:\/\/www.customywear.com\/hu\/wp-json\/wp\/v2\/pages\/7243\/revisions"}],"wp:attachment":[{"href":"https:\/\/www.customywear.com\/hu\/wp-json\/wp\/v2\/media?parent=7243"}],"curies":[{"name":"wp","href":"https:\/\/api.w.org\/{rel}","templated":true}]}}