{"id":7277,"date":"2024-09-27T07:53:31","date_gmt":"2024-09-27T07:53:31","guid":{"rendered":"https:\/\/www.customywear.com\/?page_id=7277"},"modified":"2024-09-27T08:01:12","modified_gmt":"2024-09-27T08:01:12","slug":"visszakuldesi-politika","status":"publish","type":"page","link":"https:\/\/www.customywear.com\/hu\/return-policy\/","title":{"rendered":"Visszat\u00e9r\u00edt\u00e9si \u00e9s visszak\u00fcld\u00e9si szab\u00e1lyzat"},"content":{"rendered":"<h1 class=\"wp-block-heading alignfull has-text-align-center has-white-color has-text-color has-background has-link-color wp-elements-6a1b5e9f5e86f55beaf71c896b001019\" style=\"background:linear-gradient(180deg,rgb(35,154,221) 0%,rgb(30,59,102) 100%)\">Visszat\u00e9r\u00edt\u00e9si \u00e9s visszak\u00fcld\u00e9si szab\u00e1lyzat<\/h1>\n\n\n\n<p><strong>VISSZAT\u00c9R\u00c9SI SZAB\u00c1LYZAT<br><\/strong><\/p>\n\n\n\n<p><strong>Utols\u00f3 friss\u00edt\u00e9s: 2024. augusztus 17<\/strong><\/p>\n\n\n\n<p>K\u00f6sz\u00f6nj\u00fck a v\u00e1s\u00e1rl\u00e1st. Rem\u00e9lj\u00fck, el\u00e9gedett lesz a v\u00e1s\u00e1rl\u00e1ssal. Ha azonban b\u00e1rmilyen okb\u00f3l nem el\u00e9gedett a v\u00e1s\u00e1rl\u00e1ssal, \u00e9s a term\u00e9k visszak\u00fcldhet\u0151, visszak\u00fcldheti nek\u00fcnk a teljes \u00e1r visszat\u00e9r\u00edt\u00e9se vagy csere \u00e9rdek\u00e9ben. K\u00e9rj\u00fck, olvassa el al\u00e1bb a visszak\u00fcld\u00e9si szab\u00e1lyzatunkkal kapcsolatos tov\u00e1bbi inform\u00e1ci\u00f3kat.<br><br><strong>JOGOSULT TERM\u00c9KEK<br><br><\/strong>Egyedi megrendel\u00e9sekhez \u00e9s term\u00e9kekhez:&nbsp;<\/p>\n\n\n\n<ol class=\"wp-block-list\">\n<li><strong>Ha rossz term\u00e9keket \u00e9s terveket k\u00fcld\u00fcnk \u00d6nnek<\/strong><\/li>\n\n\n\n<li><strong>Ha a term\u00e9kek hib\u00e1sak<\/strong><\/li>\n<\/ol>\n\n\n\n<p><strong><br><\/strong>Nem egyedi rendel\u00e9sek \u00e9s term\u00e9kek eset\u00e9n:&nbsp;<\/p>\n\n\n\n<ol class=\"wp-block-list\">\n<li><strong>Az \u00f6sszes term\u00e9ket visszak\u00fcldheti, ha nem el\u00e9gedett<\/strong><\/li>\n<\/ol>\n\n\n\n<p><strong>VISSZAT\u00c9R\u00c9SEK<br><\/strong><\/p>\n\n\n\n<p>Minden visszak\u00fcld\u00e9st a k\u00e9zbes\u00edt\u00e9st\u0151l sz\u00e1m\u00edtott negyven\u00f6t (45) napon bel\u00fcl postai b\u00e9lyegz\u0151vel kell ell\u00e1tni. Minden visszak\u00fcld\u00f6tt term\u00e9knek \u00faj \u00e9s nem haszn\u00e1lt \u00e1llapotban kell lennie, minden eredeti c\u00edmk\u00e9vel \u00e9s c\u00edmk\u00e9vel.<\/p>\n\n\n\n<p><strong>VISSZAT\u00c9R\u00cdT\u00c9SI FOLYAMAT<br><\/strong><\/p>\n\n\n\n<p>T\u00e9tel visszak\u00fcld\u00e9s\u00e9hez \u00edrjon e-mailt az \u00fcgyf\u00e9lszolg\u00e1latnak a support@customywear.com c\u00edmre, hogy megkapja a visszak\u00fcld\u00e9si enged\u00e9ly (RMA) sz\u00e1mot. Miut\u00e1n megkapta az RMA-sz\u00e1mot, helyezze biztons\u00e1gosan a term\u00e9ket eredeti csomagol\u00e1s\u00e1ba, \u00e9s mell\u00e9kelje a v\u00e1s\u00e1rl\u00e1st igazol\u00f3 dokumentumot, majd k\u00fcldje el visszak\u00fcld\u00e9s\u00e9t a k\u00f6vetkez\u0151 c\u00edmre:<\/p>\n\n\n\n<p>CustomyWear<\/p>\n\n\n\n<p>Figyelem: Returns<\/p>\n\n\n\n<p>RMA #<\/p>\n\n\n\n<p>11201 Ed Brown Rd<\/p>\n\n\n\n<p>Charlotte, NC 28273<\/p>\n\n\n\n<p>Egyes\u00fclt \u00c1llamok<\/p>\n\n\n\n<p>Felh\u00edvjuk figyelm\u00e9t, hogy a visszak\u00fcld\u00e9s minden k\u00f6lts\u00e9ge \u00d6nt terheli. Nyomat\u00e9kosan javasoljuk, hogy nyomon k\u00f6vethet\u0151 m\u00f3dszert haszn\u00e1ljon a vissz\u00e1ru post\u00e1z\u00e1s\u00e1hoz.&nbsp;<\/p>\n\n\n\n<p><strong>VISSZAT\u00c9R\u00cdT\u00c9SEK<br><\/strong><\/p>\n\n\n\n<p>A visszak\u00fcld\u00e9s k\u00e9zhezv\u00e9tele \u00e9s a term\u00e9k \u00e1llapot\u00e1nak ellen\u0151rz\u00e9se ut\u00e1n feldolgozzuk visszak\u00fcld\u00e9s\u00e9t vagy cser\u00e9j\u00e9t. K\u00e9rj\u00fck, hogy a term\u00e9k k\u00e9zhezv\u00e9tel\u00e9t\u0151l sz\u00e1m\u00edtva legal\u00e1bb harminc (30) napot v\u00e1rjon a visszak\u00fcld\u00e9s vagy csere feldolgoz\u00e1s\u00e1ra. A visszak\u00fcld\u00e9s feldolgoz\u00e1s\u00e1r\u00f3l e-mailben \u00e9rtes\u00edtj\u00fck.<\/p>\n\n\n\n<p><strong>KIV\u00c9TELEK<\/strong><\/p>\n\n\n\n<p>Hib\u00e1s vagy s\u00e9r\u00fclt term\u00e9kek eset\u00e9n k\u00e9rj\u00fck, vegye fel vel\u00fcnk a kapcsolatot az al\u00e1bbi el\u00e9rhet\u0151s\u00e9geken a visszat\u00e9r\u00edt\u00e9s vagy csere egyeztet\u00e9se \u00e9rdek\u00e9ben.<\/p>\n\n\n\n<p><strong>K\u00e9rj\u00fck, vegye figyelembe<br><\/strong><\/p>\n\n\n\n<p><strong>&nbsp; &nbsp; &nbsp;\u25cf&nbsp;&nbsp; &nbsp;&nbsp;<\/strong>Az akci\u00f3s term\u00e9kek V\u00c9GLEGES ELAD\u00c1S, \u00e9s nem k\u00fcldhet\u0151k vissza.<\/p>\n\n\n\n<p><strong>K\u00c9RD\u00c9SEK<br><\/strong><\/p>\n\n\n\n<p>Ha b\u00e1rmilyen k\u00e9rd\u00e9se van visszak\u00fcld\u00e9si szab\u00e1lyzatunkkal kapcsolatban, forduljon hozz\u00e1nk a k\u00f6vetkez\u0151 c\u00edmen:<\/p>\n\n\n\n<p><a href=\"mailto:support@customywear.com\"><strong>support@customywear.com<\/strong><\/a><\/p>","protected":false},"excerpt":{"rendered":"<p>Refund and Returns Policy RETURN POLICY Last updated August 17, 2024 Thank you for your purchase. We hope you are happy with your purchase. However, if you are not completely satisfied with your purchase for any reason and your product is eligible to return, you may return it to us for&nbsp;a full refund or an [&hellip;]<\/p>\n","protected":false},"author":2,"featured_media":0,"parent":0,"menu_order":0,"comment_status":"closed","ping_status":"closed","template":"template-fullwidth-no-heading.php","meta":{"_acf_changed":false,"footnotes":""},"class_list":["post-7277","page","type-page","status-publish","hentry"],"acf":[],"_links":{"self":[{"href":"https:\/\/www.customywear.com\/hu\/wp-json\/wp\/v2\/pages\/7277","targetHints":{"allow":["GET"]}}],"collection":[{"href":"https:\/\/www.customywear.com\/hu\/wp-json\/wp\/v2\/pages"}],"about":[{"href":"https:\/\/www.customywear.com\/hu\/wp-json\/wp\/v2\/types\/page"}],"author":[{"embeddable":true,"href":"https:\/\/www.customywear.com\/hu\/wp-json\/wp\/v2\/users\/2"}],"replies":[{"embeddable":true,"href":"https:\/\/www.customywear.com\/hu\/wp-json\/wp\/v2\/comments?post=7277"}],"version-history":[{"count":0,"href":"https:\/\/www.customywear.com\/hu\/wp-json\/wp\/v2\/pages\/7277\/revisions"}],"wp:attachment":[{"href":"https:\/\/www.customywear.com\/hu\/wp-json\/wp\/v2\/media?parent=7277"}],"curies":[{"name":"wp","href":"https:\/\/api.w.org\/{rel}","templated":true}]}}