{"id":127017,"date":"2025-02-11T14:53:47","date_gmt":"2025-02-11T14:53:47","guid":{"rendered":"https:\/\/www.customywear.com\/?post_type=product&#038;p=127017"},"modified":"2026-05-07T15:29:41","modified_gmt":"2026-05-07T15:29:41","slug":"szuperhos-polo-kisgyermek-lanynak-vas","status":"publish","type":"product","link":"https:\/\/www.customywear.com\/hu\/superhero-t-shirt-for-toddler-girl-iron\/","title":{"rendered":"Egyedi szuperh\u0151s p\u00f3l\u00f3 kisl\u00e1nyodnak: Vasbossz\u00fa\u00e1ll\u00f3 H\u0151s"},"content":{"rendered":"<p>Bemutatjuk ezt a kisl\u00e1nyoknak sz\u00e1nt, egyedi szuperh\u0151s p\u00f3l\u00f3t, amelyen a k\u00f6zkedvelt Vasbossz\u00fa\u00e1ll\u00f3 h\u0151s l\u00e1that\u00f3. Ez a p\u00f3l\u00f3 t\u00f6k\u00e9letes a kalandokr\u00f3l \u00e9s a nap megment\u00e9s\u00e9r\u0151l \u00e1lmodoz\u00f3 kicsiknek. Puha, l\u00e9legz\u0151 anyagb\u00f3l k\u00e9sz\u00fclt, \u00edgy k\u00e9nyelmet biztos\u00edt j\u00e1t\u00e9k vagy pihen\u00e9s k\u00f6zben.<\/p>\n<h2>T\u00f6k\u00e9letes aj\u00e1nd\u00e9k minden alkalomra<\/h2>\n<p>Ez az egyedi p\u00f3l\u00f3 figyelmes aj\u00e1nd\u00e9k sz\u00fclet\u00e9snapi bulira, \u00fcnnepekre, vagy csak \u00fagy! Gyermeked izgatottan fogja viselni kedvenc szuperh\u0151st, beind\u00edtva a kreativit\u00e1st \u00e9s fant\u00e1ziad\u00fas j\u00e1t\u00e9kra \u00f6szt\u00f6n\u00f6zve.<\/p>\n<h2>El\u00e9rhet\u0151 m\u00e9retek \u00e9s k\u00f6nny\u0171 kezelhet\u0151s\u00e9g<\/h2>\n<p>A kisgyermekeknek tervezett Iron Avenger p\u00f3l\u00f3 k\u00fcl\u00f6nb\u00f6z\u0151 m\u00e9retekben kaphat\u00f3, hogy t\u00f6k\u00e9letesen illeszkedjen a kicsik\u00e9hez. R\u00e1ad\u00e1sul k\u00f6nnyen kezelhet\u0151 \u2013 csak dobd be a mos\u00f3g\u00e9pbe, \u00e9s m\u00e1ris k\u00e9szen \u00e1ll egy \u00fajabb m\u00f3k\u00e1s napra!<\/p>","protected":false},"excerpt":{"rendered":"<p>Er\u0151s\u00edtsd meg a kis h\u0151s\u00f6ket egy egyedi szuperh\u0151s p\u00f3l\u00f3val a kisl\u00e1nyodnak. Az Iron Avenger Hero p\u00f3l\u00f3k minden f\u00e9nyk\u00e9pet mer\u00e9sz, j\u00e1t\u00e9kos p\u00f3l\u00f3v\u00e1 var\u00e1zsolnak.<\/p>","protected":false},"featured_media":127319,"comment_status":"open","ping_status":"closed","template":"","meta":{"_acf_changed":false},"product_brand":[],"product_cat":[6207,6312,6412,6428],"product_tag":[6433,6439,6221],"class_list":{"0":"post-127017","1":"product","2":"type-product","3":"status-publish","4":"has-post-thumbnail","6":"product_cat-toddler-girl-t-shirts","7":"product_cat-custom-gifts-ironman","8":"product_cat-photo-to-tees","9":"product_cat-translate-products","10":"product_tag-ai-artwork","11":"product_tag-ai-kids-artwork","12":"product_tag-custom-t-shirts-near-me","14":"first","15":"instock","16":"taxable","17":"shipping-taxable","18":"purchasable","19":"product-type-simple"},"acf":[],"wcpa_form_fields":null,"_links":{"self":[{"href":"https:\/\/www.customywear.com\/hu\/wp-json\/wp\/v2\/product\/127017","targetHints":{"allow":["GET"]}}],"collection":[{"href":"https:\/\/www.customywear.com\/hu\/wp-json\/wp\/v2\/product"}],"about":[{"href":"https:\/\/www.customywear.com\/hu\/wp-json\/wp\/v2\/types\/product"}],"replies":[{"embeddable":true,"href":"https:\/\/www.customywear.com\/hu\/wp-json\/wp\/v2\/comments?post=127017"}],"wp:featuredmedia":[{"embeddable":true,"href":"https:\/\/www.customywear.com\/hu\/wp-json\/wp\/v2\/media\/127319"}],"wp:attachment":[{"href":"https:\/\/www.customywear.com\/hu\/wp-json\/wp\/v2\/media?parent=127017"}],"wp:term":[{"taxonomy":"product_brand","embeddable":true,"href":"https:\/\/www.customywear.com\/hu\/wp-json\/wp\/v2\/product_brand?post=127017"},{"taxonomy":"product_cat","embeddable":true,"href":"https:\/\/www.customywear.com\/hu\/wp-json\/wp\/v2\/product_cat?post=127017"},{"taxonomy":"product_tag","embeddable":true,"href":"https:\/\/www.customywear.com\/hu\/wp-json\/wp\/v2\/product_tag?post=127017"}],"curies":[{"name":"wp","href":"https:\/\/api.w.org\/{rel}","templated":true}]}}