{"id":127062,"date":"2025-02-11T14:54:18","date_gmt":"2025-02-11T14:54:18","guid":{"rendered":"https:\/\/www.customywear.com\/?post_type=product&#038;p=127062"},"modified":"2026-05-07T15:29:41","modified_gmt":"2026-05-07T15:29:41","slug":"kisgyermek-fiuk-egyedi-szuperhos-poloja","status":"publish","type":"product","link":"https:\/\/www.customywear.com\/hu\/toddler-boys-custom-superhero-t-shirt\/","title":{"rendered":"Kisfi\u00faknak val\u00f3 egyedi szuperh\u0151s p\u00f3l\u00f3"},"content":{"rendered":"<h2>V\u00e1ltoztasd \u00e1t kisgyermeked fot\u00f3j\u00e1t szuperh\u0151ss\u00e9<\/h2>\n<p>Bemutatjuk egyedi szuperh\u0151s p\u00f3l\u00f3nkat kisfi\u00faknak! Ez az egyedi p\u00f3l\u00f3 lehet\u0151v\u00e9 teszi, hogy digit\u00e1lisan \u00e1talak\u00edtsd gyermeked fot\u00f3j\u00e1t egy vag\u00e1ny, szem\u00e9lyre szabott szuperh\u0151s karakterr\u00e9. A kicsi k\u00fcl\u00f6nlegesnek fogja \u00e9rezni mag\u00e1t egy sz\u00e1m\u00e1ra k\u00e9sz\u00fclt p\u00f3l\u00f3ban, \u00edgy t\u00f6k\u00e9letes aj\u00e1nd\u00e9k a szuperh\u0151s k\u00e9preg\u00e9nyek szerelmeseinek!<\/p>\n<h2>Megb\u00edzhat\u00f3 min\u0151s\u00e9g<\/h2>\n<p>Puha, 100% pamutb\u00f3l k\u00e9sz\u00fclt p\u00f3l\u00f3nk k\u00e9nyelmes \u00e9s gyeng\u00e9d a kisgyermek b\u0151r\u00e9hez. Pr\u00e9mium min\u0151s\u00e9g\u0171 anyagoknak k\u00f6sz\u00f6nhet\u0151en tart\u00f3s \u00e9s hossz\u00fa \u00e9lettartam\u00fa, \u00edgy t\u00f6k\u00e9letes a mindennapi kalandokhoz.<\/p>\n<h2>\u00c9l\u00e9nk, tart\u00f3s diz\u00e1jnok<\/h2>\n<p>Kiv\u00e1l\u00f3 min\u0151s\u00e9g\u0171 DTG nyomtat\u00e1ssal k\u00e9sz\u00fclt p\u00f3l\u00f3ink \u200b\u200b\u00e9l\u00e9nk \u00e9s tart\u00f3s diz\u00e1jnnal b\u00fcszk\u00e9lkedhetnek. Minden digit\u00e1lis m\u0171alkot\u00e1s egyedi, mivel a k\u00e9pzett m\u0171v\u00e9szek a fot\u00f3id felhaszn\u00e1l\u00e1s\u00e1val szem\u00e9lyre szabj\u00e1k, \u00edgy biztos\u00edtva gyermeked sz\u00e1m\u00e1ra az egyed\u00fcl\u00e1ll\u00f3 szuperh\u0151s \u00e9lm\u00e9nyt.<\/p>","protected":false},"excerpt":{"rendered":"<p>Start young with a Toddler Boy&#8217;s Custom Superhero T-Shirt. Personalized Tees transform any photo into a playful, bold t-shirt.<\/p>","protected":false},"featured_media":127416,"comment_status":"open","ping_status":"closed","template":"","meta":{"_acf_changed":false},"product_brand":[],"product_cat":[6209,6312,6412,6428],"product_tag":[6433,6439,6221],"class_list":{"0":"post-127062","1":"product","2":"type-product","3":"status-publish","4":"has-post-thumbnail","6":"product_cat-toddler-boy-t-shirts","7":"product_cat-custom-gifts-ironman","8":"product_cat-photo-to-tees","9":"product_cat-translate-products","10":"product_tag-ai-artwork","11":"product_tag-ai-kids-artwork","12":"product_tag-custom-t-shirts-near-me","14":"first","15":"instock","16":"taxable","17":"shipping-taxable","18":"purchasable","19":"product-type-simple"},"acf":[],"wcpa_form_fields":null,"_links":{"self":[{"href":"https:\/\/www.customywear.com\/hu\/wp-json\/wp\/v2\/product\/127062","targetHints":{"allow":["GET"]}}],"collection":[{"href":"https:\/\/www.customywear.com\/hu\/wp-json\/wp\/v2\/product"}],"about":[{"href":"https:\/\/www.customywear.com\/hu\/wp-json\/wp\/v2\/types\/product"}],"replies":[{"embeddable":true,"href":"https:\/\/www.customywear.com\/hu\/wp-json\/wp\/v2\/comments?post=127062"}],"wp:featuredmedia":[{"embeddable":true,"href":"https:\/\/www.customywear.com\/hu\/wp-json\/wp\/v2\/media\/127416"}],"wp:attachment":[{"href":"https:\/\/www.customywear.com\/hu\/wp-json\/wp\/v2\/media?parent=127062"}],"wp:term":[{"taxonomy":"product_brand","embeddable":true,"href":"https:\/\/www.customywear.com\/hu\/wp-json\/wp\/v2\/product_brand?post=127062"},{"taxonomy":"product_cat","embeddable":true,"href":"https:\/\/www.customywear.com\/hu\/wp-json\/wp\/v2\/product_cat?post=127062"},{"taxonomy":"product_tag","embeddable":true,"href":"https:\/\/www.customywear.com\/hu\/wp-json\/wp\/v2\/product_tag?post=127062"}],"curies":[{"name":"wp","href":"https:\/\/api.w.org\/{rel}","templated":true}]}}