{"id":127477,"date":"2025-02-18T10:29:50","date_gmt":"2025-02-18T10:29:50","guid":{"rendered":"https:\/\/www.customywear.com\/?post_type=product&#038;p=127477"},"modified":"2026-05-07T15:29:41","modified_gmt":"2026-05-07T15:29:41","slug":"egyedi-neon-led-polo-fiuk","status":"publish","type":"product","link":"https:\/\/www.customywear.com\/hu\/custom-neon-led-tshirt-boys\/","title":{"rendered":"Egy\u00e9ni Neon LED T\u00e1bla P\u00f3l\u00f3 Fi\u00faknak \u2013 Szem\u00e9lyre szabott Fot\u00f3 Karakter P\u00f3l\u00f3, Egyedi Aj\u00e1nd\u00e9k Gyerekeknek"},"content":{"rendered":"<h2 class=\"wp-block-heading\">Alak\u00edtsd \u00e1t gyermeked fot\u00f3it<\/h2>\r\n<p>Keltsd \u00e9letre gyermeked fant\u00e1zi\u00e1j\u00e1t egyedi neon LED felirat\u00fa p\u00f3l\u00f3nkkal fi\u00faknak! K\u00e9pzett m\u0171v\u00e9szeink digit\u00e1lisan \u00e1talak\u00edtj\u00e1k a fot\u00f3kat \u00e9l\u00e9nk f\u00e9nyst\u00edlus\u00fa karakterekk\u00e9, biztos\u00edtva az egyedi \u00e9s szem\u00e9lyes megjelen\u00e9st.<\/p>\r\n<h2>T\u00f6k\u00e9letes b\u00e1rmilyen alkalomra<\/h2>\r\n<p>Ez a szem\u00e9lyre szabott p\u00f3l\u00f3 ide\u00e1lis aj\u00e1nd\u00e9k neon LED-ek szerelmeseinek, vagy k\u00fcl\u00f6nleges alkalmakra, p\u00e9ld\u00e1ul sz\u00fclet\u00e9snapra, kar\u00e1csonyra vagy esk\u00fcv\u0151re. Gyermeked im\u00e1dni fogja ezt az egyedi diz\u00e1jnt, b\u00e1rhov\u00e1 is megy!<\/p>\r\n<h2>Tart\u00f3s min\u0151s\u00e9g<\/h2>\r\n<p>100% puha pamutb\u00f3l k\u00e9sz\u00fclt p\u00f3l\u00f3ink \u200b\u200bmaxim\u00e1lis k\u00e9nyelmet biztos\u00edtanak. A pr\u00e9mium min\u0151s\u00e9g tart\u00f3ss\u00e1got biztos\u00edt, m\u00edg a k\u00f6zvetlen\u00fcl a ruhadarabra nyomtatott kiv\u00e1l\u00f3 min\u0151s\u00e9g\u0171 nyomtat\u00e1s \u00e9l\u00e9nk, tart\u00f3s diz\u00e1jnt garant\u00e1l. T\u0171nj ki a t\u00f6megb\u0151l egyedi neon LED felirat\u00fa p\u00f3l\u00f3nkkal m\u00e9g ma!<\/p>\r\n<p><strong>Figyelmeztet\u00e9s:<\/strong> Ez a p\u00f3l\u00f3 nem vil\u00e1g\u00edt. Ez neon led st\u00edlus\u00fa grafika.<\/p>","protected":false},"excerpt":{"rendered":"<p>Ragyogjon f\u00e9nyesen egy egyedi neon LED t\u00e1bla fi\u00fanak. A szem\u00e9lyre szabott p\u00f3l\u00f3k a f\u00e9nyk\u00e9peket \u00e9l\u00e9nk neon karaktertervekk\u00e9 alak\u00edtj\u00e1k gyerekeknek.<\/p>","protected":false},"featured_media":127698,"comment_status":"open","ping_status":"closed","template":"","meta":{"_acf_changed":false},"product_brand":[],"product_cat":[6189,6314,6412,6428],"product_tag":[6433,6439,6221,6330],"class_list":{"0":"post-127477","1":"product","2":"type-product","3":"status-publish","4":"has-post-thumbnail","6":"product_cat-boys-t-shirts","7":"product_cat-custom-gifts-neon-led","8":"product_cat-photo-to-tees","9":"product_cat-translate-products","10":"product_tag-ai-artwork","11":"product_tag-ai-kids-artwork","12":"product_tag-custom-t-shirts-near-me","13":"product_tag-photo-print-t-shirt-for-boys","15":"first","16":"instock","17":"taxable","18":"shipping-taxable","19":"purchasable","20":"product-type-simple"},"acf":[],"wcpa_form_fields":null,"_links":{"self":[{"href":"https:\/\/www.customywear.com\/hu\/wp-json\/wp\/v2\/product\/127477","targetHints":{"allow":["GET"]}}],"collection":[{"href":"https:\/\/www.customywear.com\/hu\/wp-json\/wp\/v2\/product"}],"about":[{"href":"https:\/\/www.customywear.com\/hu\/wp-json\/wp\/v2\/types\/product"}],"replies":[{"embeddable":true,"href":"https:\/\/www.customywear.com\/hu\/wp-json\/wp\/v2\/comments?post=127477"}],"wp:featuredmedia":[{"embeddable":true,"href":"https:\/\/www.customywear.com\/hu\/wp-json\/wp\/v2\/media\/127698"}],"wp:attachment":[{"href":"https:\/\/www.customywear.com\/hu\/wp-json\/wp\/v2\/media?parent=127477"}],"wp:term":[{"taxonomy":"product_brand","embeddable":true,"href":"https:\/\/www.customywear.com\/hu\/wp-json\/wp\/v2\/product_brand?post=127477"},{"taxonomy":"product_cat","embeddable":true,"href":"https:\/\/www.customywear.com\/hu\/wp-json\/wp\/v2\/product_cat?post=127477"},{"taxonomy":"product_tag","embeddable":true,"href":"https:\/\/www.customywear.com\/hu\/wp-json\/wp\/v2\/product_tag?post=127477"}],"curies":[{"name":"wp","href":"https:\/\/api.w.org\/{rel}","templated":true}]}}