{"id":127570,"date":"2025-02-18T10:29:51","date_gmt":"2025-02-18T10:29:51","guid":{"rendered":"https:\/\/www.customywear.com\/?post_type=product&#038;p=127570"},"modified":"2026-05-05T20:24:06","modified_gmt":"2026-05-05T20:24:06","slug":"egyedi-neon-led-feliratu-polo-ferfiaknak","status":"publish","type":"product","link":"https:\/\/www.customywear.com\/hu\/custom-neon-led-sign-t-shirtfor-men\/","title":{"rendered":"Egyedi neon LED felirat\u00fa p\u00f3l\u00f3 \u2013 Szem\u00e9lyre szabott fot\u00f3 a ragyog\u00f3 m\u0171v\u00e9szethez, egyedi aj\u00e1nd\u00e9k f\u00e9rfiaknak, sz\u00fclet\u00e9snapra, kar\u00e1csonyra \u00e9s esk\u00fcv\u0151re"},"content":{"rendered":"<h2>Alak\u00edtsa \u00e1t fot\u00f3it m\u0171v\u00e9szett\u00e9<\/h2>\n<p>Engedd szabadj\u00e1ra a szem\u00e9lyre szab\u00e1s var\u00e1zs\u00e1t egyedi neon LED feliratos f\u00e9rfi p\u00f3l\u00f3inkkal. Minden p\u00f3l\u00f3t \u00fagy tervezt\u00fcnk, hogy digit\u00e1lisan \u00e1talak\u00edtsa becses fot\u00f3idat \u00e9l\u00e9nk LED-es st\u00edlus\u00fa karakterekk\u00e9, biztos\u00edtva az egyedi, kiemelked\u0151 megjelen\u00e9st. T\u00f6k\u00e9letes a neonf\u00e9ny-rajong\u00f3k sz\u00e1m\u00e1ra, ez a p\u00f3l\u00f3 ide\u00e1lis aj\u00e1nd\u00e9k olyan alkalmakra, mint a sz\u00fclet\u00e9snap, kar\u00e1csony vagy esk\u00fcv\u0151.<\/p>\n<h2>Pr\u00e9mium min\u0151s\u00e9g \u00e9s k\u00e9nyelem<\/h2>\n<p>100% puha pamutb\u00f3l k\u00e9sz\u00fclt p\u00f3l\u00f3ink \u200b\u200bp\u00e1ratlan k\u00e9nyelmet \u00e9s tart\u00f3ss\u00e1got biztos\u00edtanak. A kiv\u00e1l\u00f3 min\u0151s\u00e9g\u0171, k\u00f6zvetlen\u00fcl a ruhadarabra nyomtatott (DTG) nyomtat\u00e1si technika biztos\u00edtja, hogy a diz\u00e1jn \u00e9l\u00e9nk \u00e9s tart\u00f3s maradjon, \u00edgy egyedi m\u0171v\u00e9szeti alkot\u00e1sa \u00e9vekig ragyogni fog.<\/p>\n<h2>Egyedi aj\u00e1nd\u00e9k mindenkinek<\/h2>\n<p>\u00c9reztesse szeretteit k\u00fcl\u00f6nlegesnek egy szem\u00e9lyre szabott p\u00f3l\u00f3val, amely t\u00fckr\u00f6zi egy\u00e9nis\u00e9g\u00fcket. K\u00e9pzett m\u0171v\u00e9szeinknek k\u00f6sz\u00f6nhet\u0151en minden diz\u00e1jn egyedi, \u00edgy \u00e1tgondolt \u00e9s eml\u00e9kezetes aj\u00e1nd\u00e9k lehet b\u00e1rmilyen \u00fcnnepre.<\/p>\n<p><strong>Figyelmeztet\u00e9s:<\/strong> Ez a p\u00f3l\u00f3 nem vil\u00e1g\u00edt. Ez neon led st\u00edlus\u00fa grafika.<\/p>","protected":false},"excerpt":{"rendered":"<p>St\u00edlusosan ragyogjon egy egyedi neon LED t\u00e1bla p\u00f3l\u00f3val. A szem\u00e9lyre szabott fot\u00f3t\u00f3l ragyog\u00f3 m\u0171v\u00e9szeti p\u00f3l\u00f3k minden f\u00e9nyk\u00e9pet egyedi aj\u00e1nd\u00e9kk\u00e1 var\u00e1zsolnak f\u00e9rfiaknak, sz\u00fclet\u00e9snapoknak, kar\u00e1csonynak vagy esk\u00fcv\u0151knek.<\/p>","protected":false},"featured_media":127614,"comment_status":"open","ping_status":"closed","template":"","meta":{"_acf_changed":false},"product_brand":[],"product_cat":[6314,186,6343,6348,6412,6195,6428],"product_tag":[6433,6327,6216],"class_list":{"0":"post-127570","1":"product","2":"type-product","3":"status-publish","4":"has-post-thumbnail","6":"product_cat-custom-gifts-neon-led","7":"product_cat-men","8":"product_cat-mens-anniversary-t-shirts","9":"product_cat-mens-summer-t-shirts","10":"product_cat-photo-to-tees","11":"product_cat-t-shirts-men","12":"product_cat-translate-products","13":"product_tag-ai-artwork","14":"product_tag-custom-photo-t-shirt-for-men","15":"product_tag-mens-custom-t-shirts","17":"first","18":"instock","19":"taxable","20":"shipping-taxable","21":"purchasable","22":"product-type-simple"},"acf":[],"wcpa_form_fields":null,"_links":{"self":[{"href":"https:\/\/www.customywear.com\/hu\/wp-json\/wp\/v2\/product\/127570","targetHints":{"allow":["GET"]}}],"collection":[{"href":"https:\/\/www.customywear.com\/hu\/wp-json\/wp\/v2\/product"}],"about":[{"href":"https:\/\/www.customywear.com\/hu\/wp-json\/wp\/v2\/types\/product"}],"replies":[{"embeddable":true,"href":"https:\/\/www.customywear.com\/hu\/wp-json\/wp\/v2\/comments?post=127570"}],"wp:featuredmedia":[{"embeddable":true,"href":"https:\/\/www.customywear.com\/hu\/wp-json\/wp\/v2\/media\/127614"}],"wp:attachment":[{"href":"https:\/\/www.customywear.com\/hu\/wp-json\/wp\/v2\/media?parent=127570"}],"wp:term":[{"taxonomy":"product_brand","embeddable":true,"href":"https:\/\/www.customywear.com\/hu\/wp-json\/wp\/v2\/product_brand?post=127570"},{"taxonomy":"product_cat","embeddable":true,"href":"https:\/\/www.customywear.com\/hu\/wp-json\/wp\/v2\/product_cat?post=127570"},{"taxonomy":"product_tag","embeddable":true,"href":"https:\/\/www.customywear.com\/hu\/wp-json\/wp\/v2\/product_tag?post=127570"}],"curies":[{"name":"wp","href":"https:\/\/api.w.org\/{rel}","templated":true}]}}