{"id":127599,"date":"2025-02-18T10:29:51","date_gmt":"2025-02-18T10:29:51","guid":{"rendered":"https:\/\/www.customywear.com\/?post_type=product&#038;p=127599"},"modified":"2026-05-07T15:29:41","modified_gmt":"2026-05-07T15:29:41","slug":"egyedi-neon-led-polo-kisgyermek-lanyok","status":"publish","type":"product","link":"https:\/\/www.customywear.com\/hu\/custom-neon-led-tshirt-toddler-girls\/","title":{"rendered":"Egyedi neon LED felirat\u00fa p\u00f3l\u00f3 kisgyermek l\u00e1nyoknak \u2013 szem\u00e9lyre szabott fot\u00f3s karakteres p\u00f3l\u00f3, egyedi aj\u00e1nd\u00e9k gyerekeknek"},"content":{"rendered":"<h2 class=\"wp-block-heading\">Alak\u00edtsd \u00e1t gyermeked fot\u00f3it<\/h2>\r\n<p>Bemutatjuk a kisl\u00e1nyoknak sz\u00e1nt, egyedi neon LED felirat\u00fa p\u00f3l\u00f3t \u2013 egy egyed\u00fcl\u00e1ll\u00f3 m\u00f3dja annak, hogy meg\u00fcnnepeld gyermeked egy\u00e9nis\u00e9g\u00e9t! Digit\u00e1lisan \u00e1talak\u00edtjuk gyermeked fot\u00f3it \u00e9l\u00e9nk LED-es f\u00e9nyst\u00edlus\u00fa karakterekk\u00e9, amelyek t\u00f6k\u00e9letesek ahhoz, hogy b\u00e1rmilyen alkalomra csillog\u00f3v\u00e1 var\u00e1zsolj\u00e1k \u0151ket.<\/p>\r\n<h2>T\u00f6k\u00e9letes minden alkalomra<\/h2>\r\n<p>Ez a p\u00f3l\u00f3 figyelmes aj\u00e1nd\u00e9k a neon LED-ek szerelmeseinek. Ak\u00e1r sz\u00fclet\u00e9snapr\u00f3l, kar\u00e1csonyr\u00f3l vagy esk\u00fcv\u0151r\u0151l van sz\u00f3, ez a szem\u00e9lyre szabott diz\u00e1jn biztosan leny\u0171g\u00f6zi a v\u00e1s\u00e1rl\u00f3kat. Minden darabot \u00fagy tervezt\u00fcnk, hogy mag\u00e1ban hordozza a kisgyermekek \u00e1ltal im\u00e1dott sz\u00f3rakoztat\u00f3 \u00e9s j\u00e1t\u00e9kos l\u00e9nyeget.<\/p>\r\n<h2>Megb\u00edzhat\u00f3 min\u0151s\u00e9g<\/h2>\r\n<p>Made of soft 100% cotton, each custom neon LED sign t-shirt is not only comfortable but also premium quality and durable. Our high-quality DTG printing ensures vibrant and lasting designs, while each shirt\u2019s unique digital art is lovingly crafted by skilled artists. Discover the joy of personalized gifting today!<\/p>","protected":false},"excerpt":{"rendered":"<p>Glow a kicsiknek egyedi neon LED t\u00e1bla p\u00f3l\u00f3val kisgyermekeknek. A szem\u00e9lyre szabott p\u00f3l\u00f3k a f\u00e9nyk\u00e9peket sz\u00f3rakoztat\u00f3 neon karaktertervekk\u00e9 var\u00e1zsolj\u00e1k.<\/p>","protected":false},"featured_media":127731,"comment_status":"open","ping_status":"closed","template":"","meta":{"_acf_changed":false},"product_brand":[],"product_cat":[6207,6314,6412,6428],"product_tag":[6433,6439,6221],"class_list":{"0":"post-127599","1":"product","2":"type-product","3":"status-publish","4":"has-post-thumbnail","6":"product_cat-toddler-girl-t-shirts","7":"product_cat-custom-gifts-neon-led","8":"product_cat-photo-to-tees","9":"product_cat-translate-products","10":"product_tag-ai-artwork","11":"product_tag-ai-kids-artwork","12":"product_tag-custom-t-shirts-near-me","14":"first","15":"instock","16":"taxable","17":"shipping-taxable","18":"purchasable","19":"product-type-simple"},"acf":[],"wcpa_form_fields":null,"_links":{"self":[{"href":"https:\/\/www.customywear.com\/hu\/wp-json\/wp\/v2\/product\/127599","targetHints":{"allow":["GET"]}}],"collection":[{"href":"https:\/\/www.customywear.com\/hu\/wp-json\/wp\/v2\/product"}],"about":[{"href":"https:\/\/www.customywear.com\/hu\/wp-json\/wp\/v2\/types\/product"}],"replies":[{"embeddable":true,"href":"https:\/\/www.customywear.com\/hu\/wp-json\/wp\/v2\/comments?post=127599"}],"wp:featuredmedia":[{"embeddable":true,"href":"https:\/\/www.customywear.com\/hu\/wp-json\/wp\/v2\/media\/127731"}],"wp:attachment":[{"href":"https:\/\/www.customywear.com\/hu\/wp-json\/wp\/v2\/media?parent=127599"}],"wp:term":[{"taxonomy":"product_brand","embeddable":true,"href":"https:\/\/www.customywear.com\/hu\/wp-json\/wp\/v2\/product_brand?post=127599"},{"taxonomy":"product_cat","embeddable":true,"href":"https:\/\/www.customywear.com\/hu\/wp-json\/wp\/v2\/product_cat?post=127599"},{"taxonomy":"product_tag","embeddable":true,"href":"https:\/\/www.customywear.com\/hu\/wp-json\/wp\/v2\/product_tag?post=127599"}],"curies":[{"name":"wp","href":"https:\/\/api.w.org\/{rel}","templated":true}]}}