{"id":127780,"date":"2025-03-04T14:47:48","date_gmt":"2025-03-04T14:47:48","guid":{"rendered":"https:\/\/www.customywear.com\/?post_type=product&#038;p=127780"},"modified":"2026-05-07T15:29:41","modified_gmt":"2026-05-07T15:29:41","slug":"szemelyre-szabott-disc-golf-polo-fiuk","status":"publish","type":"product","link":"https:\/\/www.customywear.com\/hu\/personalized-disc-golf-tshirt-boys\/","title":{"rendered":"Szem\u00e9lyre szabott Disc Golf P\u00f3l\u00f3 a Fi\u00fak \u2013 Egy\u00e9ni Ifj\u00fas\u00e1gi Disc Golf J\u00e1t\u00e9kos P\u00f3l\u00f3"},"content":{"rendered":"<p>Engedd szabadj\u00e1ra gyermeked szenved\u00e9ly\u00e9t a frizbigolf ir\u00e1nt egyedi, kiz\u00e1r\u00f3lag fi\u00faknak tervezett frizbigolf p\u00f3l\u00f3nkkal! Gyermekedr\u0151l k\u00e9sz\u00edt\u00fcnk fot\u00f3kat, \u00e9s digit\u00e1lisan \u00e1talak\u00edtjuk \u0151ket egyedi frizbigolf j\u00e1t\u00e9kos karakterr\u00e9, meg\u00f6r\u00f6k\u00edtve a j\u00e1t\u00e9k izgalm\u00e1t. Ez a 100% puha pamutb\u00f3l k\u00e9sz\u00fclt p\u00f3l\u00f3 maxim\u00e1lis k\u00e9nyelmet \u00e9s tart\u00f3ss\u00e1got k\u00edn\u00e1l, \u00edgy t\u00f6k\u00e9letes j\u00e1t\u00e9kra \u00e9s mindennapi viseletre egyar\u00e1nt. A kiv\u00e1l\u00f3 min\u0151s\u00e9g\u0171, \u00e9l\u00e9nk DTG nyomtat\u00e1snak k\u00f6sz\u00f6nhet\u0151en minden p\u00f3l\u00f3 egyedi, k\u00e9pzett m\u0171v\u00e9szek \u00e1ltal alkotott diz\u00e1jnt mutat. Ak\u00e1r sz\u00fclet\u00e9snapra, kar\u00e1csonyra, esk\u00fcv\u0151re vagy csak \u00fagy, ez a szem\u00e9lyre szabott aj\u00e1nd\u00e9k biztosan \u00f6r\u00f6met okoz minden fiatal frizbigolf rajong\u00f3nak!<\/p>","protected":false},"excerpt":{"rendered":"<p>J\u00e1tssz st\u00edlusosan egy szem\u00e9lyre szabott Disc Golf p\u00f3l\u00f3val fi\u00faknak. Egyedi ifj\u00fas\u00e1gi disc golfj\u00e1t\u00e9kos ingek b\u00e1rmilyen f\u00e9nyk\u00e9pet sz\u00f3rakoztat\u00f3, egyedi p\u00f3l\u00f3v\u00e1 var\u00e1zsolnak.<\/p>","protected":false},"featured_media":127934,"comment_status":"open","ping_status":"closed","template":"","meta":{"_acf_changed":false},"product_brand":[],"product_cat":[6189,6315,6412,6428],"product_tag":[6433,6439,6221,6330],"class_list":{"0":"post-127780","1":"product","2":"type-product","3":"status-publish","4":"has-post-thumbnail","6":"product_cat-boys-t-shirts","7":"product_cat-custom-gifts-disc-golf","8":"product_cat-photo-to-tees","9":"product_cat-translate-products","10":"product_tag-ai-artwork","11":"product_tag-ai-kids-artwork","12":"product_tag-custom-t-shirts-near-me","13":"product_tag-photo-print-t-shirt-for-boys","15":"first","16":"instock","17":"taxable","18":"shipping-taxable","19":"purchasable","20":"product-type-simple"},"acf":[],"wcpa_form_fields":null,"_links":{"self":[{"href":"https:\/\/www.customywear.com\/hu\/wp-json\/wp\/v2\/product\/127780","targetHints":{"allow":["GET"]}}],"collection":[{"href":"https:\/\/www.customywear.com\/hu\/wp-json\/wp\/v2\/product"}],"about":[{"href":"https:\/\/www.customywear.com\/hu\/wp-json\/wp\/v2\/types\/product"}],"replies":[{"embeddable":true,"href":"https:\/\/www.customywear.com\/hu\/wp-json\/wp\/v2\/comments?post=127780"}],"wp:featuredmedia":[{"embeddable":true,"href":"https:\/\/www.customywear.com\/hu\/wp-json\/wp\/v2\/media\/127934"}],"wp:attachment":[{"href":"https:\/\/www.customywear.com\/hu\/wp-json\/wp\/v2\/media?parent=127780"}],"wp:term":[{"taxonomy":"product_brand","embeddable":true,"href":"https:\/\/www.customywear.com\/hu\/wp-json\/wp\/v2\/product_brand?post=127780"},{"taxonomy":"product_cat","embeddable":true,"href":"https:\/\/www.customywear.com\/hu\/wp-json\/wp\/v2\/product_cat?post=127780"},{"taxonomy":"product_tag","embeddable":true,"href":"https:\/\/www.customywear.com\/hu\/wp-json\/wp\/v2\/product_tag?post=127780"}],"curies":[{"name":"wp","href":"https:\/\/api.w.org\/{rel}","templated":true}]}}