{"id":127797,"date":"2025-03-04T14:47:49","date_gmt":"2025-03-04T14:47:49","guid":{"rendered":"https:\/\/www.customywear.com\/?post_type=product&#038;p=127797"},"modified":"2026-05-07T15:29:41","modified_gmt":"2026-05-07T15:29:41","slug":"szemelyre-szabott-disc-golf-polo-kisgyermek-fiuknak","status":"publish","type":"product","link":"https:\/\/www.customywear.com\/hu\/personalized-disc-golf-tshirt-toddler-boys\/","title":{"rendered":"Szem\u00e9lyre szabott frizbigolf p\u00f3l\u00f3 kisgyermek fi\u00faknak \u2013 Egyedi ifj\u00fas\u00e1gi frizbigolf p\u00f3l\u00f3"},"content":{"rendered":"<p>Bemutatjuk egyedi, kifejezetten kisgyermek fi\u00faknak tervezett disc golf p\u00f3l\u00f3nkat! Gyermeked f\u00e9nyk\u00e9peit egyedi, \u00e9l\u00e9nk frizbigolf j\u00e1t\u00e9kos karakterekk\u00e9 alak\u00edtjuk, akik t\u00f6k\u00e9letesek a sport ir\u00e1nti szeretet\u00fck bemutat\u00e1s\u00e1ra. Puha, 100% pamutb\u00f3l k\u00e9sz\u00fclt, ez a p\u00f3l\u00f3 nemcsak k\u00e9nyelmes, de tart\u00f3s \u00e9s hossz\u00fa \u00e9lettartam\u00fa is. Kiv\u00e1l\u00f3 min\u0151s\u00e9g\u0171 DTG nyomtat\u00e1sunk biztos\u00edtja, hogy a mint\u00e1k \u00e9lesek, \u00e9l\u00e9nkek \u00e9s tart\u00f3sak legyenek. Ak\u00e1r sz\u00fclet\u00e9snapra, kar\u00e1csonyra vagy b\u00e1rmilyen k\u00fcl\u00f6nleges alkalomra k\u00e9sz\u00fcl, ez a szem\u00e9lyre szabott p\u00f3l\u00f3 t\u00f6k\u00e9letes aj\u00e1nd\u00e9k a fiatal disc golf szerelmeseinek \u00e9s j\u00e1t\u00e9kosainak.<\/p>","protected":false},"excerpt":{"rendered":"<p>Kezdje fiatalon egy szem\u00e9lyre szabott discgolf p\u00f3l\u00f3val kisgyermekek sz\u00e1m\u00e1ra. Az egyedi ifj\u00fas\u00e1gi disc golf ingek minden f\u00e9nyk\u00e9pet j\u00e1t\u00e9kos, egyedi p\u00f3l\u00f3v\u00e1 var\u00e1zsolnak.<\/p>","protected":false},"featured_media":127955,"comment_status":"open","ping_status":"closed","template":"","meta":{"_acf_changed":false},"product_brand":[],"product_cat":[6209,6315,6412,6428],"product_tag":[6433,6439,6221],"class_list":{"0":"post-127797","1":"product","2":"type-product","3":"status-publish","4":"has-post-thumbnail","6":"product_cat-toddler-boy-t-shirts","7":"product_cat-custom-gifts-disc-golf","8":"product_cat-photo-to-tees","9":"product_cat-translate-products","10":"product_tag-ai-artwork","11":"product_tag-ai-kids-artwork","12":"product_tag-custom-t-shirts-near-me","14":"first","15":"instock","16":"taxable","17":"shipping-taxable","18":"purchasable","19":"product-type-simple"},"acf":[],"wcpa_form_fields":null,"_links":{"self":[{"href":"https:\/\/www.customywear.com\/hu\/wp-json\/wp\/v2\/product\/127797","targetHints":{"allow":["GET"]}}],"collection":[{"href":"https:\/\/www.customywear.com\/hu\/wp-json\/wp\/v2\/product"}],"about":[{"href":"https:\/\/www.customywear.com\/hu\/wp-json\/wp\/v2\/types\/product"}],"replies":[{"embeddable":true,"href":"https:\/\/www.customywear.com\/hu\/wp-json\/wp\/v2\/comments?post=127797"}],"wp:featuredmedia":[{"embeddable":true,"href":"https:\/\/www.customywear.com\/hu\/wp-json\/wp\/v2\/media\/127955"}],"wp:attachment":[{"href":"https:\/\/www.customywear.com\/hu\/wp-json\/wp\/v2\/media?parent=127797"}],"wp:term":[{"taxonomy":"product_brand","embeddable":true,"href":"https:\/\/www.customywear.com\/hu\/wp-json\/wp\/v2\/product_brand?post=127797"},{"taxonomy":"product_cat","embeddable":true,"href":"https:\/\/www.customywear.com\/hu\/wp-json\/wp\/v2\/product_cat?post=127797"},{"taxonomy":"product_tag","embeddable":true,"href":"https:\/\/www.customywear.com\/hu\/wp-json\/wp\/v2\/product_tag?post=127797"}],"curies":[{"name":"wp","href":"https:\/\/api.w.org\/{rel}","templated":true}]}}