{"id":127844,"date":"2025-03-04T14:47:49","date_gmt":"2025-03-04T14:47:49","guid":{"rendered":"https:\/\/www.customywear.com\/?post_type=product&#038;p=127844"},"modified":"2026-05-05T20:23:26","modified_gmt":"2026-05-05T20:23:26","slug":"szemelyre-szabott-disc-golf-polo-noknek","status":"publish","type":"product","link":"https:\/\/www.customywear.com\/hu\/personalized-disc-golf-tshirt-women\/","title":{"rendered":"Szem\u00e9lyre szabott Disc Golf P\u00f3l\u00f3 N\u0151i Egy\u00e9ni N\u0151i Disc Golf J\u00e1t\u00e9kos P\u00f3l\u00f3"},"content":{"rendered":"<p>\u00dcnnepeld a frizbigolf ir\u00e1nti szeretetedet egyedi n\u0151i p\u00f3l\u00f3nkkal! Fot\u00f3idat elk\u00e9sz\u00edtj\u00fck, \u00e9s \u00e9l\u00e9nk, szem\u00e9lyre szabott frizbigolfoz\u00f3 karakterekk\u00e9 alak\u00edtjuk, \u00edgy t\u00f6k\u00e9letes aj\u00e1nd\u00e9k lehet b\u00e1rmilyen alkalomra \u2013 legyen sz\u00f3 sz\u00fclet\u00e9snapr\u00f3l, kar\u00e1csonyr\u00f3l vagy esk\u00fcv\u0151r\u0151l. Puha, 100% pamutb\u00f3l k\u00e9sz\u00fclt p\u00f3l\u00f3ink \u200b\u200bmaxim\u00e1lis k\u00e9nyelmet \u00e9s pr\u00e9mium min\u0151s\u00e9get k\u00edn\u00e1lnak, amely tart\u00f3ss\u00e1got \u00e9s hossz\u00fa \u00e9lettartamot biztos\u00edt. Minden egyes minta kiv\u00e1l\u00f3 min\u0151s\u00e9g\u0171, k\u00f6zvetlen\u00fcl a ruhadarabra nyomtatott (DTG) nyomtat\u00e1ssal k\u00e9sz\u00fclt, ami azt jelenti, hogy egyedi alkot\u00e1said mos\u00e1sr\u00f3l mos\u00e1sra \u00e9l\u00e9nkek maradnak. T\u0171nj ki a p\u00e1ly\u00e1n vagy b\u00e1rhol m\u00e1shol egy olyan p\u00f3l\u00f3val, amely val\u00f3ban t\u00fckr\u00f6zi a szenved\u00e9lyedet!<\/p>","protected":false},"excerpt":{"rendered":"<p>J\u00e1tssz mer\u00e9szen egy szem\u00e9lyre szabott discgolf p\u00f3l\u00f3val n\u0151knek. Az egyedi n\u0151i disc golfj\u00e1t\u00e9kos ingek minden f\u00e9nyk\u00e9pet egyedi, sportos p\u00f3l\u00f3v\u00e1 var\u00e1zsolnak.<\/p>","protected":false},"featured_media":128000,"comment_status":"open","ping_status":"closed","template":"","meta":{"_acf_changed":false},"product_brand":[],"product_cat":[6191,6315,6412,6428,75,6352],"product_tag":[6214,6433,6328,229,6215],"class_list":{"0":"post-127844","1":"product","2":"type-product","3":"status-publish","4":"has-post-thumbnail","6":"product_cat-t-shirts-women","7":"product_cat-custom-gifts-disc-golf","8":"product_cat-photo-to-tees","9":"product_cat-translate-products","10":"product_cat-women","11":"product_cat-womens-sports-t-shirts","12":"product_tag-affordable-custom-t-shirts","13":"product_tag-ai-artwork","14":"product_tag-custom-image-t-shirt-for-women","15":"product_tag-custom-tee-shirts","16":"product_tag-screen-printing-near-me","18":"first","19":"instock","20":"taxable","21":"shipping-taxable","22":"purchasable","23":"product-type-simple"},"acf":[],"wcpa_form_fields":null,"_links":{"self":[{"href":"https:\/\/www.customywear.com\/hu\/wp-json\/wp\/v2\/product\/127844","targetHints":{"allow":["GET"]}}],"collection":[{"href":"https:\/\/www.customywear.com\/hu\/wp-json\/wp\/v2\/product"}],"about":[{"href":"https:\/\/www.customywear.com\/hu\/wp-json\/wp\/v2\/types\/product"}],"replies":[{"embeddable":true,"href":"https:\/\/www.customywear.com\/hu\/wp-json\/wp\/v2\/comments?post=127844"}],"wp:featuredmedia":[{"embeddable":true,"href":"https:\/\/www.customywear.com\/hu\/wp-json\/wp\/v2\/media\/128000"}],"wp:attachment":[{"href":"https:\/\/www.customywear.com\/hu\/wp-json\/wp\/v2\/media?parent=127844"}],"wp:term":[{"taxonomy":"product_brand","embeddable":true,"href":"https:\/\/www.customywear.com\/hu\/wp-json\/wp\/v2\/product_brand?post=127844"},{"taxonomy":"product_cat","embeddable":true,"href":"https:\/\/www.customywear.com\/hu\/wp-json\/wp\/v2\/product_cat?post=127844"},{"taxonomy":"product_tag","embeddable":true,"href":"https:\/\/www.customywear.com\/hu\/wp-json\/wp\/v2\/product_tag?post=127844"}],"curies":[{"name":"wp","href":"https:\/\/api.w.org\/{rel}","templated":true}]}}