{"id":127902,"date":"2025-03-04T14:47:50","date_gmt":"2025-03-04T14:47:50","guid":{"rendered":"https:\/\/www.customywear.com\/?post_type=product&#038;p=127902"},"modified":"2026-05-07T15:29:41","modified_gmt":"2026-05-07T15:29:41","slug":"szemelyre-szabott-disc-golf-polo-kisgyermek-lanyoknak","status":"publish","type":"product","link":"https:\/\/www.customywear.com\/hu\/personalized-disc-golf-tshirt-toddler-girls\/","title":{"rendered":"Szem\u00e9lyre szabott frizbigolf p\u00f3l\u00f3 kisgyermek l\u00e1nyoknak \u2013 Egyedi ifj\u00fas\u00e1gi frizbigolf p\u00f3l\u00f3"},"content":{"rendered":"<p>Bemutatjuk egyedi frizbigolf p\u00f3l\u00f3nkat, amelyet kifejezetten kisgyermek l\u00e1nyoknak tervezt\u00fcnk! Egyedi ihlet\u00e9s\u0171 anyaggal digit\u00e1lisan \u00e1talak\u00edtjuk gyermeked fot\u00f3it egy im\u00e1dnival\u00f3 \u00e9s \u00e9l\u00e9nk frizbigolf j\u00e1t\u00e9kos karakterr\u00e9, meg\u00f6r\u00f6k\u00edtve a sport\u00e1g izgalm\u00e1t. Puha, 100% pamutb\u00f3l k\u00e9sz\u00fclt, ez a p\u00f3l\u00f3 eg\u00e9sz napos k\u00e9nyelmet biztos\u00edt, m\u00edg a pr\u00e9mium min\u0151s\u00e9g tart\u00f3ss\u00e1got garant\u00e1l b\u00e1rmilyen kalandhoz. T\u00f6k\u00e9letes a fiatal frizbigolf rajong\u00f3k sz\u00e1m\u00e1ra, de aj\u00e1nd\u00e9k sz\u00fclet\u00e9snapra, kar\u00e1csonyra vagy b\u00e1rmilyen k\u00fcl\u00f6nleges alkalomra is. Minden p\u00f3l\u00f3 kiv\u00e1l\u00f3 min\u0151s\u00e9g\u0171, k\u00f6zvetlen\u00fcl a ruhadarabra nyomtatott, \u00e9l\u00e9nk \u00e9s tart\u00f3s diz\u00e1jnnal rendelkezik, k\u00e9pzett m\u0171v\u00e9szek alkott\u00e1k meg \u0151ket, hogy egyedi darabot alkossanak, amely \u00fcnnepli gyermeked j\u00e1t\u00e9k ir\u00e1nti szeretet\u00e9t.<\/p>","protected":false},"excerpt":{"rendered":"<p>Aj\u00e1nd\u00e9kozza meg a fiatal l\u00e1nyokat egy szem\u00e9lyre szabott disc golf p\u00f3l\u00f3val kisgyermek l\u00e1nyoknak. Egyedi ifj\u00fas\u00e1gi disc golf ingek b\u00e1rmilyen f\u00e9nyk\u00e9pet j\u00e1t\u00e9kos, egyedi p\u00f3l\u00f3v\u00e1 var\u00e1zsolnak.<\/p>","protected":false},"featured_media":127967,"comment_status":"open","ping_status":"closed","template":"","meta":{"_acf_changed":false},"product_brand":[],"product_cat":[6207,6315,6412,6428],"product_tag":[6433,6439,6221],"class_list":{"0":"post-127902","1":"product","2":"type-product","3":"status-publish","4":"has-post-thumbnail","6":"product_cat-toddler-girl-t-shirts","7":"product_cat-custom-gifts-disc-golf","8":"product_cat-photo-to-tees","9":"product_cat-translate-products","10":"product_tag-ai-artwork","11":"product_tag-ai-kids-artwork","12":"product_tag-custom-t-shirts-near-me","14":"first","15":"instock","16":"taxable","17":"shipping-taxable","18":"purchasable","19":"product-type-simple"},"acf":[],"wcpa_form_fields":null,"_links":{"self":[{"href":"https:\/\/www.customywear.com\/hu\/wp-json\/wp\/v2\/product\/127902","targetHints":{"allow":["GET"]}}],"collection":[{"href":"https:\/\/www.customywear.com\/hu\/wp-json\/wp\/v2\/product"}],"about":[{"href":"https:\/\/www.customywear.com\/hu\/wp-json\/wp\/v2\/types\/product"}],"replies":[{"embeddable":true,"href":"https:\/\/www.customywear.com\/hu\/wp-json\/wp\/v2\/comments?post=127902"}],"wp:featuredmedia":[{"embeddable":true,"href":"https:\/\/www.customywear.com\/hu\/wp-json\/wp\/v2\/media\/127967"}],"wp:attachment":[{"href":"https:\/\/www.customywear.com\/hu\/wp-json\/wp\/v2\/media?parent=127902"}],"wp:term":[{"taxonomy":"product_brand","embeddable":true,"href":"https:\/\/www.customywear.com\/hu\/wp-json\/wp\/v2\/product_brand?post=127902"},{"taxonomy":"product_cat","embeddable":true,"href":"https:\/\/www.customywear.com\/hu\/wp-json\/wp\/v2\/product_cat?post=127902"},{"taxonomy":"product_tag","embeddable":true,"href":"https:\/\/www.customywear.com\/hu\/wp-json\/wp\/v2\/product_tag?post=127902"}],"curies":[{"name":"wp","href":"https:\/\/api.w.org\/{rel}","templated":true}]}}