{"id":128067,"date":"2025-03-15T15:21:27","date_gmt":"2025-03-15T15:21:27","guid":{"rendered":"https:\/\/www.customywear.com\/?post_type=product&#038;p=128067"},"modified":"2026-05-07T15:29:41","modified_gmt":"2026-05-07T15:29:41","slug":"szemelyre-szabott-baseball-polo-kisgyermek-lanyoknak","status":"publish","type":"product","link":"https:\/\/www.customywear.com\/hu\/personalized-baseball-tshirt-toddler-girls\/","title":{"rendered":"Szem\u00e9lyre szabott baseball p\u00f3l\u00f3 kisgyermek l\u00e1nyoknak \u2013 egyedi fot\u00f3s baseball j\u00e1t\u00e9kos p\u00f3l\u00f3"},"content":{"rendered":"<p>Ez a b\u00e1jos, egyedi baseball p\u00f3l\u00f3 kisgyerek l\u00e1nyoknak a szem\u00e9lyre szab\u00e1st \u00faj szintre emeli! Digit\u00e1lisan \u00e1talak\u00edtjuk gyermeked fot\u00f3j\u00e1t egy elb\u0171v\u00f6l\u0151 baseballj\u00e1t\u00e9kos karakterr\u00e9, amely t\u00f6k\u00e9letes minden fiatal baseballrajong\u00f3 sz\u00e1m\u00e1ra. Puha, 100% pamutb\u00f3l k\u00e9sz\u00fclt, ez a p\u00f3l\u00f3 garant\u00e1lja a k\u00e9nyelmet, mik\u00f6zben pr\u00e9mium min\u0151s\u00e9g\u0171 \u00e9s tart\u00f3s. Minden p\u00f3l\u00f3 kiv\u00e1l\u00f3 min\u0151s\u00e9g\u0171, k\u00f6zvetlen\u00fcl a ruhadarabra nyomtatott (DTG) nyomtat\u00e1ssal rendelkezik, amely \u00e9l\u00e9nk \u00e9s tart\u00f3s diz\u00e1jnt biztos\u00edt, amely kiemelkedik. Ide\u00e1lis sz\u00fclet\u00e9snapokra, kar\u00e1csonyra, esk\u00fcv\u0151kre vagy csak \u00fagy \u2013 ez az egyedi darab csod\u00e1latos aj\u00e1nd\u00e9k a j\u00e1t\u00e9kot szeret\u0151 gyerekeknek!<\/p>","protected":false},"excerpt":{"rendered":"<p>Hazafut\u00e1s egy szem\u00e9lyre szabott baseball p\u00f3l\u00f3val kisgyermek l\u00e1nyoknak. Egyedi fot\u00f3s baseball j\u00e1t\u00e9kos p\u00f3l\u00f3k b\u00e1rmilyen fot\u00f3t sz\u00f3rakoztat\u00f3, sportos p\u00f3l\u00f3v\u00e1 alak\u00edtanak \u00e1t.<\/p>","protected":false},"featured_media":128262,"comment_status":"open","ping_status":"closed","template":"","meta":{"_acf_changed":false},"product_brand":[],"product_cat":[6207,6316,6412,6428],"product_tag":[6433,6439,6221],"class_list":{"0":"post-128067","1":"product","2":"type-product","3":"status-publish","4":"has-post-thumbnail","6":"product_cat-toddler-girl-t-shirts","7":"product_cat-custom-gifts-ai-baseball","8":"product_cat-photo-to-tees","9":"product_cat-translate-products","10":"product_tag-ai-artwork","11":"product_tag-ai-kids-artwork","12":"product_tag-custom-t-shirts-near-me","14":"first","15":"instock","16":"taxable","17":"shipping-taxable","18":"purchasable","19":"product-type-simple"},"acf":[],"wcpa_form_fields":null,"_links":{"self":[{"href":"https:\/\/www.customywear.com\/hu\/wp-json\/wp\/v2\/product\/128067","targetHints":{"allow":["GET"]}}],"collection":[{"href":"https:\/\/www.customywear.com\/hu\/wp-json\/wp\/v2\/product"}],"about":[{"href":"https:\/\/www.customywear.com\/hu\/wp-json\/wp\/v2\/types\/product"}],"replies":[{"embeddable":true,"href":"https:\/\/www.customywear.com\/hu\/wp-json\/wp\/v2\/comments?post=128067"}],"wp:featuredmedia":[{"embeddable":true,"href":"https:\/\/www.customywear.com\/hu\/wp-json\/wp\/v2\/media\/128262"}],"wp:attachment":[{"href":"https:\/\/www.customywear.com\/hu\/wp-json\/wp\/v2\/media?parent=128067"}],"wp:term":[{"taxonomy":"product_brand","embeddable":true,"href":"https:\/\/www.customywear.com\/hu\/wp-json\/wp\/v2\/product_brand?post=128067"},{"taxonomy":"product_cat","embeddable":true,"href":"https:\/\/www.customywear.com\/hu\/wp-json\/wp\/v2\/product_cat?post=128067"},{"taxonomy":"product_tag","embeddable":true,"href":"https:\/\/www.customywear.com\/hu\/wp-json\/wp\/v2\/product_tag?post=128067"}],"curies":[{"name":"wp","href":"https:\/\/api.w.org\/{rel}","templated":true}]}}