{"id":128112,"date":"2025-03-15T15:21:29","date_gmt":"2025-03-15T15:21:29","guid":{"rendered":"https:\/\/www.customywear.com\/?post_type=product&#038;p=128112"},"modified":"2026-05-07T15:29:41","modified_gmt":"2026-05-07T15:29:41","slug":"szemelyre-szabott-baseball-polo-kisfiuknak","status":"publish","type":"product","link":"https:\/\/www.customywear.com\/hu\/personalized-baseball-tshirt-toddler-boys\/","title":{"rendered":"Szem\u00e9lyre szabott baseball p\u00f3l\u00f3 kisgyermek fi\u00faknak \u2013 egyedi fot\u00f3s baseball j\u00e1t\u00e9kos p\u00f3l\u00f3"},"content":{"rendered":"<p>Ez a kisgyermek fi\u00faknak sz\u00e1nt, egyedi baseball p\u00f3l\u00f3 egyed\u00fcl\u00e1ll\u00f3 m\u00f3dja annak, hogy meg\u00fcnnepeld gyermeked baseball ir\u00e1nti szeretet\u00e9t. Minden v\u00e1s\u00e1rl\u00e1soddal digit\u00e1lisan \u00e1talak\u00edtjuk gyermeked fot\u00f3j\u00e1t egy \u00e9l\u00e9nk, szem\u00e9lyre szabott baseballj\u00e1t\u00e9kos karakterr\u00e9, aki \u00fagy n\u00e9z ki, mintha k\u00e9szen \u00e1llna egy hazafut\u00e1sra! 100% puha pamutb\u00f3l k\u00e9sz\u00fclt, ez a p\u00f3l\u00f3 k\u00e9nyelmet biztos\u00edt, \u00e9s gyeng\u00e9d a gyermeked b\u0151r\u00e9hez. A pr\u00e9mium min\u0151s\u00e9g garant\u00e1lja a tart\u00f3ss\u00e1got, \u00edgy b\u00edrja a j\u00e1t\u00e9kid\u0151t, \u00e9s mos\u00e1s k\u00f6zben sem fakul ki. Kiv\u00e1l\u00f3 min\u0151s\u00e9g\u0171 DTG nyomtat\u00e1si technik\u00e1nk \u00e9l\u00e9nk sz\u00ednekkel kelti \u00e9letre a diz\u00e1jnt, m\u00edg minden darabot k\u00e9pzett m\u0171v\u00e9szek k\u00e9sz\u00edtenek, akik kreat\u00edv \u00e9rint\u00e9s\u00fcket adj\u00e1k hozz\u00e1, hogy minden p\u00f3l\u00f3 egyedi legyen. Ak\u00e1r sz\u00fclet\u00e9snapr\u00f3l, kar\u00e1csonyr\u00f3l vagy b\u00e1rmilyen k\u00fcl\u00f6nleges alkalomr\u00f3l van sz\u00f3, ez a p\u00f3l\u00f3 t\u00f6k\u00e9letes aj\u00e1nd\u00e9k a kis baseballrajong\u00f3k sz\u00e1m\u00e1ra.<\/p>","protected":false},"excerpt":{"rendered":"<p>Kezdje fiatalon egy szem\u00e9lyre szabott baseball p\u00f3l\u00f3val kisgyermekeknek. Az egyedi fot\u00f3s baseballj\u00e1t\u00e9kos p\u00f3l\u00f3k minden fot\u00f3t j\u00e1t\u00e9kos, egyedi p\u00f3l\u00f3v\u00e1 alak\u00edtanak \u00e1t.<\/p>","protected":false},"featured_media":128274,"comment_status":"open","ping_status":"closed","template":"","meta":{"_acf_changed":false},"product_brand":[],"product_cat":[6209,6316,6412,6428],"product_tag":[6433,6439,6221],"class_list":{"0":"post-128112","1":"product","2":"type-product","3":"status-publish","4":"has-post-thumbnail","6":"product_cat-toddler-boy-t-shirts","7":"product_cat-custom-gifts-ai-baseball","8":"product_cat-photo-to-tees","9":"product_cat-translate-products","10":"product_tag-ai-artwork","11":"product_tag-ai-kids-artwork","12":"product_tag-custom-t-shirts-near-me","14":"first","15":"instock","16":"taxable","17":"shipping-taxable","18":"purchasable","19":"product-type-simple"},"acf":[],"wcpa_form_fields":null,"_links":{"self":[{"href":"https:\/\/www.customywear.com\/hu\/wp-json\/wp\/v2\/product\/128112","targetHints":{"allow":["GET"]}}],"collection":[{"href":"https:\/\/www.customywear.com\/hu\/wp-json\/wp\/v2\/product"}],"about":[{"href":"https:\/\/www.customywear.com\/hu\/wp-json\/wp\/v2\/types\/product"}],"replies":[{"embeddable":true,"href":"https:\/\/www.customywear.com\/hu\/wp-json\/wp\/v2\/comments?post=128112"}],"wp:featuredmedia":[{"embeddable":true,"href":"https:\/\/www.customywear.com\/hu\/wp-json\/wp\/v2\/media\/128274"}],"wp:attachment":[{"href":"https:\/\/www.customywear.com\/hu\/wp-json\/wp\/v2\/media?parent=128112"}],"wp:term":[{"taxonomy":"product_brand","embeddable":true,"href":"https:\/\/www.customywear.com\/hu\/wp-json\/wp\/v2\/product_brand?post=128112"},{"taxonomy":"product_cat","embeddable":true,"href":"https:\/\/www.customywear.com\/hu\/wp-json\/wp\/v2\/product_cat?post=128112"},{"taxonomy":"product_tag","embeddable":true,"href":"https:\/\/www.customywear.com\/hu\/wp-json\/wp\/v2\/product_tag?post=128112"}],"curies":[{"name":"wp","href":"https:\/\/api.w.org\/{rel}","templated":true}]}}