{"id":128159,"date":"2025-03-15T15:21:29","date_gmt":"2025-03-15T15:21:29","guid":{"rendered":"https:\/\/www.customywear.com\/?post_type=product&#038;p=128159"},"modified":"2026-05-05T20:23:26","modified_gmt":"2026-05-05T20:23:26","slug":"szemelyre-szabott-noi-baseball-jatekos-polo","status":"publish","type":"product","link":"https:\/\/www.customywear.com\/hu\/personalized-baseball-player-tshirt-women\/","title":{"rendered":"Szem\u00e9lyre szabott Baseball J\u00e1t\u00e9kos P\u00f3l\u00f3 N\u0151i \u2013 Egyedi Fot\u00f3 Aj\u00e1nd\u00e9k Baseball"},"content":{"rendered":"<p>Mutasd meg a baseball ir\u00e1nti szeretetedet kifejezetten n\u0151knek tervezett, egyedi baseball p\u00f3l\u00f3nkkal! Ez az egyedi darab kedvenc fot\u00f3d digit\u00e1lisan \u00e1talak\u00edtott v\u00e1ltozat\u00e1t tartalmazza, l\u00e9trehozva egy szem\u00e9lyre szabott baseballj\u00e1t\u00e9kos karaktert, amely berendez t\u00e9ged a j\u00e1t\u00e9kba. Puha, 100% pamutb\u00f3l k\u00e9sz\u00fclt, ez a pr\u00e9mium min\u0151s\u00e9g\u0171 p\u00f3l\u00f3 k\u00e9nyelmes viseletet biztos\u00edt, mik\u00f6zben \u00e9l\u00e9nk, kiv\u00e1l\u00f3 min\u0151s\u00e9g\u0171, k\u00f6zvetlen\u00fcl a ruhadarabra nyomtatott (DTG) nyomtat\u00e1ssal \u00e9letre kelti az egyedi diz\u00e1jnodat. T\u00f6k\u00e9letes aj\u00e1nd\u00e9k baseballrajong\u00f3knak sz\u00fclet\u00e9snapra, kar\u00e1csonyra, esk\u00fcv\u0151re vagy b\u00e1rmilyen k\u00fcl\u00f6nleges alkalomra, ez a p\u00f3l\u00f3 t\u00f6bb mint ruhadarab; ez egy kifejezetten r\u00e1d szabott m\u0171alkot\u00e1s!<\/p>","protected":false},"excerpt":{"rendered":"<p>Aj\u00e1nd\u00e9kozza meg a n\u0151ket egy szem\u00e9lyre szabott baseballj\u00e1t\u00e9kos p\u00f3l\u00f3val. Egyedi fot\u00f3 baseball-aj\u00e1nd\u00e9kok V\u00e1ltoztatnak minden f\u00e9nyk\u00e9pet mer\u00e9sz, egyedi p\u00f3l\u00f3v\u00e1.<\/p>","protected":false},"featured_media":128239,"comment_status":"open","ping_status":"closed","template":"","meta":{"_acf_changed":false},"product_brand":[],"product_cat":[6191,6316,6412,6428,75,6352],"product_tag":[6214,6433,6328,229,6215],"class_list":{"0":"post-128159","1":"product","2":"type-product","3":"status-publish","4":"has-post-thumbnail","6":"product_cat-t-shirts-women","7":"product_cat-custom-gifts-ai-baseball","8":"product_cat-photo-to-tees","9":"product_cat-translate-products","10":"product_cat-women","11":"product_cat-womens-sports-t-shirts","12":"product_tag-affordable-custom-t-shirts","13":"product_tag-ai-artwork","14":"product_tag-custom-image-t-shirt-for-women","15":"product_tag-custom-tee-shirts","16":"product_tag-screen-printing-near-me","18":"first","19":"instock","20":"taxable","21":"shipping-taxable","22":"purchasable","23":"product-type-simple"},"acf":[],"wcpa_form_fields":null,"_links":{"self":[{"href":"https:\/\/www.customywear.com\/hu\/wp-json\/wp\/v2\/product\/128159","targetHints":{"allow":["GET"]}}],"collection":[{"href":"https:\/\/www.customywear.com\/hu\/wp-json\/wp\/v2\/product"}],"about":[{"href":"https:\/\/www.customywear.com\/hu\/wp-json\/wp\/v2\/types\/product"}],"replies":[{"embeddable":true,"href":"https:\/\/www.customywear.com\/hu\/wp-json\/wp\/v2\/comments?post=128159"}],"wp:featuredmedia":[{"embeddable":true,"href":"https:\/\/www.customywear.com\/hu\/wp-json\/wp\/v2\/media\/128239"}],"wp:attachment":[{"href":"https:\/\/www.customywear.com\/hu\/wp-json\/wp\/v2\/media?parent=128159"}],"wp:term":[{"taxonomy":"product_brand","embeddable":true,"href":"https:\/\/www.customywear.com\/hu\/wp-json\/wp\/v2\/product_brand?post=128159"},{"taxonomy":"product_cat","embeddable":true,"href":"https:\/\/www.customywear.com\/hu\/wp-json\/wp\/v2\/product_cat?post=128159"},{"taxonomy":"product_tag","embeddable":true,"href":"https:\/\/www.customywear.com\/hu\/wp-json\/wp\/v2\/product_tag?post=128159"}],"curies":[{"name":"wp","href":"https:\/\/api.w.org\/{rel}","templated":true}]}}