{"id":128381,"date":"2025-03-25T13:57:04","date_gmt":"2025-03-25T13:57:04","guid":{"rendered":"https:\/\/www.customywear.com\/?post_type=product&#038;p=128381"},"modified":"2026-05-07T15:29:41","modified_gmt":"2026-05-07T15:29:41","slug":"egyedi-kisgyermek-pikkelysomor-polo-lanyok","status":"publish","type":"product","link":"https:\/\/www.customywear.com\/hu\/custom-toddler-pickleball-tshirt-girls\/","title":{"rendered":"Egyedi pickleball p\u00f3l\u00f3 l\u00e1nyoknak \u2013 szem\u00e9lyre szabott fot\u00f3s karakterdiz\u00e1jn"},"content":{"rendered":"<p>V\u00e1ltoztasd \u00e1t gyermeked fot\u00f3j\u00e1t egy \u00e9l\u00e9nk \u00e9s j\u00e1t\u00e9kos pickleball j\u00e1t\u00e9kos karakterr\u00e9 egyedi kisgyerek pickleball p\u00f3l\u00f3nkkal. Puha, 100% pamutb\u00f3l k\u00e9sz\u00fclt, ez a p\u00f3l\u00f3 egyszerre k\u00e9nyelmes \u00e9s tart\u00f3s, \u00edgy t\u00f6k\u00e9letes az akt\u00edv gyerekek sz\u00e1m\u00e1ra. Az egyedi diz\u00e1jnt kiv\u00e1l\u00f3 min\u0151s\u00e9g\u0171, k\u00f6zvetlen\u00fcl a ruhadarabra nyomtatott nyomtat\u00e1ssal hoztuk l\u00e9tre, biztos\u00edtva, hogy minden p\u00f3l\u00f3 \u00e9l\u00e9nk \u00e9s tart\u00f3s k\u00e9pet mutasson. Ak\u00e1r sz\u00fclet\u00e9snapra, kar\u00e1csonyra, vagy csak \u00fagy, ez a szem\u00e9lyre szabott p\u00f3l\u00f3 ide\u00e1lis aj\u00e1nd\u00e9k a fiatal pickleball rajong\u00f3knak vagy a kezd\u0151 j\u00e1t\u00e9kosoknak. Aj\u00e1nd\u00e9kozz gyermekednek egy egyedi ruhadarabot, amely a j\u00e1t\u00e9k ir\u00e1nti szeretet\u00e9t \u00fcnnepli!<\/p>","protected":false},"excerpt":{"rendered":"<p>Kezdje el a kisgyermekeket a p\u00e1ly\u00e1n egy egyedi kisgyermekes pickleball p\u00f3l\u00f3val l\u00e1nyoknak. A szem\u00e9lyre szabott fot\u00f3j\u00e1t\u00e9kos karaktertervek minden f\u00e9nyk\u00e9pet j\u00e1t\u00e9kos p\u00f3l\u00f3v\u00e1 var\u00e1zsolnak.<\/p>","protected":false},"featured_media":128666,"comment_status":"open","ping_status":"closed","template":"","meta":{"_acf_changed":false},"product_brand":[],"product_cat":[6207,6318,6412,6428],"product_tag":[6433,6439,6221],"class_list":{"0":"post-128381","1":"product","2":"type-product","3":"status-publish","4":"has-post-thumbnail","6":"product_cat-toddler-girl-t-shirts","7":"product_cat-custom-gifts-pickleball","8":"product_cat-photo-to-tees","9":"product_cat-translate-products","10":"product_tag-ai-artwork","11":"product_tag-ai-kids-artwork","12":"product_tag-custom-t-shirts-near-me","14":"first","15":"instock","16":"taxable","17":"shipping-taxable","18":"purchasable","19":"product-type-simple"},"acf":[],"wcpa_form_fields":null,"_links":{"self":[{"href":"https:\/\/www.customywear.com\/hu\/wp-json\/wp\/v2\/product\/128381","targetHints":{"allow":["GET"]}}],"collection":[{"href":"https:\/\/www.customywear.com\/hu\/wp-json\/wp\/v2\/product"}],"about":[{"href":"https:\/\/www.customywear.com\/hu\/wp-json\/wp\/v2\/types\/product"}],"replies":[{"embeddable":true,"href":"https:\/\/www.customywear.com\/hu\/wp-json\/wp\/v2\/comments?post=128381"}],"wp:featuredmedia":[{"embeddable":true,"href":"https:\/\/www.customywear.com\/hu\/wp-json\/wp\/v2\/media\/128666"}],"wp:attachment":[{"href":"https:\/\/www.customywear.com\/hu\/wp-json\/wp\/v2\/media?parent=128381"}],"wp:term":[{"taxonomy":"product_brand","embeddable":true,"href":"https:\/\/www.customywear.com\/hu\/wp-json\/wp\/v2\/product_brand?post=128381"},{"taxonomy":"product_cat","embeddable":true,"href":"https:\/\/www.customywear.com\/hu\/wp-json\/wp\/v2\/product_cat?post=128381"},{"taxonomy":"product_tag","embeddable":true,"href":"https:\/\/www.customywear.com\/hu\/wp-json\/wp\/v2\/product_tag?post=128381"}],"curies":[{"name":"wp","href":"https:\/\/api.w.org\/{rel}","templated":true}]}}