{"id":128410,"date":"2025-03-25T13:57:04","date_gmt":"2025-03-25T13:57:04","guid":{"rendered":"https:\/\/www.customywear.com\/?post_type=product&#038;p=128410"},"modified":"2026-05-05T20:24:06","modified_gmt":"2026-05-05T20:24:06","slug":"egyedi-pickleball-jatekos-polo","status":"publish","type":"product","link":"https:\/\/www.customywear.com\/hu\/custom-pickleball-player-tshirt\/","title":{"rendered":"Egy\u00e9ni Pickleball J\u00e1t\u00e9kos P\u00f3l\u00f3 F\u00e9rfi \u2013 Szem\u00e9lyre szabott Fot\u00f3 Karakter Design"},"content":{"rendered":"<p>Emeld magasabb szintre a pickleball \u00e9lm\u00e9nyedet f\u00e9rfiaknak tervezett, egyedi p\u00f3l\u00f3nkkal! Lef\u00e9nyk\u00e9pezz\u00fck \u00e9s elk\u00e9sz\u00edtj\u00fck r\u00f3lad a szem\u00e9lyre szabott pickleball j\u00e1t\u00e9kos karaktert, hogy a p\u00e1ly\u00e1n \u00e9s azon k\u00edv\u00fcl is viselhesd egyedi st\u00edlusodat. 100% puha pamutb\u00f3l k\u00e9sz\u00fclt, ez a pr\u00e9mium min\u0151s\u00e9g\u0171 p\u00f3l\u00f3 tart\u00f3s \u00e9s hossz\u00fa \u00e9lettartam\u00fa, t\u00f6k\u00e9letes a lelkes j\u00e1t\u00e9kosok sz\u00e1m\u00e1ra. Kiv\u00e1l\u00f3 min\u0151s\u00e9g\u0171 DTG nyomtat\u00e1sunk \u00e9l\u00e9nk \u00e9s tart\u00f3s diz\u00e1jnt biztos\u00edt, amely kiemeli az egy\u00e9nis\u00e9gedet. Ide\u00e1lis aj\u00e1nd\u00e9k sz\u00fclet\u00e9snapra, kar\u00e1csonyra, esk\u00fcv\u0151re vagy b\u00e1rmilyen k\u00fcl\u00f6nleges alkalomra, ez a p\u00f3l\u00f3 k\u00f6telez\u0151 darab a pickleball szerelmeseinek \u00e9s rajong\u00f3inak egyar\u00e1nt. Viseld b\u00fcszk\u00e9n a szenved\u00e9lyedet!<\/p>","protected":false},"excerpt":{"rendered":"<p>J\u00e1tssz er\u0151sen egy egyedi Pickleball Player f\u00e9rfi p\u00f3l\u00f3val. A szem\u00e9lyre szabott fot\u00f3karaktertervek minden f\u00e9nyk\u00e9pet mer\u00e9sz, egyedi p\u00f3l\u00f3v\u00e1 var\u00e1zsolnak.<\/p>","protected":false},"featured_media":128539,"comment_status":"open","ping_status":"closed","template":"","meta":{"_acf_changed":false},"product_brand":[],"product_cat":[6195,6318,186,6339,6412,6428],"product_tag":[6433,6327,6216],"class_list":{"0":"post-128410","1":"product","2":"type-product","3":"status-publish","4":"has-post-thumbnail","6":"product_cat-t-shirts-men","7":"product_cat-custom-gifts-pickleball","8":"product_cat-men","9":"product_cat-mens-sports-t-shirts","10":"product_cat-photo-to-tees","11":"product_cat-translate-products","12":"product_tag-ai-artwork","13":"product_tag-custom-photo-t-shirt-for-men","14":"product_tag-mens-custom-t-shirts","16":"first","17":"instock","18":"taxable","19":"shipping-taxable","20":"purchasable","21":"product-type-simple"},"acf":[],"wcpa_form_fields":null,"_links":{"self":[{"href":"https:\/\/www.customywear.com\/hu\/wp-json\/wp\/v2\/product\/128410","targetHints":{"allow":["GET"]}}],"collection":[{"href":"https:\/\/www.customywear.com\/hu\/wp-json\/wp\/v2\/product"}],"about":[{"href":"https:\/\/www.customywear.com\/hu\/wp-json\/wp\/v2\/types\/product"}],"replies":[{"embeddable":true,"href":"https:\/\/www.customywear.com\/hu\/wp-json\/wp\/v2\/comments?post=128410"}],"wp:featuredmedia":[{"embeddable":true,"href":"https:\/\/www.customywear.com\/hu\/wp-json\/wp\/v2\/media\/128539"}],"wp:attachment":[{"href":"https:\/\/www.customywear.com\/hu\/wp-json\/wp\/v2\/media?parent=128410"}],"wp:term":[{"taxonomy":"product_brand","embeddable":true,"href":"https:\/\/www.customywear.com\/hu\/wp-json\/wp\/v2\/product_brand?post=128410"},{"taxonomy":"product_cat","embeddable":true,"href":"https:\/\/www.customywear.com\/hu\/wp-json\/wp\/v2\/product_cat?post=128410"},{"taxonomy":"product_tag","embeddable":true,"href":"https:\/\/www.customywear.com\/hu\/wp-json\/wp\/v2\/product_tag?post=128410"}],"curies":[{"name":"wp","href":"https:\/\/api.w.org\/{rel}","templated":true}]}}