{"id":128439,"date":"2025-03-25T13:57:05","date_gmt":"2025-03-25T13:57:05","guid":{"rendered":"https:\/\/www.customywear.com\/?post_type=product&#038;p=128439"},"modified":"2026-05-07T15:29:41","modified_gmt":"2026-05-07T15:29:41","slug":"egyedi-pickleball-polo-lanyok","status":"publish","type":"product","link":"https:\/\/www.customywear.com\/hu\/custom-pickleball-tshirt-girls\/","title":{"rendered":"Egyedi Pickleball p\u00f3l\u00f3 l\u00e1nyoknak \u2013 Szem\u00e9lyre szabott fot\u00f3 a j\u00e1t\u00e9kos karakter\u00e9nek megtervez\u00e9s\u00e9hez"},"content":{"rendered":"<p>Aj\u00e1nd\u00e9kozz egy kis sz\u00f3rakoz\u00e1st egyedi pickleball p\u00f3l\u00f3nkkal, amelyet kifejezetten kisl\u00e1nyoknak tervezt\u00fcnk! Gyermeked fot\u00f3j\u00e1t elk\u00e9sz\u00edtj\u00fck egy \u00e9l\u00e9nk, szem\u00e9lyre szabott pickleball j\u00e1t\u00e9kos karakterr\u00e9, \u00e9letre keltve a sport ir\u00e1nti szeretet\u00e9t. Puha, 100% pamutb\u00f3l k\u00e9sz\u00fclt, ez a pr\u00e9mium min\u0151s\u00e9g\u0171 p\u00f3l\u00f3 nemcsak tart\u00f3s \u00e9s hossz\u00fa \u00e9lettartam\u00fa, hanem kiv\u00e1l\u00f3 min\u0151s\u00e9g\u0171, k\u00f6zvetlen\u00fcl a ruhadarabra nyomtatott (DTG) technol\u00f3gi\u00e1val is rendelkezik az \u00e9l\u00e9nk \u00e9s tart\u00f3s diz\u00e1jnok \u00e9rdek\u00e9ben. Ez az egyedi digit\u00e1lis m\u0171alkot\u00e1s, amelyet k\u00e9pzett m\u0171v\u00e9szek alkottak, t\u00f6k\u00e9letes aj\u00e1nd\u00e9k a pickleball rajong\u00f3k sz\u00e1m\u00e1ra b\u00e1rmilyen alkalomra, legyen sz\u00f3 sz\u00fclet\u00e9snapr\u00f3l, kar\u00e1csonyr\u00f3l vagy egy k\u00fcl\u00f6nleges \u00fcnnepr\u0151l.<\/p>","protected":false},"excerpt":{"rendered":"<p>Inspir\u00e1lja a l\u00e1nyokat egy egyedi Pickleball p\u00f3l\u00f3val. A szem\u00e9lyre szabott fot\u00f3-j\u00e1t\u00e9kos karaktertervek minden f\u00e9nyk\u00e9pet j\u00e1t\u00e9kos, egyedi p\u00f3l\u00f3v\u00e1 var\u00e1zsolnak.<\/p>","protected":false},"featured_media":128633,"comment_status":"open","ping_status":"closed","template":"","meta":{"_acf_changed":false},"product_brand":[],"product_cat":[6193,6318,152,6412,6428,58],"product_tag":[6433,6439,6331,6221],"class_list":{"0":"post-128439","1":"product","2":"type-product","3":"status-publish","4":"has-post-thumbnail","6":"product_cat-girls-t-shirts","7":"product_cat-custom-gifts-pickleball","8":"product_cat-girls","9":"product_cat-photo-to-tees","10":"product_cat-translate-products","11":"product_cat-youth-kids","12":"product_tag-ai-artwork","13":"product_tag-ai-kids-artwork","14":"product_tag-custom-picture-t-shirt-for-girls","15":"product_tag-custom-t-shirts-near-me","17":"first","18":"instock","19":"taxable","20":"shipping-taxable","21":"purchasable","22":"product-type-simple"},"acf":[],"wcpa_form_fields":null,"_links":{"self":[{"href":"https:\/\/www.customywear.com\/hu\/wp-json\/wp\/v2\/product\/128439","targetHints":{"allow":["GET"]}}],"collection":[{"href":"https:\/\/www.customywear.com\/hu\/wp-json\/wp\/v2\/product"}],"about":[{"href":"https:\/\/www.customywear.com\/hu\/wp-json\/wp\/v2\/types\/product"}],"replies":[{"embeddable":true,"href":"https:\/\/www.customywear.com\/hu\/wp-json\/wp\/v2\/comments?post=128439"}],"wp:featuredmedia":[{"embeddable":true,"href":"https:\/\/www.customywear.com\/hu\/wp-json\/wp\/v2\/media\/128633"}],"wp:attachment":[{"href":"https:\/\/www.customywear.com\/hu\/wp-json\/wp\/v2\/media?parent=128439"}],"wp:term":[{"taxonomy":"product_brand","embeddable":true,"href":"https:\/\/www.customywear.com\/hu\/wp-json\/wp\/v2\/product_brand?post=128439"},{"taxonomy":"product_cat","embeddable":true,"href":"https:\/\/www.customywear.com\/hu\/wp-json\/wp\/v2\/product_cat?post=128439"},{"taxonomy":"product_tag","embeddable":true,"href":"https:\/\/www.customywear.com\/hu\/wp-json\/wp\/v2\/product_tag?post=128439"}],"curies":[{"name":"wp","href":"https:\/\/api.w.org\/{rel}","templated":true}]}}