{"id":128492,"date":"2025-03-25T13:57:05","date_gmt":"2025-03-25T13:57:05","guid":{"rendered":"https:\/\/www.customywear.com\/?post_type=product&#038;p=128492"},"modified":"2026-05-07T15:29:41","modified_gmt":"2026-05-07T15:29:41","slug":"egyedi-pickleball-polo-fiuk","status":"publish","type":"product","link":"https:\/\/www.customywear.com\/hu\/custom-pickleball-tshirt-boys\/","title":{"rendered":"Egy\u00e9ni Pickleball P\u00f3l\u00f3 Fi\u00faknak \u2013 Szem\u00e9lyre szabott Fot\u00f3 J\u00e1t\u00e9kos Karakter Design"},"content":{"rendered":"<p>Ez az egyedi, pickleball p\u00f3l\u00f3 kifejezetten a j\u00e1t\u00e9kot im\u00e1d\u00f3 fiatal fi\u00faknak k\u00e9sz\u00fclt! Szolg\u00e1ltat\u00e1sunkkal lef\u00e9nyk\u00e9pezz\u00fck gyermeked, \u00e9s egy \u00e9l\u00e9nk, rajzfilmszer\u0171 pickleball j\u00e1t\u00e9kos karakterr\u00e9 alak\u00edtjuk, aki k\u00e9szen \u00e1ll a p\u00e1ly\u00e1ra l\u00e9p\u00e9sre. Puha, 100% pamutb\u00f3l k\u00e9sz\u00fclt, ez a pr\u00e9mium min\u0151s\u00e9g\u0171 p\u00f3l\u00f3 k\u00e9nyelmet \u00e9s tart\u00f3ss\u00e1got biztos\u00edt eg\u00e9sz napos viseletre. Kiv\u00e1l\u00f3 min\u0151s\u00e9g\u0171 DTG nyomtat\u00e1sunk garant\u00e1lja, hogy az \u00e9l\u00e9nk mint\u00e1k tart\u00f3sak lesznek, \u00edgy ide\u00e1lis aj\u00e1nd\u00e9k sz\u00fclet\u00e9snapra, kar\u00e1csonyra, esk\u00fcv\u0151re vagy b\u00e1rmilyen k\u00fcl\u00f6nleges alkalomra. \u00dcnnepeld gyermeked pickleball ir\u00e1nti szenved\u00e9ly\u00e9t egy szem\u00e9lyre szabott, val\u00f3ban kiemelked\u0151 darabbal!<\/p>","protected":false},"excerpt":{"rendered":"<p>Er\u0151s\u00edtse meg a fi\u00fakat egy egyedi Pickleball p\u00f3l\u00f3val. A szem\u00e9lyre szabott fot\u00f3lej\u00e1tsz\u00f3 karaktertervek minden f\u00e9nyk\u00e9pet mer\u00e9sz, egyedi p\u00f3l\u00f3v\u00e1 var\u00e1zsolnak.<\/p>","protected":false},"featured_media":128612,"comment_status":"open","ping_status":"closed","template":"","meta":{"_acf_changed":false},"product_brand":[],"product_cat":[6189,6318,6412,6428],"product_tag":[6433,6439,6221,6330],"class_list":{"0":"post-128492","1":"product","2":"type-product","3":"status-publish","4":"has-post-thumbnail","6":"product_cat-boys-t-shirts","7":"product_cat-custom-gifts-pickleball","8":"product_cat-photo-to-tees","9":"product_cat-translate-products","10":"product_tag-ai-artwork","11":"product_tag-ai-kids-artwork","12":"product_tag-custom-t-shirts-near-me","13":"product_tag-photo-print-t-shirt-for-boys","15":"first","16":"instock","17":"taxable","18":"shipping-taxable","19":"purchasable","20":"product-type-simple"},"acf":[],"wcpa_form_fields":null,"_links":{"self":[{"href":"https:\/\/www.customywear.com\/hu\/wp-json\/wp\/v2\/product\/128492","targetHints":{"allow":["GET"]}}],"collection":[{"href":"https:\/\/www.customywear.com\/hu\/wp-json\/wp\/v2\/product"}],"about":[{"href":"https:\/\/www.customywear.com\/hu\/wp-json\/wp\/v2\/types\/product"}],"replies":[{"embeddable":true,"href":"https:\/\/www.customywear.com\/hu\/wp-json\/wp\/v2\/comments?post=128492"}],"wp:featuredmedia":[{"embeddable":true,"href":"https:\/\/www.customywear.com\/hu\/wp-json\/wp\/v2\/media\/128612"}],"wp:attachment":[{"href":"https:\/\/www.customywear.com\/hu\/wp-json\/wp\/v2\/media?parent=128492"}],"wp:term":[{"taxonomy":"product_brand","embeddable":true,"href":"https:\/\/www.customywear.com\/hu\/wp-json\/wp\/v2\/product_brand?post=128492"},{"taxonomy":"product_cat","embeddable":true,"href":"https:\/\/www.customywear.com\/hu\/wp-json\/wp\/v2\/product_cat?post=128492"},{"taxonomy":"product_tag","embeddable":true,"href":"https:\/\/www.customywear.com\/hu\/wp-json\/wp\/v2\/product_tag?post=128492"}],"curies":[{"name":"wp","href":"https:\/\/api.w.org\/{rel}","templated":true}]}}