{"id":128509,"date":"2025-03-25T13:57:06","date_gmt":"2025-03-25T13:57:06","guid":{"rendered":"https:\/\/www.customywear.com\/?post_type=product&#038;p=128509"},"modified":"2026-05-05T20:23:26","modified_gmt":"2026-05-05T20:23:26","slug":"egyedi-pickleball-jatekos-polo-noknek","status":"publish","type":"product","link":"https:\/\/www.customywear.com\/hu\/custom-pickleball-player-tshirt-women\/","title":{"rendered":"Egy\u00e9ni Pickleball J\u00e1t\u00e9kos P\u00f3l\u00f3 a N\u0151k sz\u00e1m\u00e1ra \u2013 Szem\u00e9lyre szabott Fot\u00f3 Karakter Design"},"content":{"rendered":"<p>\u00dcnnepeld a pickleball ir\u00e1nti szeretetedet kifejezetten n\u0151knek tervezett pickleball p\u00f3l\u00f3nkkal! Kedvenc fot\u00f3dat egy \u00e9l\u00e9nk pickleball j\u00e1t\u00e9kos karakterr\u00e9 alak\u00edtjuk, \u00edgy \u00fagy \u00e9rzed majd magad, mintha a p\u00e1ly\u00e1n lenn\u00e9l. Puha, 100% pamutb\u00f3l k\u00e9sz\u00fclt, ez a pr\u00e9mium min\u0151s\u00e9g\u0171 p\u00f3l\u00f3 tart\u00f3s \u00e9s k\u00e9nyelmes is. A kiv\u00e1l\u00f3 min\u0151s\u00e9g\u0171, k\u00f6zvetlen\u00fcl a ruhadarabra nyomtatott grafika biztos\u00edtja, hogy egyedi diz\u00e1jnod \u00e9l\u00e9nk \u00e9s tart\u00f3s legyen, \u00edgy kiemelked\u0151 aj\u00e1nd\u00e9k lehet b\u00e1rmilyen alkalomra \u2013 legyen az sz\u00fclet\u00e9snap, kar\u00e1csony vagy esk\u00fcv\u0151. Mutasd meg a j\u00e1t\u00e9k ir\u00e1nti szenved\u00e9lyedet szem\u00e9lyre szabott m\u00f3don, amely t\u00fckr\u00f6zi a lelked!<\/p>","protected":false},"excerpt":{"rendered":"<p>J\u00e1tssz st\u00edlusosan egy egyedi Pickleball Player n\u0151i p\u00f3l\u00f3val. A szem\u00e9lyre szabott fot\u00f3karaktertervek minden f\u00e9nyk\u00e9pet sz\u00f3rakoztat\u00f3, egyedi p\u00f3l\u00f3v\u00e1 var\u00e1zsolnak.<\/p>","protected":false},"featured_media":128560,"comment_status":"open","ping_status":"closed","template":"","meta":{"_acf_changed":false},"product_brand":[],"product_cat":[6191,6318,6412,6428,75,6352],"product_tag":[6214,6433,6328,229,6215],"class_list":{"0":"post-128509","1":"product","2":"type-product","3":"status-publish","4":"has-post-thumbnail","6":"product_cat-t-shirts-women","7":"product_cat-custom-gifts-pickleball","8":"product_cat-photo-to-tees","9":"product_cat-translate-products","10":"product_cat-women","11":"product_cat-womens-sports-t-shirts","12":"product_tag-affordable-custom-t-shirts","13":"product_tag-ai-artwork","14":"product_tag-custom-image-t-shirt-for-women","15":"product_tag-custom-tee-shirts","16":"product_tag-screen-printing-near-me","18":"first","19":"instock","20":"taxable","21":"shipping-taxable","22":"purchasable","23":"product-type-simple"},"acf":[],"wcpa_form_fields":null,"_links":{"self":[{"href":"https:\/\/www.customywear.com\/hu\/wp-json\/wp\/v2\/product\/128509","targetHints":{"allow":["GET"]}}],"collection":[{"href":"https:\/\/www.customywear.com\/hu\/wp-json\/wp\/v2\/product"}],"about":[{"href":"https:\/\/www.customywear.com\/hu\/wp-json\/wp\/v2\/types\/product"}],"replies":[{"embeddable":true,"href":"https:\/\/www.customywear.com\/hu\/wp-json\/wp\/v2\/comments?post=128509"}],"wp:featuredmedia":[{"embeddable":true,"href":"https:\/\/www.customywear.com\/hu\/wp-json\/wp\/v2\/media\/128560"}],"wp:attachment":[{"href":"https:\/\/www.customywear.com\/hu\/wp-json\/wp\/v2\/media?parent=128509"}],"wp:term":[{"taxonomy":"product_brand","embeddable":true,"href":"https:\/\/www.customywear.com\/hu\/wp-json\/wp\/v2\/product_brand?post=128509"},{"taxonomy":"product_cat","embeddable":true,"href":"https:\/\/www.customywear.com\/hu\/wp-json\/wp\/v2\/product_cat?post=128509"},{"taxonomy":"product_tag","embeddable":true,"href":"https:\/\/www.customywear.com\/hu\/wp-json\/wp\/v2\/product_tag?post=128509"}],"curies":[{"name":"wp","href":"https:\/\/api.w.org\/{rel}","templated":true}]}}