{"id":128721,"date":"2025-03-27T20:32:28","date_gmt":"2025-03-27T20:32:28","guid":{"rendered":"https:\/\/www.customywear.com\/?post_type=product&#038;p=128721"},"modified":"2026-05-07T15:29:41","modified_gmt":"2026-05-07T15:29:41","slug":"egyedi-lanyok-golfpolo","status":"publish","type":"product","link":"https:\/\/www.customywear.com\/hu\/custom-girls-golf-tshirt\/","title":{"rendered":"Egy\u00e9ni n\u0151i Golf P\u00f3l\u00f3 \u2013 Szem\u00e9lyre szabott Golf J\u00e1t\u00e9kos Design Fot\u00f3"},"content":{"rendered":"<p>Dobd fel fiatal golfoz\u00f3d st\u00edlus\u00e1t egyedi, kiz\u00e1r\u00f3lag l\u00e1nyoknak tervezett golf p\u00f3l\u00f3nkkal! Minden p\u00f3l\u00f3 \u00e9l\u00e9nk, szem\u00e9lyre szabott digit\u00e1lis m\u0171v\u00e9szeti diz\u00e1jnnal rendelkezik, amely gyermeked fot\u00f3it mag\u00e1val ragad\u00f3 golfj\u00e1t\u00e9kos karakterekk\u00e9 var\u00e1zsolja, t\u00f6k\u00e9letesen illesztve \u0151ket egy sz\u00ednes golfp\u00e1lya h\u00e1tter\u00e9hez. 100% pr\u00e9mium pamutb\u00f3l k\u00e9sz\u00fclt, ez a puha \u00e9s tart\u00f3s p\u00f3l\u00f3 k\u00e9nyelmet biztos\u00edt, mik\u00f6zben egyedi m\u0171v\u00e9szi megjelen\u00e9st k\u00f6lcs\u00f6n\u00f6z. Ide\u00e1lis sz\u00fclet\u00e9snapokra, kar\u00e1csonyra vagy b\u00e1rmilyen k\u00fcl\u00f6nleges alkalomra, ez a p\u00f3l\u00f3 a t\u00f6k\u00e9letes aj\u00e1nd\u00e9k a fiatal sportrajong\u00f3knak, akik szeretn\u00e9k kifejezni a golf ir\u00e1nti szeretet\u00fcket.<\/p>","protected":false},"excerpt":{"rendered":"<p>Inspir\u00e1lja a fiatal l\u00e1nyokat egy egyedi l\u00e1ny golfp\u00f3l\u00f3val. A fot\u00f3k szem\u00e9lyre szabott golfj\u00e1t\u00e9kos-tervei minden f\u00e9nyk\u00e9pet egyedi p\u00f3l\u00f3v\u00e1 alak\u00edtanak \u00e1t.<\/p>","protected":false},"featured_media":128955,"comment_status":"open","ping_status":"closed","template":"","meta":{"_acf_changed":false},"product_brand":[],"product_cat":[6193,6319,152,6412,6428,58],"product_tag":[6433,6439,6331,6221],"class_list":{"0":"post-128721","1":"product","2":"type-product","3":"status-publish","4":"has-post-thumbnail","6":"product_cat-girls-t-shirts","7":"product_cat-custom-gifts-ai-golf","8":"product_cat-girls","9":"product_cat-photo-to-tees","10":"product_cat-translate-products","11":"product_cat-youth-kids","12":"product_tag-ai-artwork","13":"product_tag-ai-kids-artwork","14":"product_tag-custom-picture-t-shirt-for-girls","15":"product_tag-custom-t-shirts-near-me","17":"first","18":"instock","19":"taxable","20":"shipping-taxable","21":"purchasable","22":"product-type-simple"},"acf":[],"wcpa_form_fields":null,"_links":{"self":[{"href":"https:\/\/www.customywear.com\/hu\/wp-json\/wp\/v2\/product\/128721","targetHints":{"allow":["GET"]}}],"collection":[{"href":"https:\/\/www.customywear.com\/hu\/wp-json\/wp\/v2\/product"}],"about":[{"href":"https:\/\/www.customywear.com\/hu\/wp-json\/wp\/v2\/types\/product"}],"replies":[{"embeddable":true,"href":"https:\/\/www.customywear.com\/hu\/wp-json\/wp\/v2\/comments?post=128721"}],"wp:featuredmedia":[{"embeddable":true,"href":"https:\/\/www.customywear.com\/hu\/wp-json\/wp\/v2\/media\/128955"}],"wp:attachment":[{"href":"https:\/\/www.customywear.com\/hu\/wp-json\/wp\/v2\/media?parent=128721"}],"wp:term":[{"taxonomy":"product_brand","embeddable":true,"href":"https:\/\/www.customywear.com\/hu\/wp-json\/wp\/v2\/product_brand?post=128721"},{"taxonomy":"product_cat","embeddable":true,"href":"https:\/\/www.customywear.com\/hu\/wp-json\/wp\/v2\/product_cat?post=128721"},{"taxonomy":"product_tag","embeddable":true,"href":"https:\/\/www.customywear.com\/hu\/wp-json\/wp\/v2\/product_tag?post=128721"}],"curies":[{"name":"wp","href":"https:\/\/api.w.org\/{rel}","templated":true}]}}