{"id":128755,"date":"2025-03-27T20:32:28","date_gmt":"2025-03-27T20:32:28","guid":{"rendered":"https:\/\/www.customywear.com\/?post_type=product&#038;p=128755"},"modified":"2026-05-07T15:29:41","modified_gmt":"2026-05-07T15:29:41","slug":"egyedi-toddler-fiu-golf-polo","status":"publish","type":"product","link":"https:\/\/www.customywear.com\/hu\/custom-toddler-boys-golf-tshirt\/","title":{"rendered":"Egyedi kisgyermek fi\u00fa golf p\u00f3l\u00f3 \u2013 szem\u00e9lyre szabott golfj\u00e1t\u00e9kos design fot\u00f3 alapj\u00e1n"},"content":{"rendered":"<p>\u00dcnnepeld meg kis golfoz\u00f3dat egyedi, szem\u00e9lyre szabott kisgyermek fi\u00fa golf p\u00f3l\u00f3nkkal! Gyermeked fot\u00f3it digit\u00e1lisan \u00e1talak\u00edtjuk im\u00e1dnival\u00f3 golfj\u00e1t\u00e9kos karakterekk\u00e9, \u00e9letre keltve \u0151ket egy \u00e9l\u00e9nk, m\u0171v\u00e9szi golfp\u00e1lya h\u00e1tter\u00e9n. Puha, 100% pamutb\u00f3l k\u00e9sz\u00fclt, ez a pr\u00e9mium min\u0151s\u00e9g\u0171 p\u00f3l\u00f3 nemcsak k\u00e9nyelmes, de tart\u00f3s is az akt\u00edv j\u00e1t\u00e9khoz. Kiv\u00e1l\u00f3 min\u0151s\u00e9g\u0171 DTG nyomtat\u00e1sunk biztos\u00edtja, hogy az \u00e9l\u00e9nk mint\u00e1k sz\u00e1mtalan mos\u00e1st kib\u00edrjanak. Ez a szem\u00e9lyre szabott p\u00f3l\u00f3 felejthetetlen aj\u00e1nd\u00e9k a sportrajong\u00f3k sz\u00e1m\u00e1ra, \u00e9s t\u00f6k\u00e9letes b\u00e1rmilyen alkalomra - sz\u00fclet\u00e9snapra, kar\u00e1csonyra vagy esk\u00fcv\u0151re! Aj\u00e1nd\u00e9kozd meg gyermekedet a golfoz\u00e1ssal st\u00edlusos \u00e9s sz\u00f3rakoztat\u00f3 m\u00f3don!<\/p>","protected":false},"excerpt":{"rendered":"<p>Kor\u00e1n induljon el egy egyedi Toddler Boys' Golf p\u00f3l\u00f3val. A fot\u00f3k szem\u00e9lyre szabott golfj\u00e1t\u00e9kos-tervei minden kis golfoz\u00f3 f\u00e9nyk\u00e9p\u00e9t j\u00e1t\u00e9kos, egyedi p\u00f3l\u00f3v\u00e1 var\u00e1zsolj\u00e1k.<\/p>","protected":false},"featured_media":128989,"comment_status":"open","ping_status":"closed","template":"","meta":{"_acf_changed":false},"product_brand":[],"product_cat":[6209,6319,6412,6428],"product_tag":[6433,6439,6221],"class_list":{"0":"post-128755","1":"product","2":"type-product","3":"status-publish","4":"has-post-thumbnail","6":"product_cat-toddler-boy-t-shirts","7":"product_cat-custom-gifts-ai-golf","8":"product_cat-photo-to-tees","9":"product_cat-translate-products","10":"product_tag-ai-artwork","11":"product_tag-ai-kids-artwork","12":"product_tag-custom-t-shirts-near-me","14":"first","15":"instock","16":"taxable","17":"shipping-taxable","18":"purchasable","19":"product-type-simple"},"acf":[],"wcpa_form_fields":null,"_links":{"self":[{"href":"https:\/\/www.customywear.com\/hu\/wp-json\/wp\/v2\/product\/128755","targetHints":{"allow":["GET"]}}],"collection":[{"href":"https:\/\/www.customywear.com\/hu\/wp-json\/wp\/v2\/product"}],"about":[{"href":"https:\/\/www.customywear.com\/hu\/wp-json\/wp\/v2\/types\/product"}],"replies":[{"embeddable":true,"href":"https:\/\/www.customywear.com\/hu\/wp-json\/wp\/v2\/comments?post=128755"}],"wp:featuredmedia":[{"embeddable":true,"href":"https:\/\/www.customywear.com\/hu\/wp-json\/wp\/v2\/media\/128989"}],"wp:attachment":[{"href":"https:\/\/www.customywear.com\/hu\/wp-json\/wp\/v2\/media?parent=128755"}],"wp:term":[{"taxonomy":"product_brand","embeddable":true,"href":"https:\/\/www.customywear.com\/hu\/wp-json\/wp\/v2\/product_brand?post=128755"},{"taxonomy":"product_cat","embeddable":true,"href":"https:\/\/www.customywear.com\/hu\/wp-json\/wp\/v2\/product_cat?post=128755"},{"taxonomy":"product_tag","embeddable":true,"href":"https:\/\/www.customywear.com\/hu\/wp-json\/wp\/v2\/product_tag?post=128755"}],"curies":[{"name":"wp","href":"https:\/\/api.w.org\/{rel}","templated":true}]}}