{"id":128831,"date":"2025-03-27T20:32:29","date_gmt":"2025-03-27T20:32:29","guid":{"rendered":"https:\/\/www.customywear.com\/?post_type=product&#038;p=128831"},"modified":"2026-05-05T20:24:06","modified_gmt":"2026-05-05T20:24:06","slug":"golf-ferfi-polo-szemelyre-szabott","status":"publish","type":"product","link":"https:\/\/www.customywear.com\/hu\/custom-golf-tshirt-men-personalized\/","title":{"rendered":"Egy\u00e9ni Golf P\u00f3l\u00f3 F\u00e9rfi \u2013 Szem\u00e9lyre szabott fot\u00f3m\u0171v\u00e9szet, 100% Pamut Sport P\u00f3l\u00f3"},"content":{"rendered":"<p>Tapasztald meg a sport \u00e9s a m\u0171v\u00e9szet \u00f6tv\u00f6z\u00e9s\u00e9t egyedi f\u00e9rfi golf p\u00f3l\u00f3nkkal! Ez az egyedi p\u00f3l\u00f3 egy vibr\u00e1l\u00f3, szem\u00e9lyre szabott karaktert \u00e1br\u00e1zol, amelyet saj\u00e1t fot\u00f3d alapj\u00e1n alkott\u00e1l meg, meg\u00f6r\u00f6k\u00edtve golfkedvedet egy sz\u00ednes j\u00e1tsz\u00f3t\u00e9ri k\u00f6rnyezetben. Puha, 100% pamutb\u00f3l k\u00e9sz\u00fclt, pr\u00e9mium min\u0151s\u00e9get \u00e9s tart\u00f3ss\u00e1got k\u00edn\u00e1l a mindennapi viselethez. Kiv\u00e1l\u00f3 min\u0151s\u00e9g\u0171, k\u00f6zvetlen\u00fcl a ruhadarabra nyomtatott nyomtat\u00e1sunk biztos\u00edtja, hogy minden minta \u00e9l\u00e9nk \u00e9s tart\u00f3s maradjon. T\u00f6k\u00e9letes aj\u00e1nd\u00e9k sz\u00fclet\u00e9snapra, kar\u00e1csonyra, esk\u00fcv\u0151re vagy b\u00e1rmilyen k\u00fcl\u00f6nleges alkalomra a sportrajong\u00f3 sz\u00e1m\u00e1ra az \u00e9letedben!<\/p>","protected":false},"excerpt":{"rendered":"<p>J\u00e1tssz k\u00e9nyelmesen egy egyedi golfp\u00f3l\u00f3val. A 100% pamut sportp\u00f3l\u00f3 szem\u00e9lyre szabott fot\u00f3m\u0171v\u00e9szete minden fot\u00f3t mer\u00e9sz, egyedi p\u00f3l\u00f3v\u00e1 var\u00e1zsol.<\/p>","protected":false},"featured_media":128861,"comment_status":"open","ping_status":"closed","template":"","meta":{"_acf_changed":false},"product_brand":[],"product_cat":[6195,6319,186,6339,6412,6428],"product_tag":[6433,6327,6216],"class_list":{"0":"post-128831","1":"product","2":"type-product","3":"status-publish","4":"has-post-thumbnail","6":"product_cat-t-shirts-men","7":"product_cat-custom-gifts-ai-golf","8":"product_cat-men","9":"product_cat-mens-sports-t-shirts","10":"product_cat-photo-to-tees","11":"product_cat-translate-products","12":"product_tag-ai-artwork","13":"product_tag-custom-photo-t-shirt-for-men","14":"product_tag-mens-custom-t-shirts","16":"first","17":"instock","18":"taxable","19":"shipping-taxable","20":"purchasable","21":"product-type-simple"},"acf":[],"wcpa_form_fields":null,"_links":{"self":[{"href":"https:\/\/www.customywear.com\/hu\/wp-json\/wp\/v2\/product\/128831","targetHints":{"allow":["GET"]}}],"collection":[{"href":"https:\/\/www.customywear.com\/hu\/wp-json\/wp\/v2\/product"}],"about":[{"href":"https:\/\/www.customywear.com\/hu\/wp-json\/wp\/v2\/types\/product"}],"replies":[{"embeddable":true,"href":"https:\/\/www.customywear.com\/hu\/wp-json\/wp\/v2\/comments?post=128831"}],"wp:featuredmedia":[{"embeddable":true,"href":"https:\/\/www.customywear.com\/hu\/wp-json\/wp\/v2\/media\/128861"}],"wp:attachment":[{"href":"https:\/\/www.customywear.com\/hu\/wp-json\/wp\/v2\/media?parent=128831"}],"wp:term":[{"taxonomy":"product_brand","embeddable":true,"href":"https:\/\/www.customywear.com\/hu\/wp-json\/wp\/v2\/product_brand?post=128831"},{"taxonomy":"product_cat","embeddable":true,"href":"https:\/\/www.customywear.com\/hu\/wp-json\/wp\/v2\/product_cat?post=128831"},{"taxonomy":"product_tag","embeddable":true,"href":"https:\/\/www.customywear.com\/hu\/wp-json\/wp\/v2\/product_tag?post=128831"}],"curies":[{"name":"wp","href":"https:\/\/api.w.org\/{rel}","templated":true}]}}