{"id":129045,"date":"2025-03-29T13:55:41","date_gmt":"2025-03-29T13:55:41","guid":{"rendered":"https:\/\/www.customywear.com\/?post_type=product&#038;p=129045"},"modified":"2026-05-07T15:29:32","modified_gmt":"2026-05-07T15:29:32","slug":"egyedi-francia-temaju-polo-fiuknak","status":"publish","type":"product","link":"https:\/\/www.customywear.com\/hu\/custom-french-themed-tshirt-boys\/","title":{"rendered":"Egy\u00e9ni francia-T\u00e9m\u00e1j\u00fa P\u00f3l\u00f3 Fi\u00faknak \u2013 Szem\u00e9lyre szabott Fot\u00f3 Karakter Tee"},"content":{"rendered":"<p>V\u00e1ltoztasd \u00e1t gyermeked fot\u00f3j\u00e1t egy \u00e9l\u00e9nk, szem\u00e9lyre szabott karakterr\u00e9, aki a francia z\u00e1szl\u00f3 sz\u00edneiben pomp\u00e1zik, gy\u00f6ny\u00f6r\u0171en kidolgozott francia h\u00e1tt\u00e9r el\u0151tt. Ez az egyedi p\u00f3l\u00f3 100% puha pamutb\u00f3l k\u00e9sz\u00fclt, \u00edgy k\u00e9nyelmes \u00e9s st\u00edlusos, kiv\u00e1l\u00f3 min\u0151s\u00e9g\u0171 DTG nyomtat\u00e1ssal pedig tart\u00f3s, szemet gy\u00f6ny\u00f6rk\u00f6dtet\u0151 diz\u00e1jnt k\u00f6lcs\u00f6n\u00f6z. T\u00f6k\u00e9letes aj\u00e1nd\u00e9k sz\u00fclet\u00e9snapra, kar\u00e1csonyra vagy esk\u00fcv\u0151re, ez az egyedi darab ide\u00e1lis azoknak a fiatal fi\u00faknak, akik szeretik a francia kult\u00far\u00e1t, vagy arr\u00f3l \u00e1lmodoznak, hogy Franciaorsz\u00e1gba utazzanak.<\/p>","protected":false},"excerpt":{"rendered":"<p>Mutasson francia hangulatot egyedi francia t\u00e9m\u00e1j\u00fa fi\u00faknak. A szem\u00e9lyre szabott fot\u00f3karakteres p\u00f3l\u00f3k minden f\u00e9nyk\u00e9pet egyedi p\u00f3l\u00f3v\u00e1 var\u00e1zsolnak.<\/p>","protected":false},"featured_media":129217,"comment_status":"open","ping_status":"closed","template":"","meta":{"_acf_changed":false},"product_brand":[],"product_cat":[6189,6320,6412,6428],"product_tag":[6433,6439,6221,6330],"class_list":{"0":"post-129045","1":"product","2":"type-product","3":"status-publish","4":"has-post-thumbnail","6":"product_cat-boys-t-shirts","7":"product_cat-custom-gifts-french-culture","8":"product_cat-photo-to-tees","9":"product_cat-translate-products","10":"product_tag-ai-artwork","11":"product_tag-ai-kids-artwork","12":"product_tag-custom-t-shirts-near-me","13":"product_tag-photo-print-t-shirt-for-boys","15":"first","16":"instock","17":"taxable","18":"shipping-taxable","19":"purchasable","20":"product-type-simple"},"acf":[],"wcpa_form_fields":null,"_links":{"self":[{"href":"https:\/\/www.customywear.com\/hu\/wp-json\/wp\/v2\/product\/129045","targetHints":{"allow":["GET"]}}],"collection":[{"href":"https:\/\/www.customywear.com\/hu\/wp-json\/wp\/v2\/product"}],"about":[{"href":"https:\/\/www.customywear.com\/hu\/wp-json\/wp\/v2\/types\/product"}],"replies":[{"embeddable":true,"href":"https:\/\/www.customywear.com\/hu\/wp-json\/wp\/v2\/comments?post=129045"}],"wp:featuredmedia":[{"embeddable":true,"href":"https:\/\/www.customywear.com\/hu\/wp-json\/wp\/v2\/media\/129217"}],"wp:attachment":[{"href":"https:\/\/www.customywear.com\/hu\/wp-json\/wp\/v2\/media?parent=129045"}],"wp:term":[{"taxonomy":"product_brand","embeddable":true,"href":"https:\/\/www.customywear.com\/hu\/wp-json\/wp\/v2\/product_brand?post=129045"},{"taxonomy":"product_cat","embeddable":true,"href":"https:\/\/www.customywear.com\/hu\/wp-json\/wp\/v2\/product_cat?post=129045"},{"taxonomy":"product_tag","embeddable":true,"href":"https:\/\/www.customywear.com\/hu\/wp-json\/wp\/v2\/product_tag?post=129045"}],"curies":[{"name":"wp","href":"https:\/\/api.w.org\/{rel}","templated":true}]}}