{"id":129062,"date":"2025-03-29T13:55:41","date_gmt":"2025-03-29T13:55:41","guid":{"rendered":"https:\/\/www.customywear.com\/?post_type=product&#038;p=129062"},"modified":"2026-05-07T15:29:32","modified_gmt":"2026-05-07T15:29:32","slug":"egyedi-francia-temaju-polo-kisgyermekeknek","status":"publish","type":"product","link":"https:\/\/www.customywear.com\/hu\/custom-french-themed-tshirt-toddlers\/","title":{"rendered":"Egyedi francia t\u00e9m\u00e1j\u00fa p\u00f3l\u00f3 kisgyermekeknek \u2013 szem\u00e9lyre szabott fot\u00f3s karakteres p\u00f3l\u00f3"},"content":{"rendered":"<p>V\u00e1ltoztasd \u00e1t kisgyermekedet elb\u0171v\u00f6l\u0151 kis francia \u00e1llampolg\u00e1rr\u00e1 egyedi p\u00f3l\u00f3nkkal! Ez az egyedi darab digit\u00e1lisan elk\u00e9sz\u00edtett k\u00e9pet \u00e1br\u00e1zol gyermekedr\u0151l, \u00e9l\u00e9nk francia z\u00e1szl\u00f3sz\u00ednekben, egy m\u0171v\u00e9szi \u00e9s sz\u00ednes, Franciaorsz\u00e1g ihlette h\u00e1tt\u00e9r el\u0151tt. Puha, 100% pamutb\u00f3l k\u00e9sz\u00fclt, ez a pr\u00e9mium min\u0151s\u00e9g\u0171 p\u00f3l\u00f3 k\u00e9nyelmet biztos\u00edt, m\u00edg kiv\u00e1l\u00f3 min\u0151s\u00e9g\u0171 DTG nyomtat\u00e1sunk garant\u00e1lja az \u00e9l\u00e9nk diz\u00e1jn tart\u00f3ss\u00e1g\u00e1t. T\u00f6k\u00e9letes aj\u00e1nd\u00e9k a francia kult\u00fara szerelmeseinek, a felt\u00f6rekv\u0151 utaz\u00f3knak, vagy k\u00fcl\u00f6nleges alkalmak, p\u00e9ld\u00e1ul sz\u00fclet\u00e9snapok, kar\u00e1csony vagy esk\u00fcv\u0151k meg\u00fcnnepl\u00e9s\u00e9re, ez a szem\u00e9lyre szabott p\u00f3l\u00f3 elb\u0171v\u00f6l\u0151 m\u00f3dja annak, hogy bemutasd gyermeked egy\u00e9nis\u00e9g\u00e9t \u00e9s Franciaorsz\u00e1g ir\u00e1nti szeretet\u00e9t.<\/p>","protected":false},"excerpt":{"rendered":"<p>\u00d6lt\u00f6ztesd fel st\u00edlusosan a kisgyermekeket egy egyedi francia t\u00e9m\u00e1j\u00fa p\u00f3l\u00f3val kisgyermekeknek. A szem\u00e9lyre szabott fot\u00f3karakter p\u00f3l\u00f3k minden f\u00e9nyk\u00e9pet j\u00e1t\u00e9kos, egyedi p\u00f3l\u00f3v\u00e1 alak\u00edtanak \u00e1t.<\/p>","protected":false},"featured_media":129259,"comment_status":"open","ping_status":"closed","template":"","meta":{"_acf_changed":false},"product_brand":[],"product_cat":[6209,6320,6412,6428],"product_tag":[6433,6439,6221],"class_list":{"0":"post-129062","1":"product","2":"type-product","3":"status-publish","4":"has-post-thumbnail","6":"product_cat-toddler-boy-t-shirts","7":"product_cat-custom-gifts-french-culture","8":"product_cat-photo-to-tees","9":"product_cat-translate-products","10":"product_tag-ai-artwork","11":"product_tag-ai-kids-artwork","12":"product_tag-custom-t-shirts-near-me","14":"first","15":"instock","16":"taxable","17":"shipping-taxable","18":"purchasable","19":"product-type-simple"},"acf":[],"wcpa_form_fields":null,"_links":{"self":[{"href":"https:\/\/www.customywear.com\/hu\/wp-json\/wp\/v2\/product\/129062","targetHints":{"allow":["GET"]}}],"collection":[{"href":"https:\/\/www.customywear.com\/hu\/wp-json\/wp\/v2\/product"}],"about":[{"href":"https:\/\/www.customywear.com\/hu\/wp-json\/wp\/v2\/types\/product"}],"replies":[{"embeddable":true,"href":"https:\/\/www.customywear.com\/hu\/wp-json\/wp\/v2\/comments?post=129062"}],"wp:featuredmedia":[{"embeddable":true,"href":"https:\/\/www.customywear.com\/hu\/wp-json\/wp\/v2\/media\/129259"}],"wp:attachment":[{"href":"https:\/\/www.customywear.com\/hu\/wp-json\/wp\/v2\/media?parent=129062"}],"wp:term":[{"taxonomy":"product_brand","embeddable":true,"href":"https:\/\/www.customywear.com\/hu\/wp-json\/wp\/v2\/product_brand?post=129062"},{"taxonomy":"product_cat","embeddable":true,"href":"https:\/\/www.customywear.com\/hu\/wp-json\/wp\/v2\/product_cat?post=129062"},{"taxonomy":"product_tag","embeddable":true,"href":"https:\/\/www.customywear.com\/hu\/wp-json\/wp\/v2\/product_tag?post=129062"}],"curies":[{"name":"wp","href":"https:\/\/api.w.org\/{rel}","templated":true}]}}