{"id":129109,"date":"2025-03-29T13:55:42","date_gmt":"2025-03-29T13:55:42","guid":{"rendered":"https:\/\/www.customywear.com\/?post_type=product&#038;p=129109"},"modified":"2026-05-05T20:23:26","modified_gmt":"2026-05-05T20:23:26","slug":"egyedi-francia-temaju-noi-polo","status":"publish","type":"product","link":"https:\/\/www.customywear.com\/hu\/custom-french-themed-tshirt-women\/","title":{"rendered":"Egy\u00e9ni francia-T\u00e9m\u00e1j\u00fa T-Shirt a N\u0151k sz\u00e1m\u00e1ra \u2013 Szem\u00e9lyre szabott Fot\u00f3 Karakter Tee"},"content":{"rendered":"<p>Mer\u00edtsd meg Franciaorsz\u00e1g var\u00e1zs\u00e1t egyedi, francia t\u00e9m\u00e1j\u00fa n\u0151i p\u00f3l\u00f3nkkal! V\u00e1ltoztasd \u00e1t kedvenc fot\u00f3dat egy \u00e9l\u00e9nk, szem\u00e9lyre szabott karakterr\u00e9, aki a francia z\u00e1szl\u00f3 sz\u00edneiben pomp\u00e1zik, mindezt egy szesz\u00e9lyes francia j\u00e1tsz\u00f3t\u00e9ri h\u00e1tt\u00e9r el\u0151tt. Puha, 100% pamutb\u00f3l k\u00e9sz\u00fclt, ez a pr\u00e9mium min\u0151s\u00e9g\u0171 p\u00f3l\u00f3 kiv\u00e1l\u00f3 min\u0151s\u00e9g\u0171 DTG nyomtat\u00e1ssal rendelkezik, \u00e9l\u00e9nk, tart\u00f3s diz\u00e1jnnal, amely t\u00fckr\u00f6zi az egyedi st\u00edlusodat. T\u00f6k\u00e9letes aj\u00e1nd\u00e9k sz\u00fclet\u00e9snapra, kar\u00e1csonyra, esk\u00fcv\u0151re, vagy egyszer\u0171en azoknak, akik d\u00e9delgetik a francia kult\u00far\u00e1t, \u00e9s arr\u00f3l \u00e1lmodoznak, hogy Franciaorsz\u00e1gba utazzanak.<\/p>","protected":false},"excerpt":{"rendered":"<p>Emelje fel a divatot egy egyedi francia t\u00e9m\u00e1j\u00fa n\u0151i p\u00f3l\u00f3val. A szem\u00e9lyre szabott fot\u00f3karakteres p\u00f3l\u00f3k minden fot\u00f3t st\u00edlusos, egyedi p\u00f3l\u00f3v\u00e1 alak\u00edtanak \u00e1t.<\/p>","protected":false},"featured_media":129196,"comment_status":"open","ping_status":"closed","template":"","meta":{"_acf_changed":false},"product_brand":[],"product_cat":[6191,6320,6412,6428,75,6358,6355],"product_tag":[6214,6433,6328,229,6215],"class_list":{"0":"post-129109","1":"product","2":"type-product","3":"status-publish","4":"has-post-thumbnail","6":"product_cat-t-shirts-women","7":"product_cat-custom-gifts-french-culture","8":"product_cat-photo-to-tees","9":"product_cat-translate-products","10":"product_cat-women","11":"product_cat-womens-anniversary-t-shirts","12":"product_cat-womens-culture-country-t-shirts","13":"product_tag-affordable-custom-t-shirts","14":"product_tag-ai-artwork","15":"product_tag-custom-image-t-shirt-for-women","16":"product_tag-custom-tee-shirts","17":"product_tag-screen-printing-near-me","19":"first","20":"instock","21":"taxable","22":"shipping-taxable","23":"purchasable","24":"product-type-simple"},"acf":[],"wcpa_form_fields":null,"_links":{"self":[{"href":"https:\/\/www.customywear.com\/hu\/wp-json\/wp\/v2\/product\/129109","targetHints":{"allow":["GET"]}}],"collection":[{"href":"https:\/\/www.customywear.com\/hu\/wp-json\/wp\/v2\/product"}],"about":[{"href":"https:\/\/www.customywear.com\/hu\/wp-json\/wp\/v2\/types\/product"}],"replies":[{"embeddable":true,"href":"https:\/\/www.customywear.com\/hu\/wp-json\/wp\/v2\/comments?post=129109"}],"wp:featuredmedia":[{"embeddable":true,"href":"https:\/\/www.customywear.com\/hu\/wp-json\/wp\/v2\/media\/129196"}],"wp:attachment":[{"href":"https:\/\/www.customywear.com\/hu\/wp-json\/wp\/v2\/media?parent=129109"}],"wp:term":[{"taxonomy":"product_brand","embeddable":true,"href":"https:\/\/www.customywear.com\/hu\/wp-json\/wp\/v2\/product_brand?post=129109"},{"taxonomy":"product_cat","embeddable":true,"href":"https:\/\/www.customywear.com\/hu\/wp-json\/wp\/v2\/product_cat?post=129109"},{"taxonomy":"product_tag","embeddable":true,"href":"https:\/\/www.customywear.com\/hu\/wp-json\/wp\/v2\/product_tag?post=129109"}],"curies":[{"name":"wp","href":"https:\/\/api.w.org\/{rel}","templated":true}]}}