{"id":129138,"date":"2025-03-29T13:55:42","date_gmt":"2025-03-29T13:55:42","guid":{"rendered":"https:\/\/www.customywear.com\/?post_type=product&#038;p=129138"},"modified":"2026-05-05T20:24:06","modified_gmt":"2026-05-05T20:24:06","slug":"ferfi-francia-temaju-egyedi-polo","status":"publish","type":"product","link":"https:\/\/www.customywear.com\/hu\/custom-french-themed-tshirt-men\/","title":{"rendered":"Egy\u00e9ni francia-T\u00e9m\u00e1j\u00fa T-Shirt F\u00e9rfi \u2013 Szem\u00e9lyre szabott Fot\u00f3 Karakter Tee"},"content":{"rendered":"<p>V\u00e1ltoztasd \u00e1t kedvenc fot\u00f3dat egy felt\u0171n\u0151, szem\u00e9lyre szabott karakterr\u00e9 egyedi, francia t\u00e9m\u00e1j\u00fa p\u00f3l\u00f3nkon! Ez az egyedi diz\u00e1jn a francia z\u00e1szl\u00f3ra eml\u00e9keztet\u0151 \u00e9l\u00e9nk sz\u00edneket \u00e1br\u00e1zol, gy\u00f6ny\u00f6r\u0171en kidolgozott, m\u0171v\u00e9szi j\u00e1tsz\u00f3t\u00e9ri h\u00e1tt\u00e9r el\u0151tt. Puha, 100% pamutb\u00f3l k\u00e9sz\u00fclt, ez a pr\u00e9mium min\u0151s\u00e9g\u0171 p\u00f3l\u00f3 k\u00e9nyelmet \u00e9s tart\u00f3ss\u00e1got \u00edg\u00e9r. T\u00f6k\u00e9letes aj\u00e1nd\u00e9k a francia kult\u00fara szerelmeseinek, utaz\u00f3knak, vagy k\u00fcl\u00f6nleges alkalmak, p\u00e9ld\u00e1ul sz\u00fclet\u00e9snapok, kar\u00e1csony \u00e9s esk\u00fcv\u0151k meg\u00fcnnepl\u00e9s\u00e9re. Minden diz\u00e1jnt k\u00e9pzett m\u0171v\u00e9szek k\u00e9sz\u00edtenek egyedileg, \u00edgy biztos\u00edtva, hogy egy egyed\u00fcl\u00e1ll\u00f3, viselhet\u0151 m\u0171alkot\u00e1sr\u00f3l legyen sz\u00f3.<\/p>","protected":false},"excerpt":{"rendered":"<p>Mutasson eleganci\u00e1t egy egyedi francia t\u00e9m\u00e1j\u00fa f\u00e9rfi p\u00f3l\u00f3val. A szem\u00e9lyre szabott fot\u00f3karakteres p\u00f3l\u00f3k minden f\u00e9nyk\u00e9pet mer\u00e9sz, egyedi p\u00f3l\u00f3v\u00e1 var\u00e1zsolnak.<\/p>","protected":false},"featured_media":129175,"comment_status":"open","ping_status":"closed","template":"","meta":{"_acf_changed":false},"product_brand":[],"product_cat":[6195,6320,186,6345,6412,6428],"product_tag":[6433,6327,6216],"class_list":{"0":"post-129138","1":"product","2":"type-product","3":"status-publish","4":"has-post-thumbnail","6":"product_cat-t-shirts-men","7":"product_cat-custom-gifts-french-culture","8":"product_cat-men","9":"product_cat-mens-country-culture-t-shirts","10":"product_cat-photo-to-tees","11":"product_cat-translate-products","12":"product_tag-ai-artwork","13":"product_tag-custom-photo-t-shirt-for-men","14":"product_tag-mens-custom-t-shirts","16":"first","17":"instock","18":"taxable","19":"shipping-taxable","20":"purchasable","21":"product-type-simple"},"acf":[],"wcpa_form_fields":null,"_links":{"self":[{"href":"https:\/\/www.customywear.com\/hu\/wp-json\/wp\/v2\/product\/129138","targetHints":{"allow":["GET"]}}],"collection":[{"href":"https:\/\/www.customywear.com\/hu\/wp-json\/wp\/v2\/product"}],"about":[{"href":"https:\/\/www.customywear.com\/hu\/wp-json\/wp\/v2\/types\/product"}],"replies":[{"embeddable":true,"href":"https:\/\/www.customywear.com\/hu\/wp-json\/wp\/v2\/comments?post=129138"}],"wp:featuredmedia":[{"embeddable":true,"href":"https:\/\/www.customywear.com\/hu\/wp-json\/wp\/v2\/media\/129175"}],"wp:attachment":[{"href":"https:\/\/www.customywear.com\/hu\/wp-json\/wp\/v2\/media?parent=129138"}],"wp:term":[{"taxonomy":"product_brand","embeddable":true,"href":"https:\/\/www.customywear.com\/hu\/wp-json\/wp\/v2\/product_brand?post=129138"},{"taxonomy":"product_cat","embeddable":true,"href":"https:\/\/www.customywear.com\/hu\/wp-json\/wp\/v2\/product_cat?post=129138"},{"taxonomy":"product_tag","embeddable":true,"href":"https:\/\/www.customywear.com\/hu\/wp-json\/wp\/v2\/product_tag?post=129138"}],"curies":[{"name":"wp","href":"https:\/\/api.w.org\/{rel}","templated":true}]}}