{"id":129398,"date":"2025-04-10T09:32:17","date_gmt":"2025-04-10T09:32:17","guid":{"rendered":"https:\/\/www.customywear.com\/?post_type=product&#038;p=129398"},"modified":"2026-05-07T15:29:31","modified_gmt":"2026-05-07T15:29:31","slug":"lanyos-egyedi-gyorsasagi-versenyzo-polo-fotoval","status":"publish","type":"product","link":"https:\/\/www.customywear.com\/hu\/girls-custom-speed-racer-photo-tee\/","title":{"rendered":"Szem\u00e9lyre szabott l\u00e1nyos versenyp\u00f3l\u00f3 \u2013 Egyedi gyorsas\u00e1gi p\u00f3l\u00f3 gyerekeknek fot\u00f3val | Egyedi aj\u00e1nd\u00e9k l\u00e1nyoknak, akik im\u00e1dj\u00e1k az aut\u00f3kat \u00e9s a sebess\u00e9get"},"content":{"rendered":"<p>Gy\u00fajtsd be gyermeked fant\u00e1zi\u00e1j\u00e1t vel\u00fcnk <strong data-start=\"485\" data-end=\"528\">L\u00e1ny szem\u00e9lyre szabott gyorsas\u00e1gi versenyz\u0151 p\u00f3l\u00f3<\/strong>, egy egyedi aj\u00e1nd\u00e9k, amely a fot\u00f3j\u00e1t izgalmas versenyaut\u00f3s jelenetekk\u00e9 v\u00e1ltoztatja! Puha, 100% pr\u00e9mium pamutb\u00f3l k\u00e9sz\u00fclt, \u00e9l\u00e9nk, fakul\u00e1s\u00e1ll\u00f3 DTG technol\u00f3gi\u00e1val nyomtatott, ez a p\u00f3l\u00f3 egyszerre k\u00e9nyelmes \u00e9s mag\u00e1val ragad\u00f3. A sebess\u00e9get, a versenyz\u00e9st \u00e9s az egyedi divatot kedvel\u0151 fiatal l\u00e1nyok sz\u00e1m\u00e1ra tervezett p\u00f3l\u00f3k mindegyike k\u00e9zzel k\u00e9sz\u00edtett digit\u00e1lis grafik\u00e1val d\u00edsz\u00edtett, amely \u0151t teszi a szt\u00e1rpil\u00f3t\u00e1v\u00e1. T\u00f6k\u00e9letes sz\u00fclet\u00e9snapokra vagy k\u00fcl\u00f6nleges alkalmakra, ez az egyedi p\u00f3l\u00f3 \u00f6r\u00f6mteli utaz\u00e1st k\u00edn\u00e1l a kreativit\u00e1s \u00e9s a sz\u00f3rakoz\u00e1s vil\u00e1g\u00e1ba!<\/p>","protected":false},"excerpt":{"rendered":"<p>Versenyezzen st\u00edlusosan egy l\u00e1ny szem\u00e9lyre szabott versenyp\u00f3l\u00f3j\u00e1val. Egyedi Speed Racer p\u00f3l\u00f3k gyerekeknek V\u00e1ltoztasson b\u00e1rmilyen f\u00e9nyk\u00e9pet sz\u00f3rakoztat\u00f3, egyedi p\u00f3l\u00f3v\u00e1.<\/p>","protected":false},"featured_media":129568,"comment_status":"open","ping_status":"closed","template":"","meta":{"_acf_changed":false},"product_brand":[],"product_cat":[6193,6323,152,6412,6428,58],"product_tag":[6433,6439,6331,6221],"class_list":{"0":"post-129398","1":"product","2":"type-product","3":"status-publish","4":"has-post-thumbnail","6":"product_cat-girls-t-shirts","7":"product_cat-custom-gifts-formula-1-racing-car","8":"product_cat-girls","9":"product_cat-photo-to-tees","10":"product_cat-translate-products","11":"product_cat-youth-kids","12":"product_tag-ai-artwork","13":"product_tag-ai-kids-artwork","14":"product_tag-custom-picture-t-shirt-for-girls","15":"product_tag-custom-t-shirts-near-me","17":"first","18":"instock","19":"taxable","20":"shipping-taxable","21":"purchasable","22":"product-type-simple"},"acf":[],"wcpa_form_fields":null,"_links":{"self":[{"href":"https:\/\/www.customywear.com\/hu\/wp-json\/wp\/v2\/product\/129398","targetHints":{"allow":["GET"]}}],"collection":[{"href":"https:\/\/www.customywear.com\/hu\/wp-json\/wp\/v2\/product"}],"about":[{"href":"https:\/\/www.customywear.com\/hu\/wp-json\/wp\/v2\/types\/product"}],"replies":[{"embeddable":true,"href":"https:\/\/www.customywear.com\/hu\/wp-json\/wp\/v2\/comments?post=129398"}],"wp:featuredmedia":[{"embeddable":true,"href":"https:\/\/www.customywear.com\/hu\/wp-json\/wp\/v2\/media\/129568"}],"wp:attachment":[{"href":"https:\/\/www.customywear.com\/hu\/wp-json\/wp\/v2\/media?parent=129398"}],"wp:term":[{"taxonomy":"product_brand","embeddable":true,"href":"https:\/\/www.customywear.com\/hu\/wp-json\/wp\/v2\/product_brand?post=129398"},{"taxonomy":"product_cat","embeddable":true,"href":"https:\/\/www.customywear.com\/hu\/wp-json\/wp\/v2\/product_cat?post=129398"},{"taxonomy":"product_tag","embeddable":true,"href":"https:\/\/www.customywear.com\/hu\/wp-json\/wp\/v2\/product_tag?post=129398"}],"curies":[{"name":"wp","href":"https:\/\/api.w.org\/{rel}","templated":true}]}}