{"id":129432,"date":"2025-04-10T09:32:18","date_gmt":"2025-04-10T09:32:18","guid":{"rendered":"https:\/\/www.customywear.com\/?post_type=product&#038;p=129432"},"modified":"2026-05-07T15:29:31","modified_gmt":"2026-05-07T15:29:31","slug":"kisgyermek-fiu-elit-versenyzo-polo","status":"publish","type":"product","link":"https:\/\/www.customywear.com\/hu\/toddler-boys-elite-racing-driver-shirt\/","title":{"rendered":"Elite Racing Driver p\u00f3l\u00f3 kisfi\u00faknak \u2013 szem\u00e9lyre szabott versenyaut\u00f3s p\u00f3l\u00f3 gyerekeknek | Egyedi aj\u00e1nd\u00e9k gyermeked f\u00e9nyk\u00e9p\u00e9vel"},"content":{"rendered":"<p>T\u00f6ltsd meg kisgyermeked versenyz\u00e9si \u00e1lmait ezzel a... <strong data-start=\"474\" data-end=\"519\">Elite Racing Driver p\u00f3l\u00f3 kisfi\u00faknak<\/strong>\u2014egy szem\u00e9lyre szabott p\u00f3l\u00f3, amely gyermeked fot\u00f3j\u00e1t izgalmas versenyjelenetekk\u00e9 var\u00e1zsolja! 100% puha pamutb\u00f3l k\u00e9sz\u00fclt, ez az egyedi p\u00f3l\u00f3 pr\u00e9mium k\u00e9nyelmet \u00e9s tart\u00f3ss\u00e1got k\u00edn\u00e1l az energikus kisgyermekek sz\u00e1m\u00e1ra. A kiv\u00e1l\u00f3 min\u0151s\u00e9g\u0171 DTG nyomtat\u00e1snak k\u00f6sz\u00f6nhet\u0151en az \u00e9l\u00e9nk mint\u00e1k \u00e9vekig \u00e9l\u00e9nkek \u00e9s sz\u00ednesek maradnak. Ak\u00e1r sz\u00fclet\u00e9snapr\u00f3l, esk\u00fcv\u0151r\u0151l, vagy csak gyermeked versenyz\u00e9s ir\u00e1nti szeretet\u00e9nek meg\u00fcnnepl\u00e9s\u00e9r\u0151l van sz\u00f3, ez az egyedi p\u00f3l\u00f3 egyenesen a versenyp\u00e1lya izgalm\u00e1t hozza el a kis bajnoknak!<\/p>","protected":false},"excerpt":{"rendered":"<p>Vezesse a versenyt egy kisfi\u00fa elit versenyz\u0151 p\u00f3l\u00f3j\u00e1val. A gyerekeknek sz\u00e1nt szem\u00e9lyre szabott versenyaut\u00f3 p\u00f3l\u00f3k minden f\u00e9nyk\u00e9pet j\u00e1t\u00e9kos, egyedi p\u00f3l\u00f3v\u00e1 var\u00e1zsolnak.<\/p>","protected":false},"featured_media":129601,"comment_status":"open","ping_status":"closed","template":"","meta":{"_acf_changed":false},"product_brand":[],"product_cat":[6209,6323,6412,6428],"product_tag":[6433,6439,6221],"class_list":{"0":"post-129432","1":"product","2":"type-product","3":"status-publish","4":"has-post-thumbnail","6":"product_cat-toddler-boy-t-shirts","7":"product_cat-custom-gifts-formula-1-racing-car","8":"product_cat-photo-to-tees","9":"product_cat-translate-products","10":"product_tag-ai-artwork","11":"product_tag-ai-kids-artwork","12":"product_tag-custom-t-shirts-near-me","14":"first","15":"instock","16":"taxable","17":"shipping-taxable","18":"purchasable","19":"product-type-simple"},"acf":[],"wcpa_form_fields":null,"_links":{"self":[{"href":"https:\/\/www.customywear.com\/hu\/wp-json\/wp\/v2\/product\/129432","targetHints":{"allow":["GET"]}}],"collection":[{"href":"https:\/\/www.customywear.com\/hu\/wp-json\/wp\/v2\/product"}],"about":[{"href":"https:\/\/www.customywear.com\/hu\/wp-json\/wp\/v2\/types\/product"}],"replies":[{"embeddable":true,"href":"https:\/\/www.customywear.com\/hu\/wp-json\/wp\/v2\/comments?post=129432"}],"wp:featuredmedia":[{"embeddable":true,"href":"https:\/\/www.customywear.com\/hu\/wp-json\/wp\/v2\/media\/129601"}],"wp:attachment":[{"href":"https:\/\/www.customywear.com\/hu\/wp-json\/wp\/v2\/media?parent=129432"}],"wp:term":[{"taxonomy":"product_brand","embeddable":true,"href":"https:\/\/www.customywear.com\/hu\/wp-json\/wp\/v2\/product_brand?post=129432"},{"taxonomy":"product_cat","embeddable":true,"href":"https:\/\/www.customywear.com\/hu\/wp-json\/wp\/v2\/product_cat?post=129432"},{"taxonomy":"product_tag","embeddable":true,"href":"https:\/\/www.customywear.com\/hu\/wp-json\/wp\/v2\/product_tag?post=129432"}],"curies":[{"name":"wp","href":"https:\/\/api.w.org\/{rel}","templated":true}]}}