{"id":129443,"date":"2025-04-10T09:32:18","date_gmt":"2025-04-10T09:32:18","guid":{"rendered":"https:\/\/www.customywear.com\/?post_type=product&#038;p=129443"},"modified":"2026-05-05T20:23:26","modified_gmt":"2026-05-05T20:23:26","slug":"egyedi-noi-versenyauto-vezeto-polo","status":"publish","type":"product","link":"https:\/\/www.customywear.com\/hu\/custom-womens-racing-car-driver-tshirt\/","title":{"rendered":"Egy\u00e9ni N\u0151i aut\u00f3versenyz\u0151 T-Shirt \u2013 Szem\u00e9lyre szabott F\u00e9nyk\u00e9pes Aj\u00e1nd\u00e9kot a N\u0151i Verseny Rajong\u00f3k, Aut\u00f3 Szerelmeseinek, a Sebess\u00e9g Szerelmesei"},"content":{"rendered":"<p>Engedd szabadj\u00e1ra a benned rejl\u0151 versenyz\u0151t ezzel az egyedi n\u0151i Pro Racing Car Driver p\u00f3l\u00f3val, amely a sebess\u00e9g \u00e9s a st\u00edlus ir\u00e1nti szenved\u00e9lyedet hivatott kifejezni. Saj\u00e1t fot\u00f3db\u00f3l leny\u0171g\u00f6z\u0151 digit\u00e1lis m\u0171alkot\u00e1st var\u00e1zsol ez a szem\u00e9lyre szabott p\u00f3l\u00f3, amely a p\u00e1lya szt\u00e1rj\u00e1v\u00e1 tesz. 100% pr\u00e9mium pamutb\u00f3l k\u00e9sz\u00fclt, puha, tart\u00f3s, \u00e9s t\u00f6k\u00e9letes mindennapi viseletre vagy k\u00fcl\u00f6nleges aut\u00f3s esem\u00e9nyekre. Ak\u00e1r egy aut\u00f3verseny-rajong\u00f3nak aj\u00e1nd\u00e9kozod, ak\u00e1r magadat k\u00e9nyezteted, ez az egyedi p\u00f3l\u00f3 mer\u00e9sz m\u00f3dja annak, hogy meg\u00fcnnepeld a motorsport ir\u00e1nti szeretetedet.<\/p>","protected":false},"excerpt":{"rendered":"<p>\u00dcnnepelje a n\u0151i gyorshajt\u00f3kat egy egyedi n\u0151i versenyaut\u00f3-vezet\u0151 p\u00f3l\u00f3val. A szem\u00e9lyre szabott fot\u00f3aj\u00e1nd\u00e9kok minden f\u00e9nyk\u00e9pet sz\u00f3rakoztat\u00f3, egyedi p\u00f3l\u00f3v\u00e1 var\u00e1zsolnak az aut\u00f3k szerelmeseinek.<\/p>","protected":false},"featured_media":129526,"comment_status":"open","ping_status":"closed","template":"","meta":{"_acf_changed":false},"product_brand":[],"product_cat":[6191,6323,6412,6428,75,6352],"product_tag":[6214,6433,6328,229,6215],"class_list":{"0":"post-129443","1":"product","2":"type-product","3":"status-publish","4":"has-post-thumbnail","6":"product_cat-t-shirts-women","7":"product_cat-custom-gifts-formula-1-racing-car","8":"product_cat-photo-to-tees","9":"product_cat-translate-products","10":"product_cat-women","11":"product_cat-womens-sports-t-shirts","12":"product_tag-affordable-custom-t-shirts","13":"product_tag-ai-artwork","14":"product_tag-custom-image-t-shirt-for-women","15":"product_tag-custom-tee-shirts","16":"product_tag-screen-printing-near-me","18":"first","19":"instock","20":"taxable","21":"shipping-taxable","22":"purchasable","23":"product-type-simple"},"acf":[],"wcpa_form_fields":null,"_links":{"self":[{"href":"https:\/\/www.customywear.com\/hu\/wp-json\/wp\/v2\/product\/129443","targetHints":{"allow":["GET"]}}],"collection":[{"href":"https:\/\/www.customywear.com\/hu\/wp-json\/wp\/v2\/product"}],"about":[{"href":"https:\/\/www.customywear.com\/hu\/wp-json\/wp\/v2\/types\/product"}],"replies":[{"embeddable":true,"href":"https:\/\/www.customywear.com\/hu\/wp-json\/wp\/v2\/comments?post=129443"}],"wp:featuredmedia":[{"embeddable":true,"href":"https:\/\/www.customywear.com\/hu\/wp-json\/wp\/v2\/media\/129526"}],"wp:attachment":[{"href":"https:\/\/www.customywear.com\/hu\/wp-json\/wp\/v2\/media?parent=129443"}],"wp:term":[{"taxonomy":"product_brand","embeddable":true,"href":"https:\/\/www.customywear.com\/hu\/wp-json\/wp\/v2\/product_brand?post=129443"},{"taxonomy":"product_cat","embeddable":true,"href":"https:\/\/www.customywear.com\/hu\/wp-json\/wp\/v2\/product_cat?post=129443"},{"taxonomy":"product_tag","embeddable":true,"href":"https:\/\/www.customywear.com\/hu\/wp-json\/wp\/v2\/product_tag?post=129443"}],"curies":[{"name":"wp","href":"https:\/\/api.w.org\/{rel}","templated":true}]}}