{"id":129472,"date":"2025-04-10T09:32:18","date_gmt":"2025-04-10T09:32:18","guid":{"rendered":"https:\/\/www.customywear.com\/?post_type=product&#038;p=129472"},"modified":"2026-05-05T20:24:06","modified_gmt":"2026-05-05T20:24:06","slug":"egyedi-grand-prix-sofor-polo-ferfi","status":"publish","type":"product","link":"https:\/\/www.customywear.com\/hu\/custom-grand-prix-driver-tshirt-men\/","title":{"rendered":"Egy\u00e9ni Grand Prix Sof\u0151r T-Shirt F\u00e9rfi \u2013 Szem\u00e9lyre szabott Racing Aj\u00e1nd\u00e9k"},"content":{"rendered":"<p>Engedd szabadj\u00e1ra a benned rejl\u0151 versenyz\u0151t egyedi f\u00e9rfi Grand Prix Driver p\u00f3l\u00f3nkkal, ahol a fot\u00f3d epikus versenym\u0171v\u00e9szett\u00e9 alakul! T\u00f6k\u00e9letes v\u00e1laszt\u00e1s motorsport szerelmeseinek, h\u00e9tv\u00e9gi versenyz\u0151knek vagy Forma-1 rajong\u00f3knak, ez a szem\u00e9lyre szabott p\u00f3l\u00f3 profi pil\u00f3t\u00e1nak k\u00e9p\u00e9t \u00e1br\u00e1zolja egy izgalmas, nyitott kerek\u0171 versenyaut\u00f3 h\u00e1tter\u00e9vel. 100% puha pamutb\u00f3l k\u00e9sz\u00fclt, ez a p\u00f3l\u00f3 verhetetlen k\u00e9nyelmet \u00e9s min\u0151s\u00e9get k\u00edn\u00e1l. Az \u00e9l\u00e9nk, tart\u00f3s DTG nyomtat\u00e1s biztos\u00edtja, hogy minden r\u00e9szlet kiemelkedjen. Egyedi \u00e9s eml\u00e9kezetes aj\u00e1nd\u00e9k sz\u00fclet\u00e9snapokra, esk\u00fcv\u0151kre, \u00e9vfordul\u00f3kra vagy b\u00e1rmilyen \u00fcnnepre, amely a sebess\u00e9get \u00e9s a st\u00edlust ig\u00e9nyli. Ak\u00e1r aj\u00e1nd\u00e9kba adod, ak\u00e1r magad viseled, ez a p\u00f3l\u00f3 mer\u00e9sz kijelent\u00e9st tesz a p\u00e1ly\u00e1n \u00e9s azon k\u00edv\u00fcl is.<\/p>","protected":false},"excerpt":{"rendered":"<p>H\u00f3d\u00edtsa meg a p\u00e1ly\u00e1t egy egyedi Grand Prix Driver p\u00f3l\u00f3val f\u00e9rfinak. A szem\u00e9lyre szabott versenyaj\u00e1nd\u00e9kok minden f\u00e9nyk\u00e9pet mer\u00e9sz, egyedi p\u00f3l\u00f3v\u00e1 var\u00e1zsolnak.<\/p>","protected":false},"featured_media":129505,"comment_status":"open","ping_status":"closed","template":"","meta":{"_acf_changed":false},"product_brand":[],"product_cat":[6195,6323,186,6341,6412,6428],"product_tag":[6433,6327,6216],"class_list":{"0":"post-129472","1":"product","2":"type-product","3":"status-publish","4":"has-post-thumbnail","6":"product_cat-t-shirts-men","7":"product_cat-custom-gifts-formula-1-racing-car","8":"product_cat-men","9":"product_cat-mens-profession-t-shirts","10":"product_cat-photo-to-tees","11":"product_cat-translate-products","12":"product_tag-ai-artwork","13":"product_tag-custom-photo-t-shirt-for-men","14":"product_tag-mens-custom-t-shirts","16":"first","17":"instock","18":"taxable","19":"shipping-taxable","20":"purchasable","21":"product-type-simple"},"acf":[],"wcpa_form_fields":null,"_links":{"self":[{"href":"https:\/\/www.customywear.com\/hu\/wp-json\/wp\/v2\/product\/129472","targetHints":{"allow":["GET"]}}],"collection":[{"href":"https:\/\/www.customywear.com\/hu\/wp-json\/wp\/v2\/product"}],"about":[{"href":"https:\/\/www.customywear.com\/hu\/wp-json\/wp\/v2\/types\/product"}],"replies":[{"embeddable":true,"href":"https:\/\/www.customywear.com\/hu\/wp-json\/wp\/v2\/comments?post=129472"}],"wp:featuredmedia":[{"embeddable":true,"href":"https:\/\/www.customywear.com\/hu\/wp-json\/wp\/v2\/media\/129505"}],"wp:attachment":[{"href":"https:\/\/www.customywear.com\/hu\/wp-json\/wp\/v2\/media?parent=129472"}],"wp:term":[{"taxonomy":"product_brand","embeddable":true,"href":"https:\/\/www.customywear.com\/hu\/wp-json\/wp\/v2\/product_brand?post=129472"},{"taxonomy":"product_cat","embeddable":true,"href":"https:\/\/www.customywear.com\/hu\/wp-json\/wp\/v2\/product_cat?post=129472"},{"taxonomy":"product_tag","embeddable":true,"href":"https:\/\/www.customywear.com\/hu\/wp-json\/wp\/v2\/product_tag?post=129472"}],"curies":[{"name":"wp","href":"https:\/\/api.w.org\/{rel}","templated":true}]}}