{"id":129621,"date":"2025-04-11T12:47:14","date_gmt":"2025-04-11T12:47:14","guid":{"rendered":"https:\/\/www.customywear.com\/?post_type=product&#038;p=129621"},"modified":"2026-05-07T15:29:31","modified_gmt":"2026-05-07T15:29:31","slug":"szemelyre-szabott-katonai-polo-kisgyermek-lanyok","status":"publish","type":"product","link":"https:\/\/www.customywear.com\/hu\/personalized-army-tshirt-toddler-girls\/","title":{"rendered":"Szem\u00e9lyre szabott katonai karakteres p\u00f3l\u00f3 kisgyermek l\u00e1nyoknak \u2013 egyedi katonai fot\u00f3p\u00f3l\u00f3 aranyos harci diz\u00e1jnnal, egyedi aj\u00e1nd\u00e9k kis katon\u00e1knak"},"content":{"rendered":"<p>Keltsd \u00e9letre gyermeked fant\u00e1zi\u00e1j\u00e1t kisl\u00e1nyoknak sz\u00e1nt, szem\u00e9lyre szabott katonai karakteres p\u00f3l\u00f3nkkal! Gyermeked f\u00e9nyk\u00e9p\u00e9nek felhaszn\u00e1l\u00e1s\u00e1val egyedi digit\u00e1lis illusztr\u00e1ci\u00f3t k\u00e9sz\u00edt\u00fcnk r\u00f3la, mint b\u00e1tor h\u0151sr\u0151l, st\u00edlusos felszerel\u00e9ssel \u00e9s dinamikus csatat\u00e9ri h\u00e1tt\u00e9rrel. Ultrapuha 100% pamutb\u00f3l k\u00e9sz\u00fclt, \u00e9l\u00e9nk DTG technol\u00f3gi\u00e1val nyomtatott p\u00f3l\u00f3, amely gyeng\u00e9d a b\u0151rh\u00f6z, m\u00e9gis el\u00e9g tart\u00f3s j\u00e1t\u00e9kra vagy k\u00fcl\u00f6nleges esem\u00e9nyekre. T\u00f6k\u00e9letes sz\u00fclet\u00e9snapokra, m\u00e9rf\u00f6ldk\u00f6vekre, vagy egyszer\u0171en csak a katonai t\u00e9m\u00e1k ir\u00e1nti szeretet\u00e9nek meg\u00fcnnepl\u00e9s\u00e9re, ez egy jelent\u0151s\u00e9gteljes eml\u00e9kt\u00e1rgy, amely \u00f6tv\u00f6zi a k\u00e9nyelmet, a kreativit\u00e1st \u00e9s a sz\u00f3rakoz\u00e1st.<\/p>","protected":false},"excerpt":{"rendered":"<p>Tiszteld meg a kis h\u0151s\u00f6ket egy szem\u00e9lyre szabott hadsereg karakteres p\u00f3l\u00f3val kisgyermek l\u00e1nyoknak. Az egyedi katonai fot\u00f3s p\u00f3l\u00f3k minden f\u00e9nyk\u00e9pet j\u00e1t\u00e9kos, egyedi p\u00f3l\u00f3v\u00e1 alak\u00edtanak \u00e1t.<\/p>","protected":false},"featured_media":129823,"comment_status":"open","ping_status":"closed","template":"","meta":{"_acf_changed":false},"product_brand":[],"product_cat":[6207,6324,6412,6428],"product_tag":[6433,6439,6221],"class_list":{"0":"post-129621","1":"product","2":"type-product","3":"status-publish","4":"has-post-thumbnail","6":"product_cat-toddler-girl-t-shirts","7":"product_cat-custom-gifts-ai-army","8":"product_cat-photo-to-tees","9":"product_cat-translate-products","10":"product_tag-ai-artwork","11":"product_tag-ai-kids-artwork","12":"product_tag-custom-t-shirts-near-me","14":"first","15":"instock","16":"taxable","17":"shipping-taxable","18":"purchasable","19":"product-type-simple"},"acf":[],"wcpa_form_fields":null,"_links":{"self":[{"href":"https:\/\/www.customywear.com\/hu\/wp-json\/wp\/v2\/product\/129621","targetHints":{"allow":["GET"]}}],"collection":[{"href":"https:\/\/www.customywear.com\/hu\/wp-json\/wp\/v2\/product"}],"about":[{"href":"https:\/\/www.customywear.com\/hu\/wp-json\/wp\/v2\/types\/product"}],"replies":[{"embeddable":true,"href":"https:\/\/www.customywear.com\/hu\/wp-json\/wp\/v2\/comments?post=129621"}],"wp:featuredmedia":[{"embeddable":true,"href":"https:\/\/www.customywear.com\/hu\/wp-json\/wp\/v2\/media\/129823"}],"wp:attachment":[{"href":"https:\/\/www.customywear.com\/hu\/wp-json\/wp\/v2\/media?parent=129621"}],"wp:term":[{"taxonomy":"product_brand","embeddable":true,"href":"https:\/\/www.customywear.com\/hu\/wp-json\/wp\/v2\/product_brand?post=129621"},{"taxonomy":"product_cat","embeddable":true,"href":"https:\/\/www.customywear.com\/hu\/wp-json\/wp\/v2\/product_cat?post=129621"},{"taxonomy":"product_tag","embeddable":true,"href":"https:\/\/www.customywear.com\/hu\/wp-json\/wp\/v2\/product_tag?post=129621"}],"curies":[{"name":"wp","href":"https:\/\/api.w.org\/{rel}","templated":true}]}}