{"id":129632,"date":"2025-04-11T12:47:14","date_gmt":"2025-04-11T12:47:14","guid":{"rendered":"https:\/\/www.customywear.com\/?post_type=product&#038;p=129632"},"modified":"2026-05-07T15:29:31","modified_gmt":"2026-05-07T15:29:31","slug":"no-lany-hadsereg-cosplay-polo-szemelyre-szabott","status":"publish","type":"product","link":"https:\/\/www.customywear.com\/hu\/custom-girl-army-cosplay-t-shirt\/","title":{"rendered":"Egyedi l\u00e1nyos katonai cosplay p\u00f3l\u00f3 gyerekeknek \u2013 szem\u00e9lyre szabott katonai fot\u00f3 aj\u00e1nd\u00e9k p\u00f3l\u00f3, egyedi katona karakter diz\u00e1jn l\u00e1nyoknak"},"content":{"rendered":"<p>Ind\u00edtsd el gyermeked fant\u00e1zi\u00e1j\u00e1t egyedi katonai cosplay p\u00f3l\u00f3inkkal, melyekkel b\u00e1rmilyen fot\u00f3t izgalmas katonai karakter illusztr\u00e1ci\u00f3v\u00e1 var\u00e1zsolhatsz. Egyenruh\u00e1val, felszerel\u00e9ssel \u00e9s val\u00f3s\u00e1gh\u0171 harci jelenettel kieg\u00e9sz\u00edtve ezek a szem\u00e9lyre szabott p\u00f3l\u00f3k t\u00f6k\u00e9letesek azoknak a gyerekeknek, akik katonai kalandokr\u00f3l \u00e1lmodoznak. 100% puha pamutb\u00f3l k\u00e9sz\u00fcltek \u00e9s \u00e9l\u00e9nk DTG technol\u00f3gi\u00e1val nyomtatottak, k\u00e9nyelmet, tart\u00f3ss\u00e1got \u00e9s leny\u0171g\u00f6z\u0151 r\u00e9szleteket k\u00edn\u00e1lnak. Ide\u00e1lis sz\u00fclet\u00e9snapokra, ballag\u00e1sokra vagy tematikus esem\u00e9nyekre, ez az egyedi p\u00f3l\u00f3 mer\u00e9sz, kreat\u00edv aj\u00e1nd\u00e9k, amely mosolyt \u00e9s b\u00fcszkes\u00e9get csal minden fiatal katona arc\u00e1ra.<\/p>","protected":false},"excerpt":{"rendered":"<p>\u00d6lt\u00f6zz fel b\u00e1tors\u00e1gba egy egyedi l\u00e1ny hadsereg cosplay p\u00f3l\u00f3val gyerekeknek. A szem\u00e9lyre szabott katonai fot\u00f3aj\u00e1nd\u00e9k p\u00f3l\u00f3k minden f\u00e9nyk\u00e9pet egyedi, katona ihlet\u00e9s\u0171 p\u00f3l\u00f3v\u00e1 var\u00e1zsolnak.<\/p>","protected":false},"featured_media":129802,"comment_status":"open","ping_status":"closed","template":"","meta":{"_acf_changed":false},"product_brand":[],"product_cat":[6193,6324,152,6412,6428,58],"product_tag":[6433,6439,6331,6221],"class_list":{"0":"post-129632","1":"product","2":"type-product","3":"status-publish","4":"has-post-thumbnail","6":"product_cat-girls-t-shirts","7":"product_cat-custom-gifts-ai-army","8":"product_cat-girls","9":"product_cat-photo-to-tees","10":"product_cat-translate-products","11":"product_cat-youth-kids","12":"product_tag-ai-artwork","13":"product_tag-ai-kids-artwork","14":"product_tag-custom-picture-t-shirt-for-girls","15":"product_tag-custom-t-shirts-near-me","17":"first","18":"instock","19":"taxable","20":"shipping-taxable","21":"purchasable","22":"product-type-simple"},"acf":[],"wcpa_form_fields":null,"_links":{"self":[{"href":"https:\/\/www.customywear.com\/hu\/wp-json\/wp\/v2\/product\/129632","targetHints":{"allow":["GET"]}}],"collection":[{"href":"https:\/\/www.customywear.com\/hu\/wp-json\/wp\/v2\/product"}],"about":[{"href":"https:\/\/www.customywear.com\/hu\/wp-json\/wp\/v2\/types\/product"}],"replies":[{"embeddable":true,"href":"https:\/\/www.customywear.com\/hu\/wp-json\/wp\/v2\/comments?post=129632"}],"wp:featuredmedia":[{"embeddable":true,"href":"https:\/\/www.customywear.com\/hu\/wp-json\/wp\/v2\/media\/129802"}],"wp:attachment":[{"href":"https:\/\/www.customywear.com\/hu\/wp-json\/wp\/v2\/media?parent=129632"}],"wp:term":[{"taxonomy":"product_brand","embeddable":true,"href":"https:\/\/www.customywear.com\/hu\/wp-json\/wp\/v2\/product_brand?post=129632"},{"taxonomy":"product_cat","embeddable":true,"href":"https:\/\/www.customywear.com\/hu\/wp-json\/wp\/v2\/product_cat?post=129632"},{"taxonomy":"product_tag","embeddable":true,"href":"https:\/\/www.customywear.com\/hu\/wp-json\/wp\/v2\/product_tag?post=129632"}],"curies":[{"name":"wp","href":"https:\/\/api.w.org\/{rel}","templated":true}]}}