{"id":129666,"date":"2025-04-11T12:47:14","date_gmt":"2025-04-11T12:47:14","guid":{"rendered":"https:\/\/www.customywear.com\/?post_type=product&#038;p=129666"},"modified":"2026-05-07T15:29:31","modified_gmt":"2026-05-07T15:29:31","slug":"egyedi-katona-portre-polo-kisgyermekek","status":"publish","type":"product","link":"https:\/\/www.customywear.com\/hu\/custom-soldier-portrait-tshirt-toddlers\/","title":{"rendered":"Egyedi katonaportr\u00e9s p\u00f3l\u00f3 kisgyermekeknek \u2013 szem\u00e9lyre szabott katonai fot\u00f3s aj\u00e1nd\u00e9kp\u00f3l\u00f3, katonai t\u00e9m\u00e1j\u00fa diz\u00e1jn kisgyermek fi\u00faknak"},"content":{"rendered":"<p>Ind\u00edtsd el kisgyermeked fant\u00e1zi\u00e1j\u00e1t egyedi katonaportr\u00e9s p\u00f3l\u00f3nkkal, ahol gyermeked fot\u00f3ja egy egyedi, teljes harci felszerel\u00e9sben pomp\u00e1z\u00f3 h\u0151ss\u00e9 v\u00e1ltozik. Ez a szem\u00e9lyre szabott diz\u00e1jn katonai egyenruh\u00e1ban, dinamikus csatat\u00e9ri h\u00e1tt\u00e9r el\u0151tt mutatja be kicsinyedet, \u00edgy t\u00f6k\u00e9letes aj\u00e1nd\u00e9k sz\u00fclet\u00e9snapra, ballag\u00e1sra vagy j\u00e1t\u00e9kid\u0151re. Ultrapuha 100% pamutb\u00f3l k\u00e9sz\u00fcltek \u00e9s kiv\u00e1l\u00f3 min\u0151s\u00e9g\u0171 DTG technol\u00f3gi\u00e1val nyomtatottak, ezek a p\u00f3l\u00f3k \u00f6tv\u00f6zik a k\u00e9nyelmet, a tart\u00f3ss\u00e1got \u00e9s a leny\u0171g\u00f6z\u0151 vizu\u00e1lis r\u00e9szleteket. \u00dcnnepeld gyermeked kalandv\u00e1gy\u00f3 szellem\u00e9t egy egyedi p\u00f3l\u00f3val, amely ugyanolyan mer\u00e9sz \u00e9s k\u00fcl\u00f6nleges, mint \u0151 maga.<\/p>","protected":false},"excerpt":{"rendered":"<p>V\u00e9delem b\u00fcszk\u00e9n egy egyedi katona portr\u00e9 p\u00f3l\u00f3 kisgyermekek sz\u00e1m\u00e1ra. A szem\u00e9lyre szabott Army Photo Gift p\u00f3l\u00f3k minden f\u00e9nyk\u00e9pet j\u00e1t\u00e9kos, egyedi p\u00f3l\u00f3v\u00e1 var\u00e1zsolnak.<\/p>","protected":false},"featured_media":129835,"comment_status":"open","ping_status":"closed","template":"","meta":{"_acf_changed":false},"product_brand":[],"product_cat":[6209,6324,6412,6428],"product_tag":[6433,6439,6221],"class_list":{"0":"post-129666","1":"product","2":"type-product","3":"status-publish","4":"has-post-thumbnail","6":"product_cat-toddler-boy-t-shirts","7":"product_cat-custom-gifts-ai-army","8":"product_cat-photo-to-tees","9":"product_cat-translate-products","10":"product_tag-ai-artwork","11":"product_tag-ai-kids-artwork","12":"product_tag-custom-t-shirts-near-me","14":"first","15":"instock","16":"taxable","17":"shipping-taxable","18":"purchasable","19":"product-type-simple"},"acf":[],"wcpa_form_fields":null,"_links":{"self":[{"href":"https:\/\/www.customywear.com\/hu\/wp-json\/wp\/v2\/product\/129666","targetHints":{"allow":["GET"]}}],"collection":[{"href":"https:\/\/www.customywear.com\/hu\/wp-json\/wp\/v2\/product"}],"about":[{"href":"https:\/\/www.customywear.com\/hu\/wp-json\/wp\/v2\/types\/product"}],"replies":[{"embeddable":true,"href":"https:\/\/www.customywear.com\/hu\/wp-json\/wp\/v2\/comments?post=129666"}],"wp:featuredmedia":[{"embeddable":true,"href":"https:\/\/www.customywear.com\/hu\/wp-json\/wp\/v2\/media\/129835"}],"wp:attachment":[{"href":"https:\/\/www.customywear.com\/hu\/wp-json\/wp\/v2\/media?parent=129666"}],"wp:term":[{"taxonomy":"product_brand","embeddable":true,"href":"https:\/\/www.customywear.com\/hu\/wp-json\/wp\/v2\/product_brand?post=129666"},{"taxonomy":"product_cat","embeddable":true,"href":"https:\/\/www.customywear.com\/hu\/wp-json\/wp\/v2\/product_cat?post=129666"},{"taxonomy":"product_tag","embeddable":true,"href":"https:\/\/www.customywear.com\/hu\/wp-json\/wp\/v2\/product_tag?post=129666"}],"curies":[{"name":"wp","href":"https:\/\/api.w.org\/{rel}","templated":true}]}}