{"id":129677,"date":"2025-04-11T12:47:15","date_gmt":"2025-04-11T12:47:15","guid":{"rendered":"https:\/\/www.customywear.com\/?post_type=product&#038;p=129677"},"modified":"2026-05-05T20:23:26","modified_gmt":"2026-05-05T20:23:26","slug":"szemelyre-szabott-katonai-karakteres-polo-noknek","status":"publish","type":"product","link":"https:\/\/www.customywear.com\/hu\/personalized-army-character-tshirt-women\/","title":{"rendered":"Szem\u00e9lyre szabott Hadsereg Karakter P\u00f3l\u00f3 N\u0151i Egy\u00e9ni Katonai Aj\u00e1nd\u00e9k, F\u00e9nyk\u00e9pes Illusztr\u00e1ci\u00f3, Egyedi Csata Jelenet Design P\u00f3l\u00f3"},"content":{"rendered":"<p>Mutasd meg katonai b\u00fcszkes\u00e9gedet st\u00edlusosan szem\u00e9lyre szabott n\u0151i katonai karakteres p\u00f3l\u00f3nkkal, amely t\u00f6k\u00e9letes aj\u00e1nd\u00e9k n\u0151i katon\u00e1knak, veter\u00e1noknak \u00e9s hadseregrajong\u00f3knak. T\u00f6ltsd fel kedvenc fot\u00f3dat, \u00e9s mi \u00e1talak\u00edtjuk egy dinamikus katonai karakterr\u00e9, teljes felszerel\u00e9sben, egy felt\u0171n\u0151 csatat\u00e9ri h\u00e1tt\u00e9r el\u0151tt. Ultrapuha 100% pamutb\u00f3l k\u00e9sz\u00fclt \u00e9s pr\u00e9mium DTG technol\u00f3gi\u00e1val nyomtatott p\u00f3l\u00f3, amely k\u00e9nyelmet, tart\u00f3ss\u00e1got \u00e9s \u00e9l\u00e9nk r\u00e9szleteket k\u00edn\u00e1l. Ak\u00e1r sz\u00fclet\u00e9snapra, ballag\u00e1sra, vagy csak a katonas\u00e1g ir\u00e1nti szereteted tisztelet\u00e9re k\u00e9sz\u00edted, ez az egyedi p\u00f3l\u00f3 egy er\u0151teljes \u00e9s szem\u00e9lyes m\u00f3dja annak, hogy kifejezd azt.<\/p>","protected":false},"excerpt":{"rendered":"<p>\u00dcnnepelje a szolg\u00e1latban l\u00e9v\u0151 n\u0151ket egy szem\u00e9lyre szabott Army karakteres p\u00f3l\u00f3val. Az egyedi katonai aj\u00e1nd\u00e9k p\u00f3l\u00f3k minden f\u00e9nyk\u00e9pet mer\u00e9sz, egyedi p\u00f3l\u00f3v\u00e1 var\u00e1zsolnak.<\/p>","protected":false},"featured_media":129760,"comment_status":"open","ping_status":"closed","template":"","meta":{"_acf_changed":false},"product_brand":[],"product_cat":[6191,6324,6412,6428,75,6354],"product_tag":[6214,6433,6328,229,6215],"class_list":{"0":"post-129677","1":"product","2":"type-product","3":"status-publish","4":"has-post-thumbnail","6":"product_cat-t-shirts-women","7":"product_cat-custom-gifts-ai-army","8":"product_cat-photo-to-tees","9":"product_cat-translate-products","10":"product_cat-women","11":"product_cat-womens-profession-t-shirts","12":"product_tag-affordable-custom-t-shirts","13":"product_tag-ai-artwork","14":"product_tag-custom-image-t-shirt-for-women","15":"product_tag-custom-tee-shirts","16":"product_tag-screen-printing-near-me","18":"first","19":"instock","20":"taxable","21":"shipping-taxable","22":"purchasable","23":"product-type-simple"},"acf":[],"wcpa_form_fields":null,"_links":{"self":[{"href":"https:\/\/www.customywear.com\/hu\/wp-json\/wp\/v2\/product\/129677","targetHints":{"allow":["GET"]}}],"collection":[{"href":"https:\/\/www.customywear.com\/hu\/wp-json\/wp\/v2\/product"}],"about":[{"href":"https:\/\/www.customywear.com\/hu\/wp-json\/wp\/v2\/types\/product"}],"replies":[{"embeddable":true,"href":"https:\/\/www.customywear.com\/hu\/wp-json\/wp\/v2\/comments?post=129677"}],"wp:featuredmedia":[{"embeddable":true,"href":"https:\/\/www.customywear.com\/hu\/wp-json\/wp\/v2\/media\/129760"}],"wp:attachment":[{"href":"https:\/\/www.customywear.com\/hu\/wp-json\/wp\/v2\/media?parent=129677"}],"wp:term":[{"taxonomy":"product_brand","embeddable":true,"href":"https:\/\/www.customywear.com\/hu\/wp-json\/wp\/v2\/product_brand?post=129677"},{"taxonomy":"product_cat","embeddable":true,"href":"https:\/\/www.customywear.com\/hu\/wp-json\/wp\/v2\/product_cat?post=129677"},{"taxonomy":"product_tag","embeddable":true,"href":"https:\/\/www.customywear.com\/hu\/wp-json\/wp\/v2\/product_tag?post=129677"}],"curies":[{"name":"wp","href":"https:\/\/api.w.org\/{rel}","templated":true}]}}