{"id":129706,"date":"2025-04-11T12:47:15","date_gmt":"2025-04-11T12:47:15","guid":{"rendered":"https:\/\/www.customywear.com\/?post_type=product&#038;p=129706"},"modified":"2026-05-05T20:24:06","modified_gmt":"2026-05-05T20:24:06","slug":"egyedi-katonai-fotos-polo-ferfiaknak","status":"publish","type":"product","link":"https:\/\/www.customywear.com\/hu\/custom-military-photo-t-shirt-men\/","title":{"rendered":"Egyedi katonai fot\u00f3p\u00f3l\u00f3 f\u00e9rfiaknak \u2013 szem\u00e9lyre szabott aj\u00e1nd\u00e9k katon\u00e1knak \u00e9s veter\u00e1noknak, egyedi hadsereg t\u00e9m\u00e1j\u00fa grafikai p\u00f3l\u00f3"},"content":{"rendered":"<p>\u00dcnnepeld a katonai b\u00fcszkes\u00e9get egyedi, szem\u00e9lyre szabott, katonai fot\u00f3s f\u00e9rfi p\u00f3l\u00f3nkkal, amely t\u00f6k\u00e9letes aj\u00e1nd\u00e9k katon\u00e1knak, veter\u00e1noknak \u00e9s a katonas\u00e1got kedvel\u0151knek. Egyszer\u0171en t\u00f6lts fel egy fot\u00f3t, \u00e9s mi egy leny\u0171g\u00f6z\u0151, val\u00f3s\u00e1gh\u0171 csatat\u00e9ri jelenetben \u00e1br\u00e1zolt katonai karakter illusztr\u00e1ci\u00f3v\u00e1 alak\u00edtjuk. Puha, 100% pamutb\u00f3l k\u00e9sz\u00fclt, kiv\u00e1l\u00f3 min\u0151s\u00e9g\u0171 DTG technik\u00e1val nyomtatott p\u00f3l\u00f3, amely verhetetlen k\u00e9nyelmet, l\u00e9g\u00e1tereszt\u0151 k\u00e9pess\u00e9get \u00e9s \u00e9l\u00e9nk, tart\u00f3s r\u00e9szleteket k\u00edn\u00e1l. Ak\u00e1r sz\u00fclet\u00e9snapra, \u00e9vfordul\u00f3ra, ballag\u00e1sra, vagy csak \u00fagy \u2013 b\u00fcszk\u00e9n \u00e9s \u00f6r\u00f6mmel fogj\u00e1k viselni.<\/p>","protected":false},"excerpt":{"rendered":"<p>Tiszteld meg a veter\u00e1nokat egy egyedi katonai fot\u00f3s f\u00e9rfi p\u00f3l\u00f3val. A szem\u00e9lyre szabott, hadsereg t\u00e9m\u00e1j\u00fa p\u00f3l\u00f3k minden f\u00e9nyk\u00e9pet mer\u00e9sz, egyedi p\u00f3l\u00f3v\u00e1 alak\u00edtanak \u00e1t.<\/p>","protected":false},"featured_media":129739,"comment_status":"open","ping_status":"closed","template":"","meta":{"_acf_changed":false},"product_brand":[],"product_cat":[6195,6324,186,6341,6412,6428],"product_tag":[6433,6327,6216],"class_list":{"0":"post-129706","1":"product","2":"type-product","3":"status-publish","4":"has-post-thumbnail","6":"product_cat-t-shirts-men","7":"product_cat-custom-gifts-ai-army","8":"product_cat-men","9":"product_cat-mens-profession-t-shirts","10":"product_cat-photo-to-tees","11":"product_cat-translate-products","12":"product_tag-ai-artwork","13":"product_tag-custom-photo-t-shirt-for-men","14":"product_tag-mens-custom-t-shirts","16":"first","17":"instock","18":"taxable","19":"shipping-taxable","20":"purchasable","21":"product-type-simple"},"acf":[],"wcpa_form_fields":null,"_links":{"self":[{"href":"https:\/\/www.customywear.com\/hu\/wp-json\/wp\/v2\/product\/129706","targetHints":{"allow":["GET"]}}],"collection":[{"href":"https:\/\/www.customywear.com\/hu\/wp-json\/wp\/v2\/product"}],"about":[{"href":"https:\/\/www.customywear.com\/hu\/wp-json\/wp\/v2\/types\/product"}],"replies":[{"embeddable":true,"href":"https:\/\/www.customywear.com\/hu\/wp-json\/wp\/v2\/comments?post=129706"}],"wp:featuredmedia":[{"embeddable":true,"href":"https:\/\/www.customywear.com\/hu\/wp-json\/wp\/v2\/media\/129739"}],"wp:attachment":[{"href":"https:\/\/www.customywear.com\/hu\/wp-json\/wp\/v2\/media?parent=129706"}],"wp:term":[{"taxonomy":"product_brand","embeddable":true,"href":"https:\/\/www.customywear.com\/hu\/wp-json\/wp\/v2\/product_brand?post=129706"},{"taxonomy":"product_cat","embeddable":true,"href":"https:\/\/www.customywear.com\/hu\/wp-json\/wp\/v2\/product_cat?post=129706"},{"taxonomy":"product_tag","embeddable":true,"href":"https:\/\/www.customywear.com\/hu\/wp-json\/wp\/v2\/product_tag?post=129706"}],"curies":[{"name":"wp","href":"https:\/\/api.w.org\/{rel}","templated":true}]}}