{"id":130168,"date":"2025-04-25T11:07:09","date_gmt":"2025-04-25T11:07:09","guid":{"rendered":"https:\/\/www.customywear.com\/?post_type=product&#038;p=130168"},"modified":"2026-05-07T15:29:31","modified_gmt":"2026-05-07T15:29:31","slug":"kisgyermek-lany-szemelyre-szabott-szakacs-polo","status":"publish","type":"product","link":"https:\/\/www.customywear.com\/hu\/toddler-girl-personalized-chef-tshirt\/","title":{"rendered":"Egy\u00e9ni Szak\u00e1cs T-Shirt a Kisgyermek a L\u00e1nyok, \u2013 Szem\u00e9lyre szabott Aj\u00e1nd\u00e9k Kis P\u00e9kek, Mini a Szak\u00e1csok, a J\u00f6v\u0151 T\u00e9szta Queens &amp; BBQ Csillagok"},"content":{"rendered":"<p>Hagyd, hogy a kisgyermek l\u00e1ny kulin\u00e1ris \u00e1lmok, rep\u00fclj a mi im\u00e1dnival\u00f3 Egy\u00e9ni Szak\u00e1cs T-Shirt! Ez az egyedi, szem\u00e9lyre szabott aj\u00e1nd\u00e9k \u00e1talak\u00edtja a kis hercegn\u0151 f\u00e9nyk\u00e9p egy b\u00e1jos mini szak\u00e1cs, kieg\u00e9sz\u00edt-val egy aranyos s\u00e9f sapka, konyha finoms\u00e1gokat. E ahogy \u0151 elk\u00e9pzeli mag\u00e1t, mint egy s\u00fctem\u00e9ny kir\u00e1lyn\u0151, BBQ mester, vagy konyhai kiseg\u00edt\u0151, ez a j\u00e1t\u00e9kos p\u00f3l\u00f3 \u00fczemanyagok kreativit\u00e1s, valamint a sz\u00f3rakoztat\u00f3. Kialak\u00edtott, puha, l\u00e9legz\u0151 100% pamut, mely \u00e9l\u00e9nk, tart\u00f3s DTG nyomtat\u00e1s, ez biztos\u00edtja, k\u00e9nyelem, tart\u00f3ss\u00e1g kereszt\u00fcl minden kaland. T\u00f6k\u00e9letes aj\u00e1nd\u00e9k sz\u00fclinapra, \u00fcnnepekre, vagy b\u00e1rmilyen k\u00fcl\u00f6nleges \u00fcnnep lesz neki nagy mosoly!<\/p>","protected":false},"excerpt":{"rendered":"<p>Inspir\u00e1lja a kis szak\u00e1csokat egy egyedi szak\u00e1cs p\u00f3l\u00f3val kisgyermek l\u00e1nyoknak. A szem\u00e9lyre szabott aj\u00e1nd\u00e9kok minden f\u00e9nyk\u00e9pet j\u00e1t\u00e9kos, egyedi p\u00f3l\u00f3v\u00e1 alak\u00edtanak \u00e1t.<\/p>","protected":false},"featured_media":130380,"comment_status":"open","ping_status":"closed","template":"","meta":{"_acf_changed":false},"product_brand":[],"product_cat":[6207,6325,6412,6428],"product_tag":[6433,6439,6221],"class_list":{"0":"post-130168","1":"product","2":"type-product","3":"status-publish","4":"has-post-thumbnail","6":"product_cat-toddler-girl-t-shirts","7":"product_cat-custom-gifts-chef-artworks","8":"product_cat-photo-to-tees","9":"product_cat-translate-products","10":"product_tag-ai-artwork","11":"product_tag-ai-kids-artwork","12":"product_tag-custom-t-shirts-near-me","14":"first","15":"instock","16":"taxable","17":"shipping-taxable","18":"purchasable","19":"product-type-simple"},"acf":[],"wcpa_form_fields":null,"_links":{"self":[{"href":"https:\/\/www.customywear.com\/hu\/wp-json\/wp\/v2\/product\/130168","targetHints":{"allow":["GET"]}}],"collection":[{"href":"https:\/\/www.customywear.com\/hu\/wp-json\/wp\/v2\/product"}],"about":[{"href":"https:\/\/www.customywear.com\/hu\/wp-json\/wp\/v2\/types\/product"}],"replies":[{"embeddable":true,"href":"https:\/\/www.customywear.com\/hu\/wp-json\/wp\/v2\/comments?post=130168"}],"wp:featuredmedia":[{"embeddable":true,"href":"https:\/\/www.customywear.com\/hu\/wp-json\/wp\/v2\/media\/130380"}],"wp:attachment":[{"href":"https:\/\/www.customywear.com\/hu\/wp-json\/wp\/v2\/media?parent=130168"}],"wp:term":[{"taxonomy":"product_brand","embeddable":true,"href":"https:\/\/www.customywear.com\/hu\/wp-json\/wp\/v2\/product_brand?post=130168"},{"taxonomy":"product_cat","embeddable":true,"href":"https:\/\/www.customywear.com\/hu\/wp-json\/wp\/v2\/product_cat?post=130168"},{"taxonomy":"product_tag","embeddable":true,"href":"https:\/\/www.customywear.com\/hu\/wp-json\/wp\/v2\/product_tag?post=130168"}],"curies":[{"name":"wp","href":"https:\/\/api.w.org\/{rel}","templated":true}]}}