{"id":130196,"date":"2025-04-25T11:07:10","date_gmt":"2025-04-25T11:07:10","guid":{"rendered":"https:\/\/www.customywear.com\/?post_type=product&#038;p=130196"},"modified":"2026-05-07T15:29:31","modified_gmt":"2026-05-07T15:29:31","slug":"fiuk-shef-polo-szemelyre-szabott","status":"publish","type":"product","link":"https:\/\/www.customywear.com\/hu\/custom-chef-tshirt-for-boys\/","title":{"rendered":"Egy\u00e9ni F\u0151z\u00e9s, Szak\u00e1cs, T-Shirt a Fi\u00fak \u2013 Szem\u00e9lyre szabott Aj\u00e1nd\u00e9k, Fiatal Szak\u00e1csok, J\u00f6v\u0151 Grill Mesterek, Cukr\u00e1sz M\u0171v\u00e9sz &amp; Kulin\u00e1ris Di\u00e1kok"},"content":{"rendered":"<p class=\"\" data-start=\"368\" data-end=\"963\">Inspir\u00e1lja a gyermek kulin\u00e1ris \u00e1lmok a mi Egy\u00e9ni F\u0151z\u00e9s, Szak\u00e1cs, T-Shirt a Fi\u00fak, szem\u00e9lyre szabott elforgat\u00e1s\u00e1val a f\u00e9nyk\u00e9p egy \u00e9l\u00e9nk f\u0151szak\u00e1cs alkot\u00e1s! K\u00e9sz\u00fclt 100% - os puha pamut, ez a tart\u00f3s, k\u00e9nyelmes p\u00f3l\u00f3 t\u00f6k\u00e9letes a fiatal szak\u00e1csok, felt\u00f6rekv\u0151 grill mesterek, s\u00fctem\u00e9ny, m\u0171v\u00e9szek, vagy kulin\u00e1ris di\u00e1kok. Felv\u00e1zol\u00f3 pr\u00e9mium DTG nyomtat\u00e1s, \u00e9l\u00e9nk diz\u00e1jn tov\u00e1bbra is \u00e9l\u00e9nk mos\u00e1s ut\u00e1n. Ide\u00e1lis sz\u00fclet\u00e9snapok, \u00fcnnepek, akci\u00f3k, vagy b\u00e1rmilyen \u00fcnnep, ez egy\u00e9ni p\u00f3l\u00f3 teszi figyelmes, motiv\u00e1l\u00f3 aj\u00e1nd\u00e9k, ami lehet\u0151v\u00e9 teszi a gyerekek hordj\u00e1k a szenved\u00e9ly, a b\u00fcszkes\u00e9g!<\/p>","protected":false},"excerpt":{"rendered":"<p>F\u0151zz\u00f6n sz\u00f3rakoz\u00e1st egy egyedi f\u0151z\u0151szak\u00e1cs p\u00f3l\u00f3val fi\u00faknak. A szem\u00e9lyre szabott aj\u00e1nd\u00e9kok minden f\u00e9nyk\u00e9pet j\u00e1t\u00e9kos, egyedi p\u00f3l\u00f3v\u00e1 var\u00e1zsolnak fiatal szak\u00e1csok sz\u00e1m\u00e1ra.<\/p>","protected":false},"featured_media":130325,"comment_status":"open","ping_status":"closed","template":"","meta":{"_acf_changed":false},"product_brand":[],"product_cat":[6189,6325,6412,6428],"product_tag":[6433,6439,6221,6330],"class_list":{"0":"post-130196","1":"product","2":"type-product","3":"status-publish","4":"has-post-thumbnail","6":"product_cat-boys-t-shirts","7":"product_cat-custom-gifts-chef-artworks","8":"product_cat-photo-to-tees","9":"product_cat-translate-products","10":"product_tag-ai-artwork","11":"product_tag-ai-kids-artwork","12":"product_tag-custom-t-shirts-near-me","13":"product_tag-photo-print-t-shirt-for-boys","15":"first","16":"instock","17":"taxable","18":"shipping-taxable","19":"purchasable","20":"product-type-simple"},"acf":[],"wcpa_form_fields":null,"_links":{"self":[{"href":"https:\/\/www.customywear.com\/hu\/wp-json\/wp\/v2\/product\/130196","targetHints":{"allow":["GET"]}}],"collection":[{"href":"https:\/\/www.customywear.com\/hu\/wp-json\/wp\/v2\/product"}],"about":[{"href":"https:\/\/www.customywear.com\/hu\/wp-json\/wp\/v2\/types\/product"}],"replies":[{"embeddable":true,"href":"https:\/\/www.customywear.com\/hu\/wp-json\/wp\/v2\/comments?post=130196"}],"wp:featuredmedia":[{"embeddable":true,"href":"https:\/\/www.customywear.com\/hu\/wp-json\/wp\/v2\/media\/130325"}],"wp:attachment":[{"href":"https:\/\/www.customywear.com\/hu\/wp-json\/wp\/v2\/media?parent=130196"}],"wp:term":[{"taxonomy":"product_brand","embeddable":true,"href":"https:\/\/www.customywear.com\/hu\/wp-json\/wp\/v2\/product_brand?post=130196"},{"taxonomy":"product_cat","embeddable":true,"href":"https:\/\/www.customywear.com\/hu\/wp-json\/wp\/v2\/product_cat?post=130196"},{"taxonomy":"product_tag","embeddable":true,"href":"https:\/\/www.customywear.com\/hu\/wp-json\/wp\/v2\/product_tag?post=130196"}],"curies":[{"name":"wp","href":"https:\/\/api.w.org\/{rel}","templated":true}]}}