{"id":130213,"date":"2025-04-25T11:07:10","date_gmt":"2025-04-25T11:07:10","guid":{"rendered":"https:\/\/www.customywear.com\/?post_type=product&#038;p=130213"},"modified":"2026-05-07T15:29:31","modified_gmt":"2026-05-07T15:29:31","slug":"toddler-fiu-szakacs-polo-personalizalt","status":"publish","type":"product","link":"https:\/\/www.customywear.com\/hu\/toddler-boy-custom-chef-tshirt\/","title":{"rendered":"Egy\u00e9ni Szak\u00e1cs T-Shirt Kisgyermek Fi\u00fa \u2013 Szem\u00e9lyre szabott F\u00e9nyk\u00e9pes Aj\u00e1nd\u00e9kot Kis J\u00f6v\u0151ben Szak\u00e1csok, Grill Mesterek, Cukr\u00e1sz Szak\u00e9rt\u0151k &amp; More"},"content":{"rendered":"<p>Gyullad a kisgyermek fi\u00fa k\u00e9pzelet a mi Egy\u00e9ni Szak\u00e1cs, T-Shirt, amelynek c\u00e9lja, hogy kapcsolja be a kicsit a kulin\u00e1ris szt\u00e1r! Felt\u00f6lt\u00e9s a gyermek im\u00e1dnival\u00f3 fot\u00f3, n\u00e9zd \u00e1t a f\u0151szak\u00e1cs remekm\u0171, kieg\u00e9sz\u00edt-val egy s\u00e9f sapka, meg a finom \u00e9telek, a k\u00e9z. T\u00f6k\u00e9letes sz\u00fclinapra, \u00fcnnepekre, k\u00fcl\u00f6nleges alkalmakra, ez az egyedi, vicces p\u00f3l\u00f3, \u00f6szt\u00f6nzi a kreativit\u00e1st, j\u00e1t\u00e9kos kalandok. K\u00e9sz\u00fclt ultra-puha, 100% pr\u00e9mium min\u0151s\u00e9g\u0171 pamut, nyomtatott \u00e9l\u00e9nk, tart\u00f3s, DTG technol\u00f3gia, k\u00edn\u00e1l mind a k\u00e9nyelem, valamint maradand\u00f3 eml\u00e9keket. Kell, hogy szem\u00e9lyre szabott aj\u00e1nd\u00e9k minden kis t\u00f6rekv\u0151 szak\u00e1cs!<\/p>","protected":false},"excerpt":{"rendered":"<p>Inspir\u00e1lja a leend\u0151 szak\u00e1csokat egy egyedi szak\u00e1cs p\u00f3l\u00f3val kisgyermekek sz\u00e1m\u00e1ra. A szem\u00e9lyre szabott fot\u00f3aj\u00e1nd\u00e9kok minden f\u00e9nyk\u00e9pet sz\u00f3rakoztat\u00f3, egyedi p\u00f3l\u00f3v\u00e1 var\u00e1zsolnak.<\/p>","protected":false},"featured_media":130368,"comment_status":"open","ping_status":"closed","template":"","meta":{"_acf_changed":false},"product_brand":[],"product_cat":[6209,6325,6412,6428],"product_tag":[6433,6439,6221],"class_list":{"0":"post-130213","1":"product","2":"type-product","3":"status-publish","4":"has-post-thumbnail","6":"product_cat-toddler-boy-t-shirts","7":"product_cat-custom-gifts-chef-artworks","8":"product_cat-photo-to-tees","9":"product_cat-translate-products","10":"product_tag-ai-artwork","11":"product_tag-ai-kids-artwork","12":"product_tag-custom-t-shirts-near-me","14":"first","15":"instock","16":"taxable","17":"shipping-taxable","18":"purchasable","19":"product-type-simple"},"acf":[],"wcpa_form_fields":null,"_links":{"self":[{"href":"https:\/\/www.customywear.com\/hu\/wp-json\/wp\/v2\/product\/130213","targetHints":{"allow":["GET"]}}],"collection":[{"href":"https:\/\/www.customywear.com\/hu\/wp-json\/wp\/v2\/product"}],"about":[{"href":"https:\/\/www.customywear.com\/hu\/wp-json\/wp\/v2\/types\/product"}],"replies":[{"embeddable":true,"href":"https:\/\/www.customywear.com\/hu\/wp-json\/wp\/v2\/comments?post=130213"}],"wp:featuredmedia":[{"embeddable":true,"href":"https:\/\/www.customywear.com\/hu\/wp-json\/wp\/v2\/media\/130368"}],"wp:attachment":[{"href":"https:\/\/www.customywear.com\/hu\/wp-json\/wp\/v2\/media?parent=130213"}],"wp:term":[{"taxonomy":"product_brand","embeddable":true,"href":"https:\/\/www.customywear.com\/hu\/wp-json\/wp\/v2\/product_brand?post=130213"},{"taxonomy":"product_cat","embeddable":true,"href":"https:\/\/www.customywear.com\/hu\/wp-json\/wp\/v2\/product_cat?post=130213"},{"taxonomy":"product_tag","embeddable":true,"href":"https:\/\/www.customywear.com\/hu\/wp-json\/wp\/v2\/product_tag?post=130213"}],"curies":[{"name":"wp","href":"https:\/\/api.w.org\/{rel}","templated":true}]}}