{"id":130253,"date":"2025-04-25T11:07:10","date_gmt":"2025-04-25T11:07:10","guid":{"rendered":"https:\/\/www.customywear.com\/?post_type=product&#038;p=130253"},"modified":"2026-05-05T20:24:06","modified_gmt":"2026-05-05T20:24:06","slug":"szemelyre-szabott-ferfi-shef-polo-ajandek-szakacsnak","status":"publish","type":"product","link":"https:\/\/www.customywear.com\/hu\/custom-mens-chef-tshirt-gift-for-cooks\/","title":{"rendered":"Egy\u00e9ni F\u00e9rfi Szak\u00e1cs T-Shirt \u2013 Szem\u00e9lyre szabott Aj\u00e1nd\u00e9k F\u0151z, Grill Mesterek, BBQ Szak\u00e1csok, Konyhai Di\u00e1kok &amp; \u00c9tterem Szakemberek"},"content":{"rendered":"<p>\u00dcnnepeld a szerelem, a f\u0151z\u00e9s, ezzel Egy\u00e9ni F\u00e9rfi Szak\u00e1cs T-Shirt \u2013 egy szem\u00e9lyre szabott aj\u00e1nd\u00e9k, t\u00f6k\u00e9letes szak\u00e1csok, grill mesterek, BBQ szeret\u0151k, kulin\u00e1ris di\u00e1kok, illetve az \u00e9lelmiszer-rajong\u00f3k. K\u00e9sz\u00fclt 100% pr\u00e9mium min\u0151s\u00e9g\u0171 pamut, tart\u00f3s DTG nyomtat\u00e1s, ez a p\u00f3l\u00f3 funkci\u00f3k egyedi digit\u00e1lis grafika alapj\u00e1n a fot\u00f3, fordult be a f\u0151szak\u00e1cs a konyh\u00e1ban. Ide\u00e1lis sz\u00fclet\u00e9snapok, \u00e9vfordul\u00f3k, prom\u00f3ci\u00f3k, vagy csak az\u00e9rt, hogy bemutassa a gasztron\u00f3miai b\u00fcszkes\u00e9ge, mindkett\u0151 egy egyed\u00fcl\u00e1ll\u00f3 eml\u00e9k, valamint egy eleg\u00e1ns darab hordhat\u00f3 m\u0171v\u00e9szet.<\/p>","protected":false},"excerpt":{"rendered":"<p>Celebrate culinary professionals with a Custom Men&#8217;s Chef T-Shirt. Personalized Gifts for Cooks transform any photo into a unique, one-of-a-kind t-shirt.<\/p>","protected":false},"featured_media":130397,"comment_status":"open","ping_status":"closed","template":"","meta":{"_acf_changed":false},"product_brand":[],"product_cat":[6195,6325,186,6341,6412,6428],"product_tag":[6433,6327,6216],"class_list":{"0":"post-130253","1":"product","2":"type-product","3":"status-publish","4":"has-post-thumbnail","6":"product_cat-t-shirts-men","7":"product_cat-custom-gifts-chef-artworks","8":"product_cat-men","9":"product_cat-mens-profession-t-shirts","10":"product_cat-photo-to-tees","11":"product_cat-translate-products","12":"product_tag-ai-artwork","13":"product_tag-custom-photo-t-shirt-for-men","14":"product_tag-mens-custom-t-shirts","16":"first","17":"instock","18":"taxable","19":"shipping-taxable","20":"purchasable","21":"product-type-simple"},"acf":[],"wcpa_form_fields":null,"_links":{"self":[{"href":"https:\/\/www.customywear.com\/hu\/wp-json\/wp\/v2\/product\/130253","targetHints":{"allow":["GET"]}}],"collection":[{"href":"https:\/\/www.customywear.com\/hu\/wp-json\/wp\/v2\/product"}],"about":[{"href":"https:\/\/www.customywear.com\/hu\/wp-json\/wp\/v2\/types\/product"}],"replies":[{"embeddable":true,"href":"https:\/\/www.customywear.com\/hu\/wp-json\/wp\/v2\/comments?post=130253"}],"wp:featuredmedia":[{"embeddable":true,"href":"https:\/\/www.customywear.com\/hu\/wp-json\/wp\/v2\/media\/130397"}],"wp:attachment":[{"href":"https:\/\/www.customywear.com\/hu\/wp-json\/wp\/v2\/media?parent=130253"}],"wp:term":[{"taxonomy":"product_brand","embeddable":true,"href":"https:\/\/www.customywear.com\/hu\/wp-json\/wp\/v2\/product_brand?post=130253"},{"taxonomy":"product_cat","embeddable":true,"href":"https:\/\/www.customywear.com\/hu\/wp-json\/wp\/v2\/product_cat?post=130253"},{"taxonomy":"product_tag","embeddable":true,"href":"https:\/\/www.customywear.com\/hu\/wp-json\/wp\/v2\/product_tag?post=130253"}],"curies":[{"name":"wp","href":"https:\/\/api.w.org\/{rel}","templated":true}]}}