{"id":133482,"date":"2025-05-16T12:39:34","date_gmt":"2025-05-16T12:39:34","guid":{"rendered":"https:\/\/www.customywear.com\/?post_type=product&#038;p=133482"},"modified":"2026-05-07T15:29:31","modified_gmt":"2026-05-07T15:29:31","slug":"egyedi-dania-gyerek-polo","status":"publish","type":"product","link":"https:\/\/www.customywear.com\/hu\/personalized-denmark-toddler-shirt\/","title":{"rendered":"Szem\u00e9lyre szabott d\u00e1n p\u00f3l\u00f3 kisgyermek l\u00e1nynak \u2013 egyedi d\u00e1n z\u00e1szl\u00f3s ruha fot\u00f3p\u00f3l\u00f3, puha pamut kultur\u00e1lis eml\u00e9kt\u00e1rgy"},"content":{"rendered":"<p>\u00dcnnepeld a d\u00e1n \u00f6r\u00f6ks\u00e9get szem\u00e9lyre szabott, D\u00e1nia t\u00e9m\u00e1j\u00fa kisgyerekeknek sz\u00f3l\u00f3 p\u00f3l\u00f3nkkal. Ez a b\u00e1jos p\u00f3l\u00f3 vid\u00e1m rajzfilmportr\u00e9v\u00e1 var\u00e1zsolja gyermeked fot\u00f3j\u00e1t, hagyom\u00e1nyos d\u00e1n z\u00e1szl\u00f3ruh\u00e1ba \u00f6lt\u00f6ztetve, d\u00e1n ihlet\u00e9s\u0171 h\u00e1tt\u00e9r el\u0151tt. 100% puha pamutb\u00f3l k\u00e9sz\u00fclt \u00e9s kiv\u00e1l\u00f3 min\u0151s\u00e9g\u0171, k\u00f6zvetlen\u00fcl a ruhadarabra nyomtatott (DTG) technol\u00f3gi\u00e1val nyomtatott p\u00f3l\u00f3, \u00e9l\u00e9nk, tart\u00f3s sz\u00edneket \u00e9s k\u00e9nyelmes viseletet biztos\u00edt. Minden egyedi minta jelent\u0151s\u00e9gteljes kultur\u00e1lis eml\u00e9kk\u00e9 v\u00e1lik, t\u00f6k\u00e9letes sz\u00fclet\u00e9snapokra, esk\u00fcv\u0151kre, \u00e9vfordul\u00f3kra vagy utaz\u00e1si aj\u00e1nd\u00e9kokk\u00e1.<\/p>","protected":false},"excerpt":{"rendered":"<p>Honor Heritage egy szem\u00e9lyre szabott kisgyermek l\u00e1ny d\u00e1n p\u00f3l\u00f3val. Egyedi d\u00e1n z\u00e1szl\u00f3s ruha fot\u00f3s p\u00f3l\u00f3k b\u00e1rmilyen f\u00e9nyk\u00e9pet puha, kultur\u00e1lis eml\u00e9kp\u00f3l\u00f3v\u00e1 var\u00e1zsolnak.<\/p>","protected":false},"featured_media":133638,"comment_status":"open","ping_status":"closed","template":"","meta":{"_acf_changed":false},"product_brand":[],"product_cat":[6207,6379,6412,6428],"product_tag":[6433,6439,6221],"class_list":{"0":"post-133482","1":"product","2":"type-product","3":"status-publish","4":"has-post-thumbnail","6":"product_cat-toddler-girl-t-shirts","7":"product_cat-custom-gifts-denmark-culture","8":"product_cat-photo-to-tees","9":"product_cat-translate-products","10":"product_tag-ai-artwork","11":"product_tag-ai-kids-artwork","12":"product_tag-custom-t-shirts-near-me","14":"first","15":"instock","16":"taxable","17":"shipping-taxable","18":"purchasable","19":"product-type-simple"},"acf":[],"wcpa_form_fields":null,"_links":{"self":[{"href":"https:\/\/www.customywear.com\/hu\/wp-json\/wp\/v2\/product\/133482","targetHints":{"allow":["GET"]}}],"collection":[{"href":"https:\/\/www.customywear.com\/hu\/wp-json\/wp\/v2\/product"}],"about":[{"href":"https:\/\/www.customywear.com\/hu\/wp-json\/wp\/v2\/types\/product"}],"replies":[{"embeddable":true,"href":"https:\/\/www.customywear.com\/hu\/wp-json\/wp\/v2\/comments?post=133482"}],"wp:featuredmedia":[{"embeddable":true,"href":"https:\/\/www.customywear.com\/hu\/wp-json\/wp\/v2\/media\/133638"}],"wp:attachment":[{"href":"https:\/\/www.customywear.com\/hu\/wp-json\/wp\/v2\/media?parent=133482"}],"wp:term":[{"taxonomy":"product_brand","embeddable":true,"href":"https:\/\/www.customywear.com\/hu\/wp-json\/wp\/v2\/product_brand?post=133482"},{"taxonomy":"product_cat","embeddable":true,"href":"https:\/\/www.customywear.com\/hu\/wp-json\/wp\/v2\/product_cat?post=133482"},{"taxonomy":"product_tag","embeddable":true,"href":"https:\/\/www.customywear.com\/hu\/wp-json\/wp\/v2\/product_tag?post=133482"}],"curies":[{"name":"wp","href":"https:\/\/api.w.org\/{rel}","templated":true}]}}