{"id":133485,"date":"2025-05-16T12:39:34","date_gmt":"2025-05-16T12:39:34","guid":{"rendered":"https:\/\/www.customywear.com\/?post_type=product&#038;p=133485"},"modified":"2026-05-07T15:29:31","modified_gmt":"2026-05-07T15:29:31","slug":"egyedi-lanyok-dania-zaszlo-polo","status":"publish","type":"product","link":"https:\/\/www.customywear.com\/hu\/girls-danish-flag-custom-t-shirt\/","title":{"rendered":"Egyedi l\u00e1nyka d\u00e1n z\u00e1szl\u00f3s p\u00f3l\u00f3 \u2013 Szem\u00e9lyre szabott fot\u00f3portr\u00e9 d\u00e1n z\u00e1szl\u00f3s ruh\u00e1ban | Gyermek kultur\u00e1lis eml\u00e9kt\u00e1rgy"},"content":{"rendered":"<p>V\u00e1ltoztasd kisl\u00e1nyod kedvenc fot\u00f3j\u00e1t egy b\u00e1jos, viselhet\u0151 m\u0171alkot\u00e1ss\u00e1 egyedi d\u00e1n z\u00e1szl\u00f3s p\u00f3l\u00f3nkkal! Gy\u00f6ny\u00f6r\u0171, D\u00e1nia ihlette h\u00e1tt\u00e9rrel \u00e9s egy szesz\u00e9lyes karakterk\u00e9nt \u00e1br\u00e1zolt, hagyom\u00e1nyos d\u00e1n z\u00e1szl\u00f3s ruh\u00e1val d\u00edsz\u00edtett p\u00f3l\u00f3, 100% puha pamutb\u00f3l, fakul\u00e1s\u00e1ll\u00f3 DTG fest\u00e9kekkel nyomtatva a tart\u00f3s \u00e9l\u00e9nks\u00e9g \u00e9rdek\u00e9ben. T\u00f6k\u00e9letes sz\u00fclet\u00e9snapokra, esk\u00fcv\u0151kre, csal\u00e1di kir\u00e1ndul\u00e1sokra vagy b\u00e1rmilyen, a d\u00e1n \u00f6r\u00f6ks\u00e9get \u00fcnnepl\u0151 alkalomra, ez egy szem\u00e9lyre szabott eml\u00e9kt\u00e1rgy, amely \u00f6r\u00f6met \u00e9s kultur\u00e1lis b\u00fcszkes\u00e9get hoz minden ruhat\u00e1rba.<\/p>","protected":false},"excerpt":{"rendered":"<p>\u00dcnnepelje az \u00f6r\u00f6ks\u00e9get egy l\u00e1ny egyedi d\u00e1n z\u00e1szl\u00f3s p\u00f3l\u00f3j\u00e1val. A szem\u00e9lyre szabott fot\u00f3portr\u00e9k d\u00e1n z\u00e1szl\u00f3s ruh\u00e1ban minden f\u00e9nyk\u00e9pet kultur\u00e1lis eml\u00e9k\u0171 p\u00f3l\u00f3v\u00e1 var\u00e1zsolnak gyerekeknek.<\/p>","protected":false},"featured_media":133604,"comment_status":"open","ping_status":"closed","template":"","meta":{"_acf_changed":false},"product_brand":[],"product_cat":[6193,6379,152,6412,6428,58],"product_tag":[6433,6439,6331,6221],"class_list":{"0":"post-133485","1":"product","2":"type-product","3":"status-publish","4":"has-post-thumbnail","6":"product_cat-girls-t-shirts","7":"product_cat-custom-gifts-denmark-culture","8":"product_cat-girls","9":"product_cat-photo-to-tees","10":"product_cat-translate-products","11":"product_cat-youth-kids","12":"product_tag-ai-artwork","13":"product_tag-ai-kids-artwork","14":"product_tag-custom-picture-t-shirt-for-girls","15":"product_tag-custom-t-shirts-near-me","17":"first","18":"instock","19":"taxable","20":"shipping-taxable","21":"purchasable","22":"product-type-simple"},"acf":[],"wcpa_form_fields":null,"_links":{"self":[{"href":"https:\/\/www.customywear.com\/hu\/wp-json\/wp\/v2\/product\/133485","targetHints":{"allow":["GET"]}}],"collection":[{"href":"https:\/\/www.customywear.com\/hu\/wp-json\/wp\/v2\/product"}],"about":[{"href":"https:\/\/www.customywear.com\/hu\/wp-json\/wp\/v2\/types\/product"}],"replies":[{"embeddable":true,"href":"https:\/\/www.customywear.com\/hu\/wp-json\/wp\/v2\/comments?post=133485"}],"wp:featuredmedia":[{"embeddable":true,"href":"https:\/\/www.customywear.com\/hu\/wp-json\/wp\/v2\/media\/133604"}],"wp:attachment":[{"href":"https:\/\/www.customywear.com\/hu\/wp-json\/wp\/v2\/media?parent=133485"}],"wp:term":[{"taxonomy":"product_brand","embeddable":true,"href":"https:\/\/www.customywear.com\/hu\/wp-json\/wp\/v2\/product_brand?post=133485"},{"taxonomy":"product_cat","embeddable":true,"href":"https:\/\/www.customywear.com\/hu\/wp-json\/wp\/v2\/product_cat?post=133485"},{"taxonomy":"product_tag","embeddable":true,"href":"https:\/\/www.customywear.com\/hu\/wp-json\/wp\/v2\/product_tag?post=133485"}],"curies":[{"name":"wp","href":"https:\/\/api.w.org\/{rel}","templated":true}]}}