{"id":133495,"date":"2025-05-16T12:39:35","date_gmt":"2025-05-16T12:39:35","guid":{"rendered":"https:\/\/www.customywear.com\/?post_type=product&#038;p=133495"},"modified":"2026-05-07T15:29:31","modified_gmt":"2026-05-07T15:29:31","slug":"toddler-fiuk-dania-kultura-ozel-polo","status":"publish","type":"product","link":"https:\/\/www.customywear.com\/hu\/toddler-boys-denmark-culture-custom-tshirt\/","title":{"rendered":"D\u00e1n Kult\u00far\u00e1t \u00e1br\u00e1zol\u00f3, egyedi k\u00e9ppel ell\u00e1tott kisfi\u00fa p\u00f3l\u00f3 \u2013 szem\u00e9lyre szabott fot\u00f3portr\u00e9 d\u00e1n z\u00e1szl\u00f3 alatt | Gyermek \u00f6r\u00f6ks\u00e9g eml\u00e9kt\u00e1rgy"},"content":{"rendered":"<p>V\u00e1ltoztasd \u00e1t kisfiad fot\u00f3j\u00e1t egy elb\u0171v\u00f6l\u0151 d\u00e1n z\u00e1szl\u00f3s figur\u00e1v\u00e1 D\u00e1nia kult\u00far\u00e1j\u00e1t \u00e1br\u00e1zol\u00f3, egyedi k\u00e9ppel ell\u00e1tott p\u00f3l\u00f3nkkal. 100% puha pamutb\u00f3l k\u00e9sz\u00fclt, pr\u00e9mium DTG technol\u00f3gi\u00e1val nyomtatott, szem\u00e9lyre szabott p\u00f3l\u00f3, \u00e9l\u00e9nk, moshat\u00f3 diz\u00e1jnnal, amely D\u00e1nia gazdag \u00f6r\u00f6ks\u00e9g\u00e9t \u00fcnnepli. T\u00f6k\u00e9letes sz\u00fclet\u00e9snapokra, csal\u00e1di kir\u00e1ndul\u00e1sokra vagy sz\u00edvb\u0151l j\u00f6v\u0151 eml\u00e9kt\u00e1rgyk\u00e9nt, minden egyes p\u00f3l\u00f3 egyedi, viselhet\u0151 m\u0171alkot\u00e1s, k\u00e9pzett m\u0171v\u00e9szek tervei alapj\u00e1n. Gondoskodj r\u00f3la, hogy a kicsi kit\u0171nj\u00f6n a t\u00f6megb\u0151l, \u00e9s becsben tartsa ezt az egyedi kultur\u00e1lis eml\u00e9kt\u00e1rgyat.<\/p>","protected":false},"excerpt":{"rendered":"<p>Mutasd meg a d\u00e1n b\u00fcszkes\u00e9get egy kisfi\u00fa d\u00e1n kult\u00far\u00e1j\u00e1val, egyedi k\u00e9pp\u00f3l\u00f3val. Szem\u00e9lyre szabott fot\u00f3portr\u00e9k d\u00e1n z\u00e1szl\u00f3s \u00f6lt\u00f6z\u00e9kben minden f\u00e9nyk\u00e9pet \u00f6r\u00f6ks\u00e9gb\u0151l \u00f6r\u00f6k\u00f6s p\u00f3l\u00f3v\u00e1 var\u00e1zsolnak.<\/p>","protected":false},"featured_media":133625,"comment_status":"open","ping_status":"closed","template":"","meta":{"_acf_changed":false},"product_brand":[],"product_cat":[6209,6379,6412,6428],"product_tag":[6433,6439,6221],"class_list":{"0":"post-133495","1":"product","2":"type-product","3":"status-publish","4":"has-post-thumbnail","6":"product_cat-toddler-boy-t-shirts","7":"product_cat-custom-gifts-denmark-culture","8":"product_cat-photo-to-tees","9":"product_cat-translate-products","10":"product_tag-ai-artwork","11":"product_tag-ai-kids-artwork","12":"product_tag-custom-t-shirts-near-me","14":"first","15":"instock","16":"taxable","17":"shipping-taxable","18":"purchasable","19":"product-type-simple"},"acf":[],"wcpa_form_fields":null,"_links":{"self":[{"href":"https:\/\/www.customywear.com\/hu\/wp-json\/wp\/v2\/product\/133495","targetHints":{"allow":["GET"]}}],"collection":[{"href":"https:\/\/www.customywear.com\/hu\/wp-json\/wp\/v2\/product"}],"about":[{"href":"https:\/\/www.customywear.com\/hu\/wp-json\/wp\/v2\/types\/product"}],"replies":[{"embeddable":true,"href":"https:\/\/www.customywear.com\/hu\/wp-json\/wp\/v2\/comments?post=133495"}],"wp:featuredmedia":[{"embeddable":true,"href":"https:\/\/www.customywear.com\/hu\/wp-json\/wp\/v2\/media\/133625"}],"wp:attachment":[{"href":"https:\/\/www.customywear.com\/hu\/wp-json\/wp\/v2\/media?parent=133495"}],"wp:term":[{"taxonomy":"product_brand","embeddable":true,"href":"https:\/\/www.customywear.com\/hu\/wp-json\/wp\/v2\/product_brand?post=133495"},{"taxonomy":"product_cat","embeddable":true,"href":"https:\/\/www.customywear.com\/hu\/wp-json\/wp\/v2\/product_cat?post=133495"},{"taxonomy":"product_tag","embeddable":true,"href":"https:\/\/www.customywear.com\/hu\/wp-json\/wp\/v2\/product_tag?post=133495"}],"curies":[{"name":"wp","href":"https:\/\/api.w.org\/{rel}","templated":true}]}}