{"id":133515,"date":"2025-05-16T12:39:35","date_gmt":"2025-05-16T12:39:35","guid":{"rendered":"https:\/\/www.customywear.com\/?post_type=product&#038;p=133515"},"modified":"2026-05-05T20:24:06","modified_gmt":"2026-05-05T20:24:06","slug":"egyedi-ferfi-dan-zaszlos-polo","status":"publish","type":"product","link":"https:\/\/www.customywear.com\/hu\/custom-mens-danish-flag-tshirt\/","title":{"rendered":"Egyedi f\u00e9rfi d\u00e1n z\u00e1szl\u00f3s p\u00f3l\u00f3 D\u00e1nia szerelmeseinek \u2013 Szem\u00e9lyre szabott fot\u00f3tervez\u00e9s a d\u00e1n \u00f6r\u00f6ks\u00e9g \u00e9s kult\u00fara \u00fcnnepl\u00e9s\u00e9re, t\u00f6k\u00e9letes aj\u00e1nd\u00e9k"},"content":{"rendered":"Mutasd meg b\u00fcszkes\u00e9gedet ezzel az egyedi f\u00e9rfi d\u00e1n z\u00e1szl\u00f3s p\u00f3l\u00f3val, amelyet kedvenc fot\u00f3ddal szem\u00e9lyre szabhatsz D\u00e1nia ikonikus z\u00e1szlaj\u00e1nak \u00e9l\u00e9nk piros-feh\u00e9r h\u00e1tter\u00e9ben. Puha, 100% pamutb\u00f3l k\u00e9sz\u00fclt, pr\u00e9mium Direct-To-Garment (DTG) technol\u00f3gi\u00e1val nyomtatott, verhetetlen k\u00e9nyelmet \u00e9s sz\u00edntart\u00f3 tart\u00f3ss\u00e1got biztos\u00edt. Ide\u00e1lis D\u00e1nia-rajong\u00f3k \u00e9s utaz\u00f3k sz\u00e1m\u00e1ra egyar\u00e1nt, sz\u00edvhez sz\u00f3l\u00f3 sz\u00fclet\u00e9snapi, esk\u00fcv\u0151i vagy \u00e9vfordul\u00f3s aj\u00e1nd\u00e9k \u2013 \u00e9s besz\u00e9lget\u00e9sind\u00edt\u00f3k\u00e9nt is szolg\u00e1lhat b\u00e1rmilyen t\u00f6rt\u00e9nelmi \u00fcnneps\u00e9gen.\r\n\r\n<!-- \/wp:post-content -->","protected":false},"excerpt":{"rendered":"<p>Mutassa meg a d\u00e1n szellemet egy egyedi f\u00e9rfi d\u00e1n z\u00e1szl\u00f3s p\u00f3l\u00f3val. A szem\u00e9lyre szabott fot\u00f3tervek a d\u00e1n \u00f6r\u00f6ks\u00e9get \u00e9s kult\u00far\u00e1t \u00fcnneplik egy egyed\u00fcl\u00e1ll\u00f3 p\u00f3l\u00f3ban.<\/p>","protected":false},"featured_media":133520,"comment_status":"open","ping_status":"closed","template":"","meta":{"_acf_changed":false},"product_brand":[],"product_cat":[6195,6379,186,6345,6412,6428],"product_tag":[6433,6327,6216],"class_list":{"0":"post-133515","1":"product","2":"type-product","3":"status-publish","4":"has-post-thumbnail","6":"product_cat-t-shirts-men","7":"product_cat-custom-gifts-denmark-culture","8":"product_cat-men","9":"product_cat-mens-country-culture-t-shirts","10":"product_cat-photo-to-tees","11":"product_cat-translate-products","12":"product_tag-ai-artwork","13":"product_tag-custom-photo-t-shirt-for-men","14":"product_tag-mens-custom-t-shirts","16":"first","17":"instock","18":"taxable","19":"shipping-taxable","20":"purchasable","21":"product-type-simple"},"acf":[],"wcpa_form_fields":null,"_links":{"self":[{"href":"https:\/\/www.customywear.com\/hu\/wp-json\/wp\/v2\/product\/133515","targetHints":{"allow":["GET"]}}],"collection":[{"href":"https:\/\/www.customywear.com\/hu\/wp-json\/wp\/v2\/product"}],"about":[{"href":"https:\/\/www.customywear.com\/hu\/wp-json\/wp\/v2\/types\/product"}],"replies":[{"embeddable":true,"href":"https:\/\/www.customywear.com\/hu\/wp-json\/wp\/v2\/comments?post=133515"}],"wp:featuredmedia":[{"embeddable":true,"href":"https:\/\/www.customywear.com\/hu\/wp-json\/wp\/v2\/media\/133520"}],"wp:attachment":[{"href":"https:\/\/www.customywear.com\/hu\/wp-json\/wp\/v2\/media?parent=133515"}],"wp:term":[{"taxonomy":"product_brand","embeddable":true,"href":"https:\/\/www.customywear.com\/hu\/wp-json\/wp\/v2\/product_brand?post=133515"},{"taxonomy":"product_cat","embeddable":true,"href":"https:\/\/www.customywear.com\/hu\/wp-json\/wp\/v2\/product_cat?post=133515"},{"taxonomy":"product_tag","embeddable":true,"href":"https:\/\/www.customywear.com\/hu\/wp-json\/wp\/v2\/product_tag?post=133515"}],"curies":[{"name":"wp","href":"https:\/\/api.w.org\/{rel}","templated":true}]}}