{"id":133683,"date":"2025-05-17T14:53:18","date_gmt":"2025-05-17T14:53:18","guid":{"rendered":"https:\/\/www.customywear.com\/?post_type=product&#038;p=133683"},"modified":"2026-05-05T19:52:39","modified_gmt":"2026-05-05T19:52:39","slug":"egyedi-haziallat-orvos-ajandek-polo","status":"publish","type":"product","link":"https:\/\/www.customywear.com\/hu\/custom-pet-doctor-gift-tshirt\/","title":{"rendered":"Egyedi \u00e1llatorvosi aj\u00e1nd\u00e9k p\u00f3l\u00f3 \u00e1llatszeret\u0151 orvosoknak, \u00e1pol\u00f3knak \u00e9s orvostanhallgat\u00f3knak - pr\u00e9mium pamut DTG szem\u00e9lyre szabott fot\u00f3m\u0171v\u00e9szeti p\u00f3l\u00f3"},"content":{"rendered":"<p>V\u00e1ltoztasd sz\u0151r\u00f6s bar\u00e1todat orvosi szuperszt\u00e1rr\u00e1 Egyedi \u00c1llatorvos Aj\u00e1nd\u00e9k P\u00f3l\u00f3nkkal! Puha, pr\u00e9mium pamutb\u00f3l k\u00e9sz\u00fclt \u00e9s kiv\u00e1l\u00f3 min\u0151s\u00e9g\u0171 DTG technol\u00f3gi\u00e1val nyomtatott, minden p\u00f3l\u00f3n kedvenced fot\u00f3ja l\u00e1that\u00f3 egy b\u00e1jos orvosi portr\u00e9v\u00e1 alak\u00edtva, egyenruh\u00e1val \u00e9s k\u00f3rh\u00e1zi felszerel\u00e9ssel kieg\u00e9sz\u00edtve. Ez a szem\u00e9lyre szabott p\u00f3l\u00f3 el\u00e9g strapab\u00edr\u00f3 a mindennapi viselethez, \u00edgy eml\u00e9kezetes aj\u00e1nd\u00e9k lehet \u00e1llatszeret\u0151 orvosoknak, \u00e1pol\u00f3knak, orvostanhallgat\u00f3knak vagy tan\u00e1roknak \u2013 t\u00f6k\u00e9letes sz\u00fclet\u00e9snapokra, ballag\u00e1sokra vagy b\u00e1rmilyen k\u00fcl\u00f6nleges alkalomra.<\/p>","protected":false},"excerpt":{"rendered":"<p>Egyed\u00fcl\u00e1ll\u00f3an aj\u00e1nd\u00e9kozzon egy egyedi kis\u00e1llatorvos aj\u00e1nd\u00e9k p\u00f3l\u00f3val. A szem\u00e9lyre szabott p\u00f3l\u00f3k elb\u0171v\u00f6l\u0151 orvosi t\u00e9m\u00e1j\u00fa karakterekk\u00e9 var\u00e1zsolj\u00e1k a h\u00e1zi\u00e1llatok fot\u00f3it orvosok, n\u0151v\u00e9rek vagy di\u00e1kok sz\u00e1m\u00e1ra.<\/p>","protected":false},"featured_media":133862,"comment_status":"open","ping_status":"closed","template":"","meta":{"_acf_changed":false},"product_brand":[],"product_cat":[527,6380,6180,6412,6428],"product_tag":[6163,6381,6162],"class_list":{"0":"post-133683","1":"product","2":"type-product","3":"status-publish","4":"has-post-thumbnail","6":"product_cat-pet","7":"product_cat-custom-gifts-doctor-tees","8":"product_cat-pet-t-shirts","9":"product_cat-photo-to-tees","10":"product_cat-translate-products","11":"product_tag-dog-tee","12":"product_tag-personalized-gifts-doctor-tees","13":"product_tag-pet-shirt","14":"wcpa_has_options","16":"first","17":"instock","18":"taxable","19":"shipping-taxable","20":"purchasable","21":"product-type-simple"},"acf":[],"wcpa_form_fields":{"wcpaData":{"product":{"product_price":24.99,"price_html":"<span class=\"wmc-wc-price\" ><span class=\"woocommerce-Price-amount amount\"><bdi><span class=\"woocommerce-Price-currencySymbol\">&euro;<\/span>24,99<\/bdi><\/span><span data-wmc_price_cache=\"{&quot;USD&quot;:&quot;&lt;span class=\\&quot;woocommerce-Price-amount amount\\&quot;&gt;&lt;bdi&gt;&lt;span class=\\&quot;woocommerce-Price-currencySymbol\\&quot;&gt;&amp;#36;&lt;\\\/span&gt;29,24&lt;\\\/bdi&gt;&lt;\\\/span&gt;&quot;,&quot;EUR&quot;:&quot;&lt;span class=\\&quot;woocommerce-Price-amount amount\\&quot;&gt;&lt;bdi&gt;&lt;span class=\\&quot;woocommerce-Price-currencySymbol\\&quot;&gt;&amp;euro;&lt;\\\/span&gt;24,99&lt;\\\/bdi&gt;&lt;\\\/span&gt;&quot;,&quot;CAD&quot;:&quot;&lt;span class=\\&quot;woocommerce-Price-amount amount\\&quot;&gt;&lt;bdi&gt;&lt;span class=\\&quot;woocommerce-Price-currencySymbol\\&quot;&gt;CAD$ &lt;\\\/span&gt;39,98&lt;\\\/bdi&gt;&lt;\\\/span&gt;&quot;,&quot;GBP&quot;:&quot;&lt;span class=\\&quot;woocommerce-Price-amount amount\\&quot;&gt;&lt;bdi&gt;&lt;span class=\\&quot;woocommerce-Price-currencySymbol\\&quot;&gt;&amp;pound;&lt;\\\/span&gt;21,74&lt;\\\/bdi&gt;&lt;\\\/span&gt;&quot;,&quot;PLN&quot;:&quot;&lt;span class=\\&quot;woocommerce-Price-amount amount\\&quot;&gt;&lt;bdi&gt;&lt;span class=\\&quot;woocommerce-Price-currencySymbol\\&quot;&gt;z\\u0142 &lt;\\\/span&gt;105,96&lt;\\\/bdi&gt;&lt;\\\/span&gt;&quot;,&quot;SEK&quot;:&quot;&lt;span class=\\&quot;woocommerce-Price-amount amount\\&quot;&gt;&lt;bdi&gt;&lt;span class=\\&quot;woocommerce-Price-currencySymbol\\&quot;&gt;kr &lt;\\\/span&gt;272,64&lt;\\\/bdi&gt;&lt;\\\/span&gt;&quot;,&quot;AUD&quot;:&quot;&lt;span class=\\&quot;woocommerce-Price-amount amount\\&quot;&gt;&lt;bdi&gt;&lt;span class=\\&quot;woocommerce-Price-currencySymbol\\&quot;&gt;AUD$ &lt;\\\/span&gt;40,23&lt;\\\/bdi&gt;&lt;\\\/span&gt;&quot;,&quot;JPY&quot;:&quot;&lt;span class=\\&quot;woocommerce-Price-amount amount\\&quot;&gt;&lt;bdi&gt;&lt;span class=\\&quot;woocommerce-Price-currencySymbol\\&quot;&gt;&amp;yen;&lt;\\\/span&gt;4.620,90&lt;\\\/bdi&gt;&lt;\\\/span&gt;&quot;,&quot;CZK&quot;:&quot;&lt;span class=\\&quot;woocommerce-Price-amount amount\\&quot;&gt;&lt;bdi&gt;&lt;span class=\\&quot;woocommerce-Price-currencySymbol\\&quot;&gt;K\\u010d &lt;\\\/span&gt;607,76&lt;\\\/bdi&gt;&lt;\\\/span&gt;&quot;,&quot;NZD&quot;:&quot;&lt;span class=\\&quot;woocommerce-Price-amount amount\\&quot;&gt;&lt;bdi&gt;&lt;span class=\\&quot;woocommerce-Price-currencySymbol\\&quot;&gt;NZD$ &lt;\\\/span&gt;49,23&lt;\\\/bdi&gt;&lt;\\\/span&gt;&quot;,&quot;CHF&quot;:&quot;&lt;span class=\\&quot;woocommerce-Price-amount amount\\&quot;&gt;&lt;bdi&gt;&lt;span class=\\&quot;woocommerce-Price-currencySymbol\\&quot;&gt;CHF &lt;\\\/span&gt;22,99&lt;\\\/bdi&gt;&lt;\\\/span&gt;&quot;}\" style=\"display: none;\" class=\"wmc-price-cache-list\"><\/span><\/span>","original_product_price":24.99,"price_including_tax":24.99,"price_excluding_tax":20.825,"product_id":{"parent":133683,"variation":false},"is_variable":false,"stock_status":"instock","stock_quantity":null,"parent_sku":"Personalized-Gifts-KVDBL958DVKS_CW","product_attributes":{"pa_customization":{"is_variation":false,"values":["add-your-photo","add-your-text-or-name","add-your-logo"]},"pa_material":{"is_variation":false,"values":["100-cotton"]},"pa_key-details":{"is_variation":false,"values":["unisex","regular-fit","premium-quality","digital-art"]},"pa_brand":{"is_variation":false,"values":["customywear"]},"pa_style":{"is_variation":false,"values":["pet-t-shirt"]},"pa_pet":{"is_variation":false,"values":["dog","cat","bird","rabbit","hamster","other"]},"pa_print-type":{"is_variation":false,"values":["dtg-print-direct-to-garment"]}},"custom_fields":[],"is_taxable":true,"product_name":"Custom Pet Doctor Gift T-Shirt for Pet-Loving Doctors, Nurses & Med Students\u202f- Premium Cotton DTG Personalized Photo Art Tee"},"fields":{"sec_1068d3b7edb7019":{"extra":{"key":"sec_1068d3b7edb7019","section_id":"sec_1068d3b7edb7019","name":"Default","status":1,"cl_rule":"show","enableCl":false,"relations":[],"toggle":true,"title_tag":"h3","show_title":false,"showPrice":"default","form_id":137345,"form_rules":{"exclude_from_discount":false,"fee_label":"Fee","disp_hide_options_price":false,"disp_show_section_price":false,"disp_show_field_price":true,"layout_option":"standard","pric_use_as_fee":false,"process_fee_as":"woo_fee"},"layout_option":"standard"},"fields":[[{"active":true,"col":6,"relations":false,"cl_rule":"show","enableCl":false,"price":"","enablePrice":false,"className":"","label_position":"default","desc_position":"default","type":"radio-group","required":false,"elementId":"radio_5778254133","label":"Pet Type","name":"radio_5778254133","values":[{"label":"Dog","value":"Dog","selected":false,"tempId":"aco_1352","gt_translate_keys":["label"]},{"label":"Cat","value":"Cat","selected":false,"tempId":"aco_1353","gt_translate_keys":["label"]},{"label":"Bird","value":"Bird","selected":false,"tempId":"aco_1354","gt_translate_keys":["label"]},{"label":"Other","value":"Other","selected":false,"tempId":"aco_1481","gt_translate_keys":["label"]}],"layOut":"inline","error":false,"checkUi":"button","tooltip":"Choose pet type for your custom t-shirt design","show_selected_option":true,"gt_translate_keys":["label","tooltip"],"price_dependency":false,"cl_dependency":false,"value":""}],[{"active":true,"col":6,"relations":[],"cl_rule":"show","enableCl":false,"price":"","enablePrice":false,"className":"","label_position":"default","desc_position":"default","type":"select","required":false,"elementId":"select_968d3b7edb7062","label":"Select your t-shirt type","name":"select_968d3b7edb7062","values":[{"label":"Adult Short Sleeve - Men\/Women","value":"Adult Short Sleeve - Men\/Women","selected":false,"tempId":"aco_1499","gt_translate_keys":["label"]},{"label":"Kids Short Sleeve - Boy\/Girl","value":"Kids Short Sleeve - Boy\/Girl","selected":false,"tempId":"aco_1501","gt_translate_keys":["label"]},{"label":"Toddler Short Sleeve - Boy\/Girl","value":"Toddler Short Sleeve - Boy\/Girl","selected":false,"tempId":"aco_1628","gt_translate_keys":["label"]}],"dropdown_type":"basic","error":false,"tooltip":"Select the type of t-shirt you want","priceOptions":"different_for_all","pricingType":"fixed","placeholder":"Select your T-shirt","gt_translate_keys":["label","placeholder","tooltip"],"price_dependency":false,"cl_dependency":["select_368d3b7edb7076","select_468d3b7edb7086","select_968d3b7edb709c","color-group_068d3b7edb70b1","color-group_568d3b7edb70c4","color-group_568d3b7edb70c4"],"value":""}]]},"sec_1068d3b7edb7064":{"extra":{"key":"sec_1068d3b7edb7064","section_id":"sec_1068d3b7edb7064","name":"T-shirt size and color","status":1,"cl_rule":"show","enableCl":false,"relations":[],"toggle":true,"title_tag":"h4","show_title":false,"showPrice":"default","form_id":137345,"form_rules":{"exclude_from_discount":false,"fee_label":"Fee","disp_hide_options_price":false,"disp_show_section_price":false,"disp_show_field_price":true,"layout_option":"standard","pric_use_as_fee":false,"process_fee_as":"woo_fee"},"layout_option":"standard"},"fields":[[{"label":"Select t-shirt size","active":true,"required":true,"elementId":"select_368d3b7edb7076","dropdown_type":"basic","placeholder":"Choose an option","name":"select_368d3b7edb7076","label_position":"default","desc_position":"default","enablePrice":false,"className":"","enableCl":true,"relations":[{"operator":false,"rules":[{"operator":false,"rules":{"cl_field":"select_968d3b7edb7062","cl_relation":"is","cl_val":"Adult Short Sleeve - Men\/Women"}}]}],"values":[{"label":"XS","value":"XS","selected":false,"tempId":"aco_2687","gt_translate_keys":["label"]},{"label":"S","value":"S","selected":false,"tempId":"aco_2688","gt_translate_keys":["label"]},{"label":"M","value":"M","selected":false,"tempId":"aco_2689","gt_translate_keys":["label"]},{"label":"L","value":"L","selected":false,"tempId":"aco_3167","gt_translate_keys":["label"]},{"label":"XL","value":"XL","selected":false,"tempId":"aco_3267","gt_translate_keys":["label"]},{"label":"2XL","value":"2XL","selected":false,"tempId":"aco_3430","gt_translate_keys":["label"]},{"label":"3XL","value":"3XL","selected":false,"tempId":"aco_3494","price":"","gt_translate_keys":["label"]}],"priceOptions":"different_for_all","pricingType":"multiply","price":"","cl_rule":"show","col":6,"type":"select","error":false,"gt_translate_keys":["label","placeholder"],"price_dependency":false,"cl_dependency":false,"value":""}],[{"label":"Select kid's t-shirt size","active":true,"required":true,"elementId":"select_468d3b7edb7086","dropdown_type":"basic","placeholder":"Choose an option","name":"select_468d3b7edb7086","label_position":"default","desc_position":"default","enablePrice":false,"className":"","enableCl":true,"relations":[{"operator":false,"rules":[{"operator":"AND","rules":{"cl_field":"select_968d3b7edb7062","cl_relation":"is","cl_val":"Kids Short Sleeve - Boy\/Girl"}}]}],"values":[{"label":"S","value":"S","selected":false,"tempId":"aco_2688","gt_translate_keys":["label"]},{"label":"M","value":"M","selected":false,"tempId":"aco_2689","gt_translate_keys":["label"]},{"label":"L","value":"L","selected":false,"tempId":"aco_3167","gt_translate_keys":["label"]},{"label":"XL","value":"XL","selected":false,"tempId":"aco_3267","gt_translate_keys":["label"]}],"priceOptions":"different_for_all","pricingType":"multiply","price":"","cl_rule":"show","col":6,"type":"select","error":false,"gt_translate_keys":["label","placeholder"],"price_dependency":false,"cl_dependency":false,"value":""}],[{"label":"Select toddler t-shirt size","active":true,"required":true,"elementId":"select_968d3b7edb709c","dropdown_type":"basic","placeholder":"Choose an option","name":"select_968d3b7edb709c","label_position":"default","desc_position":"default","enablePrice":false,"className":"","enableCl":true,"relations":[{"operator":false,"rules":[{"operator":"AND","rules":{"cl_field":"select_968d3b7edb7062","cl_relation":"is","cl_val":"Toddler Short Sleeve - Boy\/Girl"}}]}],"values":[{"label":"2T","value":"2T","selected":false,"tempId":"aco_2688","gt_translate_keys":["label"]},{"label":"3T","value":"3T","selected":false,"tempId":"aco_2689","gt_translate_keys":["label"]},{"label":"4T","value":"4T","selected":false,"tempId":"aco_3167","gt_translate_keys":["label"]},{"label":"5T \/ 6T","value":"5T \/ 6T","selected":false,"tempId":"aco_3267","gt_translate_keys":["label"]}],"priceOptions":"different_for_all","pricingType":"multiply","price":"","cl_rule":"show","col":6,"type":"select","error":false,"gt_translate_keys":["label","placeholder"],"price_dependency":false,"cl_dependency":false,"value":""}],[{"active":true,"col":6,"relations":[{"operator":false,"rules":[{"operator":false,"rules":{"cl_field":"select_968d3b7edb7062","cl_relation":"is","cl_val":"Toddler Short Sleeve - Boy\/Girl"}}]}],"cl_rule":"show","enableCl":true,"price":"","enablePrice":false,"className":"","label_position":"default","desc_position":"default","type":"color-group","required":true,"elementId":"color-group_068d3b7edb70b1","label":"Select t-shirt color","name":"color-group_068d3b7edb70b1","disp_type":"squircle","values":[{"label":"Black","value":"Black","selected":true,"color":"#000000","tempId":"aco_3703","gt_translate_keys":["label"]},{"label":"White","value":"White","selected":false,"color":"#ffffff","tempId":"aco_3704","gt_translate_keys":["label"]}],"layOut":"inline","error":false,"gt_translate_keys":["label"],"price_dependency":false,"cl_dependency":false,"value":""}],[{"label":"Select t-shirt color","active":true,"required":true,"elementId":"color-group_568d3b7edb70c4","name":"color-group_568d3b7edb70c4","label_position":"default","desc_position":"default","enablePrice":false,"className":"","enableCl":true,"relations":[{"operator":false,"rules":[{"operator":"or","rules":{"cl_field":"select_968d3b7edb7062","cl_relation":"is","cl_val":"Adult Short Sleeve - Men\/Women"}},{"operator":"AND","rules":{"cl_field":"select_968d3b7edb7062","cl_relation":"is","cl_val":"Kids Short Sleeve - Boy\/Girl"}}]}],"layOut":"inline","disp_type":"squircle","values":[{"label":"Black","value":"Black","selected":true,"color":"#000000","tempId":"aco_3703","gt_translate_keys":["label"]},{"label":"White","value":"White","selected":false,"color":"#ffffff","tempId":"aco_3704","gt_translate_keys":["label"]},{"label":"Navy","value":"Navy","selected":false,"color":"#374286","tempId":"aco_3705","gt_translate_keys":["label"]},{"label":"Red","value":"Red","selected":false,"color":"#d0021b","tempId":"aco_3856","gt_translate_keys":["label"]}],"price":"","cl_rule":"show","col":6,"type":"color-group","error":false,"gt_translate_keys":["label"],"price_dependency":false,"cl_dependency":false,"value":""}],[{"active":true,"col":6,"relations":[{"operator":false,"rules":[{"operator":"AND","rules":{"cl_field":"select_10672e0ddf1d2a9","cl_relation":"is_empty","cl_val":true}}]}],"cl_rule":"hide","enableCl":true,"price":"","enablePrice":false,"className":"File-pet","label_position":"default","desc_position":"default","type":"file","required":false,"elementId":"file_468d3b7edb70d4","name":"file_468d3b7edb70d4","label":"Upload your photo(s)","upload_type":"droppable","uploadSize":"50","file_types":["images","docs","design"],"exts_supported":[],"error":false,"hideImageIn_email":false,"multiple_upload":true,"max_file_count":"25","tooltip":"Please provide clear photos of the person or pet looking directly at the camera.","placeholder":"Choose Photos","enableDesign":false,"mapToCheckout":false,"allowedFileTypes":"image\/*,.doc,.docx,.xml,.dot,.docm,.dotm,.dotx,.htm,.html,.odt,.pdf,.rtf,.txt,.wps,.xps,application\/msword,application\/vnd,.psd,.eps,.ai,.indd,.raw","gt_translate_keys":["label","placeholder","tooltip"],"price_dependency":false,"cl_dependency":false,"value":""}],[{"active":true,"col":6,"relations":[{"operator":false,"rules":[{"operator":"AND","rules":{"cl_field":"select_10672e0ddf1d2a9","cl_relation":"is_empty","cl_val":""}}]}],"cl_rule":"hide","enableCl":true,"price":"","enablePrice":false,"className":"","label_position":"default","desc_position":"default","type":"text","subtype":"text","required":false,"elementId":"text_168d3b7edb70e3","label":"Add text to your T-shirt design (optional)","name":"text_168d3b7edb70e3","value":"","error":false,"tooltip":"Your text will be added to the bottom of the T-shirt design","placeholder":"Write a Name or a sentence","gt_translate_keys":["label","placeholder","value","tooltip"],"price_dependency":false,"cl_dependency":false}],[{"active":true,"col":6,"relations":[{"operator":false,"rules":[{"operator":"AND","rules":{"cl_field":"select_10672e0ddf1d2a9","cl_relation":"is_empty","cl_val":""}}]}],"cl_rule":"hide","enableCl":true,"price":"","enablePrice":false,"className":"","label_position":"default","desc_position":"default","type":"radio-group","required":true,"elementId":"radio-group_1068d3b7edb70f8","label":"Select t-shirt print location","name":"radio-group_1068d3b7edb70f8","values":[{"label":"Front Side","value":"Front Side","selected":true,"tempId":"aco_5504","gt_translate_keys":["label"]},{"label":"Back Side","value":"Back Side","selected":false,"tempId":"aco_5505","gt_translate_keys":["label"]}],"layOut":"inline","error":false,"checkUi":"","gt_translate_keys":["label"],"price_dependency":false,"cl_dependency":false,"value":""}],[{"active":true,"col":6,"relations":[{"operator":false,"rules":[{"operator":"AND","rules":{"cl_field":"select_10672e0ddf1d2a9","cl_relation":"is_empty","cl_val":""}}]}],"cl_rule":"hide","enableCl":true,"price":"","enablePrice":false,"className":"","label_position":"default","desc_position":"default","type":"radio-group","required":false,"elementId":"radio-group_1068d3b7edb710b","label":"Would you like to review the design before printing?","name":"radio-group_1068d3b7edb710b","values":[{"label":"No","value":"No","selected":true,"tempId":"aco_6274","gt_translate_keys":["label"]},{"label":"Yes","value":"Yes","selected":false,"tempId":"aco_6275","price":"","gt_translate_keys":["label"]}],"layOut":"inline","error":false,"checkUi":"","priceOptions":"different_for_all","pricingType":"fixed","use_as_fee":false,"fee_label":"Preview Image","tooltip":"If yes, we\u2019ll email you a preview of the design before printing. This may add 1-2 days to delivery time.*","gt_translate_keys":["label","tooltip"],"price_dependency":false,"cl_dependency":["content_768d3b7edb711c"],"value":""}],[{"active":true,"col":6,"relations":[{"operator":false,"rules":[{"operator":"AND","rules":{"cl_field":"radio-group_1068d3b7edb710b","cl_relation":"is","cl_val":"Yes"}}]}],"cl_rule":"show","enableCl":true,"price":"","enablePrice":false,"className":"","label_position":"default","desc_position":"default","type":"content","required":false,"elementId":"content_768d3b7edb711c","label":"","name":"content_768d3b7edb711c","contentType":"plain","value":"Please check your inbox, including Spam or other folders, within 1-2 business days for the preview image","error":false,"subtype":"p","gt_translate_keys":["label","value"],"price_dependency":false,"cl_dependency":false}]]}},"config":{"price_override":"","enable_recaptcha":false,"bind_quantity":false,"quantity_bind_formula":false,"disp_summ_show_option_price":false,"disp_summ_show_product_price":false,"disp_summ_show_total_price":false,"disp_summ_show_fee":false,"disp_summ_show_discount":false,"summary_title":"","options_total_label":"Options Price","total_label":"Total","options_product_label":"Product Price","fee_label":"Fee","discount_label":"Discount","has_price":true,"has_quantity_formula":false},"mc_unit":1,"tax_rate":1,"tax_rate_real":0,"discount":{"percentage":0,"fixed":0},"design":{"conf":{"LabelPosition":"above","DescPosition":"above","UploadField":"default","QuantityFieldStyle":"default"},"css":{"LeftLabelWidth":"120px"}},"formulas":[],"clones":false,"cartKey":false}},"_links":{"self":[{"href":"https:\/\/www.customywear.com\/hu\/wp-json\/wp\/v2\/product\/133683","targetHints":{"allow":["GET"]}}],"collection":[{"href":"https:\/\/www.customywear.com\/hu\/wp-json\/wp\/v2\/product"}],"about":[{"href":"https:\/\/www.customywear.com\/hu\/wp-json\/wp\/v2\/types\/product"}],"replies":[{"embeddable":true,"href":"https:\/\/www.customywear.com\/hu\/wp-json\/wp\/v2\/comments?post=133683"}],"wp:featuredmedia":[{"embeddable":true,"href":"https:\/\/www.customywear.com\/hu\/wp-json\/wp\/v2\/media\/133862"}],"wp:attachment":[{"href":"https:\/\/www.customywear.com\/hu\/wp-json\/wp\/v2\/media?parent=133683"}],"wp:term":[{"taxonomy":"product_brand","embeddable":true,"href":"https:\/\/www.customywear.com\/hu\/wp-json\/wp\/v2\/product_brand?post=133683"},{"taxonomy":"product_cat","embeddable":true,"href":"https:\/\/www.customywear.com\/hu\/wp-json\/wp\/v2\/product_cat?post=133683"},{"taxonomy":"product_tag","embeddable":true,"href":"https:\/\/www.customywear.com\/hu\/wp-json\/wp\/v2\/product_tag?post=133683"}],"curies":[{"name":"wp","href":"https:\/\/api.w.org\/{rel}","templated":true}]}}